{"id":19310,"date":"2025-03-17T15:04:14","date_gmt":"2025-03-17T14:04:14","guid":{"rendered":"https:\/\/fedrs.eu\/shop\/fedrs-ice-cool-mint-hard-limited-edition\/"},"modified":"2025-10-01T10:19:24","modified_gmt":"2025-10-01T08:19:24","slug":"fedrs-ice-cool-mint-hard-limited-edition","status":"publish","type":"product","link":"https:\/\/fedrs.eu\/cs\/shop\/fedrs-ice-cool-mint-hard-limited-edition\/","title":{"rendered":"FEDRS Ice Cool Mint Hard Limited Edition"},"content":{"rendered":"<p>FEDRS Ice Cool Mint Hard Limited Edition nab\u00edz\u00ed dlouhotrvaj\u00edc\u00ed v\u016fni osv\u011b\u017euj\u00edc\u00ed m\u00e1ty. Uvnit\u0159 t\u011bchto s\u00e1\u010dk\u016f najdete z\u00e1\u0159iv\u00e9 t\u00f3ny horsk\u00fdch bylin, kter\u00e9 v\u00e1m dodaj\u00ed energii a osv\u011b\u017euj\u00edc\u00ed pocit. P\u0159ijm\u011bte v\u00fdzvu! Tato p\u0159\u00edchu\u0165 kombinuje mentol a m\u00e1tu peprnou pro skute\u010dn\u011b osv\u011b\u017euj\u00edc\u00ed z\u00e1\u017eitek. Vdechn\u011bte p\u0159\u00edval ledov\u00e9ho chladu, po kter\u00e9m n\u00e1sleduje sladk\u00fd a jemn\u00fd m\u00e1tov\u00fd v\u00fddech. Tato robustn\u00ed p\u0159\u00edchu\u0165 obstoj\u00ed sama o sob\u011b, tak\u017ee se d\u00edky infuzi sv\u011b\u017eesti, m\u00e1tov\u00e9mu podt\u00f3nu a nezam\u011bniteln\u00e9mu mentolov\u00e9mu chladu skv\u011ble hod\u00ed pro ka\u017edodenn\u00ed rutinu.     <\/p>\n","protected":false},"excerpt":{"rendered":"<p>FEDRS Ice Cool Mint Hard Limited Edition nab\u00edz\u00ed dlouhotrvaj\u00edc\u00ed v\u016fni osv\u011b\u017euj\u00edc\u00ed m\u00e1ty. Uvnit\u0159 t\u011bchto s\u00e1\u010dk\u016f najdete z\u00e1\u0159iv\u00e9 t\u00f3ny horsk\u00fdch bylin, kter\u00e9 v\u00e1m dodaj\u00ed energii a osv\u011b\u017euj\u00edc\u00ed<span class=\"excerpt-hellip\"> [\u2026]<\/span><\/p>\n","protected":false},"featured_media":19299,"comment_status":"open","ping_status":"closed","template":"","meta":{"googlesitekit_rrm_CAowmrG7DA:productID":""},"product_brand":[],"product_cat":[543,568,673,610,817,605],"product_tag":[],"class_list":{"0":"post-19310","1":"product","2":"type-product","3":"status-publish","4":"has-post-thumbnail","6":"product_cat-65-mg-g-cs","7":"product_cat-fedrs-ice-cool-hard-cs","8":"product_cat-hit-cs","9":"product_cat-mata-a-mentol","10":"product_cat-nikotinove-sacky","11":"product_cat-novinka","13":"first","14":"instock","15":"taxable","16":"shipping-taxable","17":"product-type-variable","18":"has-default-attributes"},"yoast_head":"<!-- This site is optimized with the Yoast SEO Premium plugin v26.5 (Yoast SEO v27.2) - https:\/\/yoast.com\/product\/yoast-seo-premium-wordpress\/ -->\n<title>FEDRS Mint Hard Limited Edition - 65mg<\/title>\n<meta name=\"description\" content=\"FEDRS Mint Hard Limited Edition - 65 mg. Velmi siln\u00fd nikotinov\u00fd n\u00e1boj s ledov\u00fdm m\u00e1tov\u00fdm n\u00e1dechem. Doprava se vypo\u010d\u00edt\u00e1 p\u0159i objedn\u00e1vce\" \/>\n<meta name=\"robots\" content=\"index, follow, max-snippet:-1, max-image-preview:large, max-video-preview:-1\" \/>\n<link rel=\"canonical\" href=\"https:\/\/fedrs.eu\/cs\/shop\/fedrs-ice-cool-mint-hard-limited-edition\/\" \/>\n<meta property=\"og:locale\" content=\"cs_CZ\" \/>\n<meta property=\"og:type\" content=\"article\" \/>\n<meta property=\"og:title\" content=\"FEDRS Ice Cool Mint Hard Limited Edition\" \/>\n<meta property=\"og:description\" content=\"FEDRS Mint Hard Limited Edition - 65 mg. Velmi siln\u00fd nikotinov\u00fd n\u00e1boj s ledov\u00fdm m\u00e1tov\u00fdm n\u00e1dechem. Doprava se vypo\u010d\u00edt\u00e1 p\u0159i objedn\u00e1vce\" \/>\n<meta property=\"og:url\" content=\"https:\/\/fedrs.eu\/cs\/shop\/fedrs-ice-cool-mint-hard-limited-edition\/\" \/>\n<meta property=\"og:site_name\" content=\"fedrs.eu\" \/>\n<meta property=\"article:modified_time\" content=\"2025-10-01T08:19:24+00:00\" \/>\n<meta property=\"og:image\" content=\"https:\/\/fedrs.eu\/wp-content\/uploads\/2025\/03\/limited_edition.png\" \/>\n\t<meta property=\"og:image:width\" content=\"1000\" \/>\n\t<meta property=\"og:image:height\" content=\"1000\" \/>\n\t<meta property=\"og:image:type\" content=\"image\/png\" \/>\n<meta name=\"twitter:card\" content=\"summary_large_image\" \/>\n<meta name=\"twitter:label1\" content=\"Dostupnost\" \/>\n\t<meta name=\"twitter:data1\" content=\"Skladem\" \/>\n<script type=\"application\/ld+json\" class=\"yoast-schema-graph\">{\"@context\":\"https:\/\/schema.org\",\"@graph\":[{\"@type\":\"WebPage\",\"@id\":\"https:\/\/fedrs.eu\/cs\/shop\/fedrs-ice-cool-mint-hard-limited-edition\/\",\"url\":\"https:\/\/fedrs.eu\/cs\/shop\/fedrs-ice-cool-mint-hard-limited-edition\/\",\"name\":\"FEDRS Mint Hard Limited Edition - 65mg\",\"isPartOf\":{\"@id\":\"https:\/\/fedrs.eu\/cs\/#website\"},\"primaryImageOfPage\":{\"@id\":\"https:\/\/fedrs.eu\/cs\/shop\/fedrs-ice-cool-mint-hard-limited-edition\/#primaryimage\"},\"image\":{\"@id\":\"https:\/\/fedrs.eu\/cs\/shop\/fedrs-ice-cool-mint-hard-limited-edition\/#primaryimage\"},\"thumbnailUrl\":\"https:\/\/fedrs.eu\/wp-content\/uploads\/2025\/03\/limited_edition.png\",\"datePublished\":\"2025-03-17T14:04:14+00:00\",\"dateModified\":\"2025-10-01T08:19:24+00:00\",\"description\":\"FEDRS Mint Hard Limited Edition - 65 mg. Velmi siln\u00fd nikotinov\u00fd n\u00e1boj s ledov\u00fdm m\u00e1tov\u00fdm n\u00e1dechem. Doprava se vypo\u010d\u00edt\u00e1 p\u0159i objedn\u00e1vce\",\"breadcrumb\":{\"@id\":\"https:\/\/fedrs.eu\/cs\/shop\/fedrs-ice-cool-mint-hard-limited-edition\/#breadcrumb\"},\"inLanguage\":\"cs\",\"potentialAction\":[{\"@type\":\"ReadAction\",\"target\":[\"https:\/\/fedrs.eu\/cs\/shop\/fedrs-ice-cool-mint-hard-limited-edition\/\"]}]},{\"@type\":\"ImageObject\",\"inLanguage\":\"cs\",\"@id\":\"https:\/\/fedrs.eu\/cs\/shop\/fedrs-ice-cool-mint-hard-limited-edition\/#primaryimage\",\"url\":\"https:\/\/fedrs.eu\/wp-content\/uploads\/2025\/03\/limited_edition.png\",\"contentUrl\":\"https:\/\/fedrs.eu\/wp-content\/uploads\/2025\/03\/limited_edition.png\",\"width\":1000,\"height\":1000},{\"@type\":\"BreadcrumbList\",\"@id\":\"https:\/\/fedrs.eu\/cs\/shop\/fedrs-ice-cool-mint-hard-limited-edition\/#breadcrumb\",\"itemListElement\":[{\"@type\":\"ListItem\",\"position\":1,\"name\":\"Home\",\"item\":\"https:\/\/fedrs.eu\/cs\/\"},{\"@type\":\"ListItem\",\"position\":2,\"name\":\"Obchod\",\"item\":\"https:\/\/fedrs.eu\/cs\/shop\/\"},{\"@type\":\"ListItem\",\"position\":3,\"name\":\"FEDRS Ice Cool Mint Hard Limited Edition\"}]},{\"@type\":\"WebSite\",\"@id\":\"https:\/\/fedrs.eu\/cs\/#website\",\"url\":\"https:\/\/fedrs.eu\/cs\/\",\"name\":\"fedrs.eu\",\"description\":\"\",\"publisher\":{\"@id\":\"https:\/\/fedrs.eu\/cs\/#organization\"},\"potentialAction\":[{\"@type\":\"SearchAction\",\"target\":{\"@type\":\"EntryPoint\",\"urlTemplate\":\"https:\/\/fedrs.eu\/cs\/?s={search_term_string}\"},\"query-input\":{\"@type\":\"PropertyValueSpecification\",\"valueRequired\":true,\"valueName\":\"search_term_string\"}}],\"inLanguage\":\"cs\"},{\"@type\":\"Organization\",\"@id\":\"https:\/\/fedrs.eu\/cs\/#organization\",\"name\":\"Fedrs sp.z o.o\",\"url\":\"https:\/\/fedrs.eu\/cs\/\",\"logo\":{\"@type\":\"ImageObject\",\"inLanguage\":\"cs\",\"@id\":\"https:\/\/fedrs.eu\/cs\/#\/schema\/logo\/image\/\",\"url\":\"https:\/\/fedrs.eu\/wp-content\/uploads\/2024\/12\/image-52.png\",\"contentUrl\":\"https:\/\/fedrs.eu\/wp-content\/uploads\/2024\/12\/image-52.png\",\"width\":97,\"height\":30,\"caption\":\"Fedrs sp.z o.o\"},\"image\":{\"@id\":\"https:\/\/fedrs.eu\/cs\/#\/schema\/logo\/image\/\"},\"publishingPrinciples\":\"https:\/\/fedrs.eu\/terms-and-conditions\/\"}]}<\/script>\n<meta property=\"product:brand\" content=\"FEDRS Ice Cool Hard\" \/>\n<meta property=\"og:availability\" content=\"instock\" \/>\n<meta property=\"product:availability\" content=\"instock\" \/>\n<meta property=\"product:condition\" content=\"new\" \/>\n<!-- \/ Yoast SEO Premium plugin. -->","yoast_head_json":{"title":"FEDRS Mint Hard Limited Edition - 65mg","description":"FEDRS Mint Hard Limited Edition - 65 mg. Velmi siln\u00fd nikotinov\u00fd n\u00e1boj s ledov\u00fdm m\u00e1tov\u00fdm n\u00e1dechem. Doprava se vypo\u010d\u00edt\u00e1 p\u0159i objedn\u00e1vce","robots":{"index":"index","follow":"follow","max-snippet":"max-snippet:-1","max-image-preview":"max-image-preview:large","max-video-preview":"max-video-preview:-1"},"canonical":"https:\/\/fedrs.eu\/cs\/shop\/fedrs-ice-cool-mint-hard-limited-edition\/","og_locale":"cs_CZ","og_type":"article","og_title":"FEDRS Ice Cool Mint Hard Limited Edition","og_description":"FEDRS Mint Hard Limited Edition - 65 mg. Velmi siln\u00fd nikotinov\u00fd n\u00e1boj s ledov\u00fdm m\u00e1tov\u00fdm n\u00e1dechem. Doprava se vypo\u010d\u00edt\u00e1 p\u0159i objedn\u00e1vce","og_url":"https:\/\/fedrs.eu\/cs\/shop\/fedrs-ice-cool-mint-hard-limited-edition\/","og_site_name":"fedrs.eu","article_modified_time":"2025-10-01T08:19:24+00:00","og_image":[{"width":1000,"height":1000,"url":"https:\/\/fedrs.eu\/wp-content\/uploads\/2025\/03\/limited_edition.png","type":"image\/png"}],"twitter_card":"summary_large_image","twitter_misc":{"Dostupnost":"Skladem"},"schema":{"@context":"https:\/\/schema.org","@graph":[{"@type":"WebPage","@id":"https:\/\/fedrs.eu\/cs\/shop\/fedrs-ice-cool-mint-hard-limited-edition\/","url":"https:\/\/fedrs.eu\/cs\/shop\/fedrs-ice-cool-mint-hard-limited-edition\/","name":"FEDRS Mint Hard Limited Edition - 65mg","isPartOf":{"@id":"https:\/\/fedrs.eu\/cs\/#website"},"primaryImageOfPage":{"@id":"https:\/\/fedrs.eu\/cs\/shop\/fedrs-ice-cool-mint-hard-limited-edition\/#primaryimage"},"image":{"@id":"https:\/\/fedrs.eu\/cs\/shop\/fedrs-ice-cool-mint-hard-limited-edition\/#primaryimage"},"thumbnailUrl":"https:\/\/fedrs.eu\/wp-content\/uploads\/2025\/03\/limited_edition.png","datePublished":"2025-03-17T14:04:14+00:00","dateModified":"2025-10-01T08:19:24+00:00","description":"FEDRS Mint Hard Limited Edition - 65 mg. Velmi siln\u00fd nikotinov\u00fd n\u00e1boj s ledov\u00fdm m\u00e1tov\u00fdm n\u00e1dechem. Doprava se vypo\u010d\u00edt\u00e1 p\u0159i objedn\u00e1vce","breadcrumb":{"@id":"https:\/\/fedrs.eu\/cs\/shop\/fedrs-ice-cool-mint-hard-limited-edition\/#breadcrumb"},"inLanguage":"cs","potentialAction":[{"@type":"ReadAction","target":["https:\/\/fedrs.eu\/cs\/shop\/fedrs-ice-cool-mint-hard-limited-edition\/"]}]},{"@type":"ImageObject","inLanguage":"cs","@id":"https:\/\/fedrs.eu\/cs\/shop\/fedrs-ice-cool-mint-hard-limited-edition\/#primaryimage","url":"https:\/\/fedrs.eu\/wp-content\/uploads\/2025\/03\/limited_edition.png","contentUrl":"https:\/\/fedrs.eu\/wp-content\/uploads\/2025\/03\/limited_edition.png","width":1000,"height":1000},{"@type":"BreadcrumbList","@id":"https:\/\/fedrs.eu\/cs\/shop\/fedrs-ice-cool-mint-hard-limited-edition\/#breadcrumb","itemListElement":[{"@type":"ListItem","position":1,"name":"Home","item":"https:\/\/fedrs.eu\/cs\/"},{"@type":"ListItem","position":2,"name":"Obchod","item":"https:\/\/fedrs.eu\/cs\/shop\/"},{"@type":"ListItem","position":3,"name":"FEDRS Ice Cool Mint Hard Limited Edition"}]},{"@type":"WebSite","@id":"https:\/\/fedrs.eu\/cs\/#website","url":"https:\/\/fedrs.eu\/cs\/","name":"fedrs.eu","description":"","publisher":{"@id":"https:\/\/fedrs.eu\/cs\/#organization"},"potentialAction":[{"@type":"SearchAction","target":{"@type":"EntryPoint","urlTemplate":"https:\/\/fedrs.eu\/cs\/?s={search_term_string}"},"query-input":{"@type":"PropertyValueSpecification","valueRequired":true,"valueName":"search_term_string"}}],"inLanguage":"cs"},{"@type":"Organization","@id":"https:\/\/fedrs.eu\/cs\/#organization","name":"Fedrs sp.z o.o","url":"https:\/\/fedrs.eu\/cs\/","logo":{"@type":"ImageObject","inLanguage":"cs","@id":"https:\/\/fedrs.eu\/cs\/#\/schema\/logo\/image\/","url":"https:\/\/fedrs.eu\/wp-content\/uploads\/2024\/12\/image-52.png","contentUrl":"https:\/\/fedrs.eu\/wp-content\/uploads\/2024\/12\/image-52.png","width":97,"height":30,"caption":"Fedrs sp.z o.o"},"image":{"@id":"https:\/\/fedrs.eu\/cs\/#\/schema\/logo\/image\/"},"publishingPrinciples":"https:\/\/fedrs.eu\/terms-and-conditions\/"}]},"product_brand":"FEDRS Ice Cool Hard","og_availability":"instock","product_availability":"instock","product_condition":"new"},"_links":{"self":[{"href":"https:\/\/fedrs.eu\/cs\/wp-json\/wp\/v2\/product\/19310","targetHints":{"allow":["GET"]}}],"collection":[{"href":"https:\/\/fedrs.eu\/cs\/wp-json\/wp\/v2\/product"}],"about":[{"href":"https:\/\/fedrs.eu\/cs\/wp-json\/wp\/v2\/types\/product"}],"replies":[{"embeddable":true,"href":"https:\/\/fedrs.eu\/cs\/wp-json\/wp\/v2\/comments?post=19310"}],"wp:featuredmedia":[{"embeddable":true,"href":"https:\/\/fedrs.eu\/cs\/wp-json\/wp\/v2\/media\/19299"}],"wp:attachment":[{"href":"https:\/\/fedrs.eu\/cs\/wp-json\/wp\/v2\/media?parent=19310"}],"wp:term":[{"taxonomy":"product_brand","embeddable":true,"href":"https:\/\/fedrs.eu\/cs\/wp-json\/wp\/v2\/product_brand?post=19310"},{"taxonomy":"product_cat","embeddable":true,"href":"https:\/\/fedrs.eu\/cs\/wp-json\/wp\/v2\/product_cat?post=19310"},{"taxonomy":"product_tag","embeddable":true,"href":"https:\/\/fedrs.eu\/cs\/wp-json\/wp\/v2\/product_tag?post=19310"}],"curies":[{"name":"wp","href":"https:\/\/api.w.org\/{rel}","templated":true}]}}