{"id":18517,"date":"2024-11-17T21:38:15","date_gmt":"2024-11-17T21:38:15","guid":{"rendered":"https:\/\/fedrs.eu\/shop\/fedrs-ice-cool-hard-cola-vanilla\/"},"modified":"2025-09-03T23:31:21","modified_gmt":"2025-09-03T21:31:21","slug":"fedrs-ice-cool-hard-cola-vanilla","status":"publish","type":"product","link":"https:\/\/fedrs.eu\/cs\/shop\/fedrs-ice-cool-hard-cola-vanilla\/","title":{"rendered":"FEDRS Ice Cool Hard Cola Vanilla"},"content":{"rendered":"<p>Psshhhh! U\u017e sly\u0161\u00edte ten legend\u00e1rn\u00ed a fascinuj\u00edc\u00ed zvuk otev\u00edraj\u00edc\u00ed se plechovky s limon\u00e1dou? Plechovka kolov\u00e9 p\u0159\u00edchuti FEDRS se otev\u00edr\u00e1 stejn\u011b vzru\u0161uj\u00edc\u00edm zp\u016fsobem! FEDRS Ice Cool Hard Cola Vanilla je jako dokonal\u00e1 sladkost z retro lahve coly s l\u00e1kavou sladkou chut\u00ed coly a jemn\u00fdmi vanilkov\u00fdmi odst\u00edny. Vyzkou\u0161\u00edte ji? Ano, a ur\u010dit\u011b na sebe nevylijete ani kapku! Prot\u0159epejte si ji, jak jen budete cht\u00edt!      <\/p>\n","protected":false},"excerpt":{"rendered":"<div class=\"descrip_p\">\n<div class=\"product-pstyle\"><\/div>\n<p>Z\u016fsta\u0148te na \u00farovni se sv\u00fdm obl\u00edben\u00fdm star\u00fdm dobr\u00fdm vkusem!<\/p>\n<\/div>\n","protected":false},"featured_media":3212,"comment_status":"open","ping_status":"closed","template":"","meta":{"googlesitekit_rrm_CAowmrG7DA:productID":""},"product_brand":[],"product_cat":[543,568,616,817],"product_tag":[],"class_list":{"0":"post-18517","1":"product","2":"type-product","3":"status-publish","4":"has-post-thumbnail","6":"product_cat-65-mg-g-cs","7":"product_cat-fedrs-ice-cool-hard-cs","8":"product_cat-napoje-cs","9":"product_cat-nikotinove-sacky","11":"first","12":"instock","13":"taxable","14":"shipping-taxable","15":"product-type-variable","16":"has-default-attributes"},"yoast_head":"<!-- This site is optimized with the Yoast SEO Premium plugin v26.5 (Yoast SEO v27.3) - https:\/\/yoast.com\/product\/yoast-seo-premium-wordpress\/ -->\n<title>FEDRS Ice Cool Hard Cola Vanilla - 65 mg nikotinov\u00fdch s\u00e1\u010dk\u016f<\/title>\n<meta name=\"description\" content=\"Vychutnejte si dokonalou sm\u011bs v\u00fdrazn\u00e9 koly a jemn\u00e9 vanilky v nikotinov\u00fdch s\u00e1\u010dc\u00edch FEDRS Ice Cool Hard Cola Vanilla. Obsahuj\u00ed 65 mg nikotinu. Ide\u00e1ln\u00ed!\" \/>\n<meta name=\"robots\" content=\"index, follow, max-snippet:-1, max-image-preview:large, max-video-preview:-1\" \/>\n<link rel=\"canonical\" href=\"https:\/\/fedrs.eu\/cs\/shop\/fedrs-ice-cool-hard-cola-vanilla\/\" \/>\n<meta property=\"og:locale\" content=\"cs_CZ\" \/>\n<meta property=\"og:type\" content=\"article\" \/>\n<meta property=\"og:title\" content=\"FEDRS Ice Cool Hard Cola Vanilla\" \/>\n<meta property=\"og:description\" content=\"Vychutnejte si dokonalou sm\u011bs v\u00fdrazn\u00e9 koly a jemn\u00e9 vanilky v nikotinov\u00fdch s\u00e1\u010dc\u00edch FEDRS Ice Cool Hard Cola Vanilla. Obsahuj\u00ed 65 mg nikotinu. Ide\u00e1ln\u00ed!\" \/>\n<meta property=\"og:url\" content=\"https:\/\/fedrs.eu\/cs\/shop\/fedrs-ice-cool-hard-cola-vanilla\/\" \/>\n<meta property=\"og:site_name\" content=\"fedrs.eu\" \/>\n<meta property=\"article:modified_time\" content=\"2025-09-03T21:31:21+00:00\" \/>\n<meta property=\"og:image\" content=\"https:\/\/fedrs.eu\/wp-content\/uploads\/2024\/11\/ColaVanillaHard0005-min.png\" \/>\n\t<meta property=\"og:image:width\" content=\"960\" \/>\n\t<meta property=\"og:image:height\" content=\"960\" \/>\n\t<meta property=\"og:image:type\" content=\"image\/png\" \/>\n<meta name=\"twitter:card\" content=\"summary_large_image\" \/>\n<meta name=\"twitter:label1\" content=\"Dostupnost\" \/>\n\t<meta name=\"twitter:data1\" content=\"Skladem\" \/>\n<script type=\"application\/ld+json\" class=\"yoast-schema-graph\">{\"@context\":\"https:\\\/\\\/schema.org\",\"@graph\":[{\"@type\":\"WebPage\",\"@id\":\"https:\\\/\\\/fedrs.eu\\\/cs\\\/shop\\\/fedrs-ice-cool-hard-cola-vanilla\\\/\",\"url\":\"https:\\\/\\\/fedrs.eu\\\/cs\\\/shop\\\/fedrs-ice-cool-hard-cola-vanilla\\\/\",\"name\":\"FEDRS Ice Cool Hard Cola Vanilla - 65 mg nikotinov\u00fdch s\u00e1\u010dk\u016f\",\"isPartOf\":{\"@id\":\"https:\\\/\\\/fedrs.eu\\\/cs\\\/#website\"},\"primaryImageOfPage\":{\"@id\":\"https:\\\/\\\/fedrs.eu\\\/cs\\\/shop\\\/fedrs-ice-cool-hard-cola-vanilla\\\/#primaryimage\"},\"image\":{\"@id\":\"https:\\\/\\\/fedrs.eu\\\/cs\\\/shop\\\/fedrs-ice-cool-hard-cola-vanilla\\\/#primaryimage\"},\"thumbnailUrl\":\"https:\\\/\\\/fedrs.eu\\\/wp-content\\\/uploads\\\/2024\\\/11\\\/ColaVanillaHard0005-min.png\",\"datePublished\":\"2024-11-17T21:38:15+00:00\",\"dateModified\":\"2025-09-03T21:31:21+00:00\",\"description\":\"Vychutnejte si dokonalou sm\u011bs v\u00fdrazn\u00e9 koly a jemn\u00e9 vanilky v nikotinov\u00fdch s\u00e1\u010dc\u00edch FEDRS Ice Cool Hard Cola Vanilla. Obsahuj\u00ed 65 mg nikotinu. Ide\u00e1ln\u00ed!\",\"breadcrumb\":{\"@id\":\"https:\\\/\\\/fedrs.eu\\\/cs\\\/shop\\\/fedrs-ice-cool-hard-cola-vanilla\\\/#breadcrumb\"},\"inLanguage\":\"cs\",\"potentialAction\":[{\"@type\":\"ReadAction\",\"target\":[\"https:\\\/\\\/fedrs.eu\\\/cs\\\/shop\\\/fedrs-ice-cool-hard-cola-vanilla\\\/\"]}]},{\"@type\":\"ImageObject\",\"inLanguage\":\"cs\",\"@id\":\"https:\\\/\\\/fedrs.eu\\\/cs\\\/shop\\\/fedrs-ice-cool-hard-cola-vanilla\\\/#primaryimage\",\"url\":\"https:\\\/\\\/fedrs.eu\\\/wp-content\\\/uploads\\\/2024\\\/11\\\/ColaVanillaHard0005-min.png\",\"contentUrl\":\"https:\\\/\\\/fedrs.eu\\\/wp-content\\\/uploads\\\/2024\\\/11\\\/ColaVanillaHard0005-min.png\",\"width\":960,\"height\":960},{\"@type\":\"BreadcrumbList\",\"@id\":\"https:\\\/\\\/fedrs.eu\\\/cs\\\/shop\\\/fedrs-ice-cool-hard-cola-vanilla\\\/#breadcrumb\",\"itemListElement\":[{\"@type\":\"ListItem\",\"position\":1,\"name\":\"Home\",\"item\":\"https:\\\/\\\/fedrs.eu\\\/cs\\\/\"},{\"@type\":\"ListItem\",\"position\":2,\"name\":\"Obchod\",\"item\":\"https:\\\/\\\/fedrs.eu\\\/cs\\\/shop\\\/\"},{\"@type\":\"ListItem\",\"position\":3,\"name\":\"FEDRS Ice Cool Hard Cola Vanilla\"}]},{\"@type\":\"WebSite\",\"@id\":\"https:\\\/\\\/fedrs.eu\\\/cs\\\/#website\",\"url\":\"https:\\\/\\\/fedrs.eu\\\/cs\\\/\",\"name\":\"fedrs.eu\",\"description\":\"\",\"publisher\":{\"@id\":\"https:\\\/\\\/fedrs.eu\\\/cs\\\/#organization\"},\"potentialAction\":[{\"@type\":\"SearchAction\",\"target\":{\"@type\":\"EntryPoint\",\"urlTemplate\":\"https:\\\/\\\/fedrs.eu\\\/cs\\\/?s={search_term_string}\"},\"query-input\":{\"@type\":\"PropertyValueSpecification\",\"valueRequired\":true,\"valueName\":\"search_term_string\"}}],\"inLanguage\":\"cs\"},{\"@type\":\"Organization\",\"@id\":\"https:\\\/\\\/fedrs.eu\\\/cs\\\/#organization\",\"name\":\"Fedrs sp.z o.o\",\"url\":\"https:\\\/\\\/fedrs.eu\\\/cs\\\/\",\"logo\":{\"@type\":\"ImageObject\",\"inLanguage\":\"cs\",\"@id\":\"https:\\\/\\\/fedrs.eu\\\/cs\\\/#\\\/schema\\\/logo\\\/image\\\/\",\"url\":\"https:\\\/\\\/fedrs.eu\\\/wp-content\\\/uploads\\\/2024\\\/12\\\/image-52.png\",\"contentUrl\":\"https:\\\/\\\/fedrs.eu\\\/wp-content\\\/uploads\\\/2024\\\/12\\\/image-52.png\",\"width\":97,\"height\":30,\"caption\":\"Fedrs sp.z o.o\"},\"image\":{\"@id\":\"https:\\\/\\\/fedrs.eu\\\/cs\\\/#\\\/schema\\\/logo\\\/image\\\/\"},\"publishingPrinciples\":\"https:\\\/\\\/fedrs.eu\\\/terms-and-conditions\\\/\"}]}<\/script>\n<meta property=\"product:brand\" content=\"FEDRS Ice Cool Hard\" \/>\n<meta property=\"og:availability\" content=\"instock\" \/>\n<meta property=\"product:availability\" content=\"instock\" \/>\n<meta property=\"product:retailer_item_id\" content=\"01003\" \/>\n<meta property=\"product:condition\" content=\"new\" \/>\n<!-- \/ Yoast SEO Premium plugin. -->","yoast_head_json":{"title":"FEDRS Ice Cool Hard Cola Vanilla - 65 mg nikotinov\u00fdch s\u00e1\u010dk\u016f","description":"Vychutnejte si dokonalou sm\u011bs v\u00fdrazn\u00e9 koly a jemn\u00e9 vanilky v nikotinov\u00fdch s\u00e1\u010dc\u00edch FEDRS Ice Cool Hard Cola Vanilla. Obsahuj\u00ed 65 mg nikotinu. Ide\u00e1ln\u00ed!","robots":{"index":"index","follow":"follow","max-snippet":"max-snippet:-1","max-image-preview":"max-image-preview:large","max-video-preview":"max-video-preview:-1"},"canonical":"https:\/\/fedrs.eu\/cs\/shop\/fedrs-ice-cool-hard-cola-vanilla\/","og_locale":"cs_CZ","og_type":"article","og_title":"FEDRS Ice Cool Hard Cola Vanilla","og_description":"Vychutnejte si dokonalou sm\u011bs v\u00fdrazn\u00e9 koly a jemn\u00e9 vanilky v nikotinov\u00fdch s\u00e1\u010dc\u00edch FEDRS Ice Cool Hard Cola Vanilla. Obsahuj\u00ed 65 mg nikotinu. Ide\u00e1ln\u00ed!","og_url":"https:\/\/fedrs.eu\/cs\/shop\/fedrs-ice-cool-hard-cola-vanilla\/","og_site_name":"fedrs.eu","article_modified_time":"2025-09-03T21:31:21+00:00","og_image":[{"width":960,"height":960,"url":"https:\/\/fedrs.eu\/wp-content\/uploads\/2024\/11\/ColaVanillaHard0005-min.png","type":"image\/png"}],"twitter_card":"summary_large_image","twitter_misc":{"Dostupnost":"Skladem"},"schema":{"@context":"https:\/\/schema.org","@graph":[{"@type":"WebPage","@id":"https:\/\/fedrs.eu\/cs\/shop\/fedrs-ice-cool-hard-cola-vanilla\/","url":"https:\/\/fedrs.eu\/cs\/shop\/fedrs-ice-cool-hard-cola-vanilla\/","name":"FEDRS Ice Cool Hard Cola Vanilla - 65 mg nikotinov\u00fdch s\u00e1\u010dk\u016f","isPartOf":{"@id":"https:\/\/fedrs.eu\/cs\/#website"},"primaryImageOfPage":{"@id":"https:\/\/fedrs.eu\/cs\/shop\/fedrs-ice-cool-hard-cola-vanilla\/#primaryimage"},"image":{"@id":"https:\/\/fedrs.eu\/cs\/shop\/fedrs-ice-cool-hard-cola-vanilla\/#primaryimage"},"thumbnailUrl":"https:\/\/fedrs.eu\/wp-content\/uploads\/2024\/11\/ColaVanillaHard0005-min.png","datePublished":"2024-11-17T21:38:15+00:00","dateModified":"2025-09-03T21:31:21+00:00","description":"Vychutnejte si dokonalou sm\u011bs v\u00fdrazn\u00e9 koly a jemn\u00e9 vanilky v nikotinov\u00fdch s\u00e1\u010dc\u00edch FEDRS Ice Cool Hard Cola Vanilla. Obsahuj\u00ed 65 mg nikotinu. Ide\u00e1ln\u00ed!","breadcrumb":{"@id":"https:\/\/fedrs.eu\/cs\/shop\/fedrs-ice-cool-hard-cola-vanilla\/#breadcrumb"},"inLanguage":"cs","potentialAction":[{"@type":"ReadAction","target":["https:\/\/fedrs.eu\/cs\/shop\/fedrs-ice-cool-hard-cola-vanilla\/"]}]},{"@type":"ImageObject","inLanguage":"cs","@id":"https:\/\/fedrs.eu\/cs\/shop\/fedrs-ice-cool-hard-cola-vanilla\/#primaryimage","url":"https:\/\/fedrs.eu\/wp-content\/uploads\/2024\/11\/ColaVanillaHard0005-min.png","contentUrl":"https:\/\/fedrs.eu\/wp-content\/uploads\/2024\/11\/ColaVanillaHard0005-min.png","width":960,"height":960},{"@type":"BreadcrumbList","@id":"https:\/\/fedrs.eu\/cs\/shop\/fedrs-ice-cool-hard-cola-vanilla\/#breadcrumb","itemListElement":[{"@type":"ListItem","position":1,"name":"Home","item":"https:\/\/fedrs.eu\/cs\/"},{"@type":"ListItem","position":2,"name":"Obchod","item":"https:\/\/fedrs.eu\/cs\/shop\/"},{"@type":"ListItem","position":3,"name":"FEDRS Ice Cool Hard Cola Vanilla"}]},{"@type":"WebSite","@id":"https:\/\/fedrs.eu\/cs\/#website","url":"https:\/\/fedrs.eu\/cs\/","name":"fedrs.eu","description":"","publisher":{"@id":"https:\/\/fedrs.eu\/cs\/#organization"},"potentialAction":[{"@type":"SearchAction","target":{"@type":"EntryPoint","urlTemplate":"https:\/\/fedrs.eu\/cs\/?s={search_term_string}"},"query-input":{"@type":"PropertyValueSpecification","valueRequired":true,"valueName":"search_term_string"}}],"inLanguage":"cs"},{"@type":"Organization","@id":"https:\/\/fedrs.eu\/cs\/#organization","name":"Fedrs sp.z o.o","url":"https:\/\/fedrs.eu\/cs\/","logo":{"@type":"ImageObject","inLanguage":"cs","@id":"https:\/\/fedrs.eu\/cs\/#\/schema\/logo\/image\/","url":"https:\/\/fedrs.eu\/wp-content\/uploads\/2024\/12\/image-52.png","contentUrl":"https:\/\/fedrs.eu\/wp-content\/uploads\/2024\/12\/image-52.png","width":97,"height":30,"caption":"Fedrs sp.z o.o"},"image":{"@id":"https:\/\/fedrs.eu\/cs\/#\/schema\/logo\/image\/"},"publishingPrinciples":"https:\/\/fedrs.eu\/terms-and-conditions\/"}]},"product_brand":"FEDRS Ice Cool Hard","og_availability":"instock","product_availability":"instock","product_retailer_item_id":"01003","product_condition":"new"},"_links":{"self":[{"href":"https:\/\/fedrs.eu\/cs\/wp-json\/wp\/v2\/product\/18517","targetHints":{"allow":["GET"]}}],"collection":[{"href":"https:\/\/fedrs.eu\/cs\/wp-json\/wp\/v2\/product"}],"about":[{"href":"https:\/\/fedrs.eu\/cs\/wp-json\/wp\/v2\/types\/product"}],"replies":[{"embeddable":true,"href":"https:\/\/fedrs.eu\/cs\/wp-json\/wp\/v2\/comments?post=18517"}],"wp:featuredmedia":[{"embeddable":true,"href":"https:\/\/fedrs.eu\/cs\/wp-json\/wp\/v2\/media\/3212"}],"wp:attachment":[{"href":"https:\/\/fedrs.eu\/cs\/wp-json\/wp\/v2\/media?parent=18517"}],"wp:term":[{"taxonomy":"product_brand","embeddable":true,"href":"https:\/\/fedrs.eu\/cs\/wp-json\/wp\/v2\/product_brand?post=18517"},{"taxonomy":"product_cat","embeddable":true,"href":"https:\/\/fedrs.eu\/cs\/wp-json\/wp\/v2\/product_cat?post=18517"},{"taxonomy":"product_tag","embeddable":true,"href":"https:\/\/fedrs.eu\/cs\/wp-json\/wp\/v2\/product_tag?post=18517"}],"curies":[{"name":"wp","href":"https:\/\/api.w.org\/{rel}","templated":true}]}}