{"id":18497,"date":"2024-11-17T21:36:47","date_gmt":"2024-11-17T21:36:47","guid":{"rendered":"https:\/\/fedrs.eu\/shop\/fedrs-ice-cool-hard-energy\/"},"modified":"2025-08-11T04:08:18","modified_gmt":"2025-08-11T02:08:18","slug":"fedrs-ice-cool-hard-energy","status":"publish","type":"product","link":"https:\/\/fedrs.eu\/cs\/shop\/fedrs-ice-cool-hard-energy\/","title":{"rendered":"FEDRS Ice Cool Hard Energy"},"content":{"rendered":"<p>Dodejte si energii t\u00edmto dokonal\u00fdm n\u00e1dechem chuti energetick\u00e9ho n\u00e1poje - tato autentick\u00e1 chu\u0165 limon\u00e1dy v\u00e1m zlep\u0161\u00ed n\u00e1ladu a dod\u00e1 energii. FEDRS Ice Cool Hard Energy je produkt pro znalce siln\u00fdch b\u00edl\u00fdch v\u00e1\u010dk\u016f, elektrizuj\u00edc\u00ed autentickou chut\u00ed energetick\u00e9ho n\u00e1poje, pod\u00e1van\u00e9ho za studena! Proto je ide\u00e1ln\u00ed pro ty, kte\u0159\u00ed znaj\u00ed v\u00fdrobky FEDRS. Vhodn\u00fd pro hleda\u010de vzru\u0161en\u00ed, kte\u0159\u00ed cht\u011bj\u00ed objevovat nov\u00e9 vlny pocit\u016f. FEDRS Ice Cool Hard Energy v\u00e1m pom\u016f\u017ee snadn\u011bji se probudit a okam\u017eit\u011b osv\u011b\u017eit mozek l\u00e9pe ne\u017e jak\u00fdkoli k\u00e1vov\u00fd n\u00e1poj - vyzkou\u0161ejte tuto p\u0159\u00edchu\u0165, pokud jste pln\u00ed energie a p\u0159ipraveni otev\u0159\u00edt nov\u00e9 obzory!<\/p>\n","protected":false},"excerpt":{"rendered":"<p>Dodejte si energii t\u00edmto dokonal\u00fdm n\u00e1dechem chuti energetick\u00e9ho n\u00e1poje - tato autentick\u00e1 chu\u0165 limon\u00e1dy v\u00e1m zlep\u0161\u00ed n\u00e1ladu a dod\u00e1 energii. FEDRS Ice Cool Hard Energy je<span class=\"excerpt-hellip\"> [\u2026]<\/span><\/p>\n","protected":false},"featured_media":3176,"comment_status":"open","ping_status":"closed","template":"","meta":{"googlesitekit_rrm_CAowmrG7DA:productID":""},"product_brand":[],"product_cat":[543,568,673,616,817],"product_tag":[],"class_list":{"0":"post-18497","1":"product","2":"type-product","3":"status-publish","4":"has-post-thumbnail","6":"product_cat-65-mg-g-cs","7":"product_cat-fedrs-ice-cool-hard-cs","8":"product_cat-hit-cs","9":"product_cat-napoje-cs","10":"product_cat-nikotinove-sacky","12":"first","13":"instock","14":"taxable","15":"shipping-taxable","16":"product-type-variable","17":"has-default-attributes"},"yoast_head":"<!-- This site is optimized with the Yoast SEO Premium plugin v26.5 (Yoast SEO v27.2) - https:\/\/yoast.com\/product\/yoast-seo-premium-wordpress\/ -->\n<title>FEDRS Ice Cool Hard Energy Nicotine Pouches (65 mg\/g)<\/title>\n<meta name=\"description\" content=\"Dodejte si energii s nikotinov\u00fdmi s\u00e1\u010dky FEDRS Ice Cool Hard Energy (65 mg\/g) s chladivou a autentickou p\u0159\u00edchut\u00ed energetick\u00e9ho n\u00e1poje.\" \/>\n<meta name=\"robots\" content=\"index, follow, max-snippet:-1, max-image-preview:large, max-video-preview:-1\" \/>\n<link rel=\"canonical\" href=\"https:\/\/fedrs.eu\/cs\/shop\/fedrs-ice-cool-hard-energy\/\" \/>\n<meta property=\"og:locale\" content=\"cs_CZ\" \/>\n<meta property=\"og:type\" content=\"article\" \/>\n<meta property=\"og:title\" content=\"FEDRS Ice Cool Hard Energy\" \/>\n<meta property=\"og:description\" content=\"Dodejte si energii s nikotinov\u00fdmi s\u00e1\u010dky FEDRS Ice Cool Hard Energy (65 mg\/g) s chladivou a autentickou p\u0159\u00edchut\u00ed energetick\u00e9ho n\u00e1poje.\" \/>\n<meta property=\"og:url\" content=\"https:\/\/fedrs.eu\/cs\/shop\/fedrs-ice-cool-hard-energy\/\" \/>\n<meta property=\"og:site_name\" content=\"fedrs.eu\" \/>\n<meta property=\"article:modified_time\" content=\"2025-08-11T02:08:18+00:00\" \/>\n<meta property=\"og:image\" content=\"https:\/\/fedrs.eu\/wp-content\/uploads\/2024\/11\/EnergyHard0005-min.png\" \/>\n\t<meta property=\"og:image:width\" content=\"960\" \/>\n\t<meta property=\"og:image:height\" content=\"960\" \/>\n\t<meta property=\"og:image:type\" content=\"image\/png\" \/>\n<meta name=\"twitter:card\" content=\"summary_large_image\" \/>\n<meta name=\"twitter:label1\" content=\"Dostupnost\" \/>\n\t<meta name=\"twitter:data1\" content=\"Skladem\" \/>\n<script type=\"application\/ld+json\" class=\"yoast-schema-graph\">{\"@context\":\"https:\/\/schema.org\",\"@graph\":[{\"@type\":\"WebPage\",\"@id\":\"https:\/\/fedrs.eu\/cs\/shop\/fedrs-ice-cool-hard-energy\/\",\"url\":\"https:\/\/fedrs.eu\/cs\/shop\/fedrs-ice-cool-hard-energy\/\",\"name\":\"FEDRS Ice Cool Hard Energy Nicotine Pouches (65 mg\/g)\",\"isPartOf\":{\"@id\":\"https:\/\/fedrs.eu\/cs\/#website\"},\"primaryImageOfPage\":{\"@id\":\"https:\/\/fedrs.eu\/cs\/shop\/fedrs-ice-cool-hard-energy\/#primaryimage\"},\"image\":{\"@id\":\"https:\/\/fedrs.eu\/cs\/shop\/fedrs-ice-cool-hard-energy\/#primaryimage\"},\"thumbnailUrl\":\"https:\/\/fedrs.eu\/wp-content\/uploads\/2024\/11\/EnergyHard0005-min.png\",\"datePublished\":\"2024-11-17T21:36:47+00:00\",\"dateModified\":\"2025-08-11T02:08:18+00:00\",\"description\":\"Dodejte si energii s nikotinov\u00fdmi s\u00e1\u010dky FEDRS Ice Cool Hard Energy (65 mg\/g) s chladivou a autentickou p\u0159\u00edchut\u00ed energetick\u00e9ho n\u00e1poje.\",\"breadcrumb\":{\"@id\":\"https:\/\/fedrs.eu\/cs\/shop\/fedrs-ice-cool-hard-energy\/#breadcrumb\"},\"inLanguage\":\"cs\",\"potentialAction\":[{\"@type\":\"ReadAction\",\"target\":[\"https:\/\/fedrs.eu\/cs\/shop\/fedrs-ice-cool-hard-energy\/\"]}]},{\"@type\":\"ImageObject\",\"inLanguage\":\"cs\",\"@id\":\"https:\/\/fedrs.eu\/cs\/shop\/fedrs-ice-cool-hard-energy\/#primaryimage\",\"url\":\"https:\/\/fedrs.eu\/wp-content\/uploads\/2024\/11\/EnergyHard0005-min.png\",\"contentUrl\":\"https:\/\/fedrs.eu\/wp-content\/uploads\/2024\/11\/EnergyHard0005-min.png\",\"width\":960,\"height\":960},{\"@type\":\"BreadcrumbList\",\"@id\":\"https:\/\/fedrs.eu\/cs\/shop\/fedrs-ice-cool-hard-energy\/#breadcrumb\",\"itemListElement\":[{\"@type\":\"ListItem\",\"position\":1,\"name\":\"Home\",\"item\":\"https:\/\/fedrs.eu\/cs\/\"},{\"@type\":\"ListItem\",\"position\":2,\"name\":\"Obchod\",\"item\":\"https:\/\/fedrs.eu\/cs\/shop\/\"},{\"@type\":\"ListItem\",\"position\":3,\"name\":\"FEDRS Ice Cool Hard Energy\"}]},{\"@type\":\"WebSite\",\"@id\":\"https:\/\/fedrs.eu\/cs\/#website\",\"url\":\"https:\/\/fedrs.eu\/cs\/\",\"name\":\"fedrs.eu\",\"description\":\"\",\"publisher\":{\"@id\":\"https:\/\/fedrs.eu\/cs\/#organization\"},\"potentialAction\":[{\"@type\":\"SearchAction\",\"target\":{\"@type\":\"EntryPoint\",\"urlTemplate\":\"https:\/\/fedrs.eu\/cs\/?s={search_term_string}\"},\"query-input\":{\"@type\":\"PropertyValueSpecification\",\"valueRequired\":true,\"valueName\":\"search_term_string\"}}],\"inLanguage\":\"cs\"},{\"@type\":\"Organization\",\"@id\":\"https:\/\/fedrs.eu\/cs\/#organization\",\"name\":\"Fedrs sp.z o.o\",\"url\":\"https:\/\/fedrs.eu\/cs\/\",\"logo\":{\"@type\":\"ImageObject\",\"inLanguage\":\"cs\",\"@id\":\"https:\/\/fedrs.eu\/cs\/#\/schema\/logo\/image\/\",\"url\":\"https:\/\/fedrs.eu\/wp-content\/uploads\/2024\/12\/image-52.png\",\"contentUrl\":\"https:\/\/fedrs.eu\/wp-content\/uploads\/2024\/12\/image-52.png\",\"width\":97,\"height\":30,\"caption\":\"Fedrs sp.z o.o\"},\"image\":{\"@id\":\"https:\/\/fedrs.eu\/cs\/#\/schema\/logo\/image\/\"},\"publishingPrinciples\":\"https:\/\/fedrs.eu\/terms-and-conditions\/\"}]}<\/script>\n<meta property=\"product:brand\" content=\"FEDRS Ice Cool Hard\" \/>\n<meta property=\"og:availability\" content=\"instock\" \/>\n<meta property=\"product:availability\" content=\"instock\" \/>\n<meta property=\"product:retailer_item_id\" content=\"01004\" \/>\n<meta property=\"product:condition\" content=\"new\" \/>\n<!-- \/ Yoast SEO Premium plugin. -->","yoast_head_json":{"title":"FEDRS Ice Cool Hard Energy Nicotine Pouches (65 mg\/g)","description":"Dodejte si energii s nikotinov\u00fdmi s\u00e1\u010dky FEDRS Ice Cool Hard Energy (65 mg\/g) s chladivou a autentickou p\u0159\u00edchut\u00ed energetick\u00e9ho n\u00e1poje.","robots":{"index":"index","follow":"follow","max-snippet":"max-snippet:-1","max-image-preview":"max-image-preview:large","max-video-preview":"max-video-preview:-1"},"canonical":"https:\/\/fedrs.eu\/cs\/shop\/fedrs-ice-cool-hard-energy\/","og_locale":"cs_CZ","og_type":"article","og_title":"FEDRS Ice Cool Hard Energy","og_description":"Dodejte si energii s nikotinov\u00fdmi s\u00e1\u010dky FEDRS Ice Cool Hard Energy (65 mg\/g) s chladivou a autentickou p\u0159\u00edchut\u00ed energetick\u00e9ho n\u00e1poje.","og_url":"https:\/\/fedrs.eu\/cs\/shop\/fedrs-ice-cool-hard-energy\/","og_site_name":"fedrs.eu","article_modified_time":"2025-08-11T02:08:18+00:00","og_image":[{"width":960,"height":960,"url":"https:\/\/fedrs.eu\/wp-content\/uploads\/2024\/11\/EnergyHard0005-min.png","type":"image\/png"}],"twitter_card":"summary_large_image","twitter_misc":{"Dostupnost":"Skladem"},"schema":{"@context":"https:\/\/schema.org","@graph":[{"@type":"WebPage","@id":"https:\/\/fedrs.eu\/cs\/shop\/fedrs-ice-cool-hard-energy\/","url":"https:\/\/fedrs.eu\/cs\/shop\/fedrs-ice-cool-hard-energy\/","name":"FEDRS Ice Cool Hard Energy Nicotine Pouches (65 mg\/g)","isPartOf":{"@id":"https:\/\/fedrs.eu\/cs\/#website"},"primaryImageOfPage":{"@id":"https:\/\/fedrs.eu\/cs\/shop\/fedrs-ice-cool-hard-energy\/#primaryimage"},"image":{"@id":"https:\/\/fedrs.eu\/cs\/shop\/fedrs-ice-cool-hard-energy\/#primaryimage"},"thumbnailUrl":"https:\/\/fedrs.eu\/wp-content\/uploads\/2024\/11\/EnergyHard0005-min.png","datePublished":"2024-11-17T21:36:47+00:00","dateModified":"2025-08-11T02:08:18+00:00","description":"Dodejte si energii s nikotinov\u00fdmi s\u00e1\u010dky FEDRS Ice Cool Hard Energy (65 mg\/g) s chladivou a autentickou p\u0159\u00edchut\u00ed energetick\u00e9ho n\u00e1poje.","breadcrumb":{"@id":"https:\/\/fedrs.eu\/cs\/shop\/fedrs-ice-cool-hard-energy\/#breadcrumb"},"inLanguage":"cs","potentialAction":[{"@type":"ReadAction","target":["https:\/\/fedrs.eu\/cs\/shop\/fedrs-ice-cool-hard-energy\/"]}]},{"@type":"ImageObject","inLanguage":"cs","@id":"https:\/\/fedrs.eu\/cs\/shop\/fedrs-ice-cool-hard-energy\/#primaryimage","url":"https:\/\/fedrs.eu\/wp-content\/uploads\/2024\/11\/EnergyHard0005-min.png","contentUrl":"https:\/\/fedrs.eu\/wp-content\/uploads\/2024\/11\/EnergyHard0005-min.png","width":960,"height":960},{"@type":"BreadcrumbList","@id":"https:\/\/fedrs.eu\/cs\/shop\/fedrs-ice-cool-hard-energy\/#breadcrumb","itemListElement":[{"@type":"ListItem","position":1,"name":"Home","item":"https:\/\/fedrs.eu\/cs\/"},{"@type":"ListItem","position":2,"name":"Obchod","item":"https:\/\/fedrs.eu\/cs\/shop\/"},{"@type":"ListItem","position":3,"name":"FEDRS Ice Cool Hard Energy"}]},{"@type":"WebSite","@id":"https:\/\/fedrs.eu\/cs\/#website","url":"https:\/\/fedrs.eu\/cs\/","name":"fedrs.eu","description":"","publisher":{"@id":"https:\/\/fedrs.eu\/cs\/#organization"},"potentialAction":[{"@type":"SearchAction","target":{"@type":"EntryPoint","urlTemplate":"https:\/\/fedrs.eu\/cs\/?s={search_term_string}"},"query-input":{"@type":"PropertyValueSpecification","valueRequired":true,"valueName":"search_term_string"}}],"inLanguage":"cs"},{"@type":"Organization","@id":"https:\/\/fedrs.eu\/cs\/#organization","name":"Fedrs sp.z o.o","url":"https:\/\/fedrs.eu\/cs\/","logo":{"@type":"ImageObject","inLanguage":"cs","@id":"https:\/\/fedrs.eu\/cs\/#\/schema\/logo\/image\/","url":"https:\/\/fedrs.eu\/wp-content\/uploads\/2024\/12\/image-52.png","contentUrl":"https:\/\/fedrs.eu\/wp-content\/uploads\/2024\/12\/image-52.png","width":97,"height":30,"caption":"Fedrs sp.z o.o"},"image":{"@id":"https:\/\/fedrs.eu\/cs\/#\/schema\/logo\/image\/"},"publishingPrinciples":"https:\/\/fedrs.eu\/terms-and-conditions\/"}]},"product_brand":"FEDRS Ice Cool Hard","og_availability":"instock","product_availability":"instock","product_retailer_item_id":"01004","product_condition":"new"},"_links":{"self":[{"href":"https:\/\/fedrs.eu\/cs\/wp-json\/wp\/v2\/product\/18497","targetHints":{"allow":["GET"]}}],"collection":[{"href":"https:\/\/fedrs.eu\/cs\/wp-json\/wp\/v2\/product"}],"about":[{"href":"https:\/\/fedrs.eu\/cs\/wp-json\/wp\/v2\/types\/product"}],"replies":[{"embeddable":true,"href":"https:\/\/fedrs.eu\/cs\/wp-json\/wp\/v2\/comments?post=18497"}],"wp:featuredmedia":[{"embeddable":true,"href":"https:\/\/fedrs.eu\/cs\/wp-json\/wp\/v2\/media\/3176"}],"wp:attachment":[{"href":"https:\/\/fedrs.eu\/cs\/wp-json\/wp\/v2\/media?parent=18497"}],"wp:term":[{"taxonomy":"product_brand","embeddable":true,"href":"https:\/\/fedrs.eu\/cs\/wp-json\/wp\/v2\/product_brand?post=18497"},{"taxonomy":"product_cat","embeddable":true,"href":"https:\/\/fedrs.eu\/cs\/wp-json\/wp\/v2\/product_cat?post=18497"},{"taxonomy":"product_tag","embeddable":true,"href":"https:\/\/fedrs.eu\/cs\/wp-json\/wp\/v2\/product_tag?post=18497"}],"curies":[{"name":"wp","href":"https:\/\/api.w.org\/{rel}","templated":true}]}}