{"id":18487,"date":"2024-11-17T22:25:04","date_gmt":"2024-11-17T22:25:04","guid":{"rendered":"https:\/\/fedrs.eu\/shop\/fedrs-ice-cool-strong-blueberry\/"},"modified":"2025-08-26T16:59:50","modified_gmt":"2025-08-26T14:59:50","slug":"fedrs-ice-cool-strong-blueberry","status":"publish","type":"product","link":"https:\/\/fedrs.eu\/cs\/shop\/fedrs-ice-cool-strong-blueberry\/","title":{"rendered":"FEDRS Ice Cool Strong Blueberry"},"content":{"rendered":"<p>Vyzkou\u0161ejte \u017eivou chu\u0165 na\u0161ich nikotinov\u00fdch s\u00e1\u010dk\u016f Blueberry, 40 mg\/g. Vychutnejte si sladkou a pikantn\u00ed esenci \u010derstv\u00fdch bor\u016fvek, kter\u00e1 o\u017eiv\u00ed va\u0161e smysly. Tyto s\u00e1\u010dky jsou vytvo\u0159eny pro ty, kte\u0159\u00ed miluj\u00ed ovocn\u00e9 p\u0159\u00edchut\u011b, ale d\u00e1vaj\u00ed p\u0159ednost o n\u011bco ni\u017e\u0161\u00ed s\u00edle nikotinu. Blueberry 40 mg\/g je ide\u00e1ln\u00ed pro vychutn\u00e1n\u00ed lahodn\u00e9ho a osv\u011b\u017euj\u00edc\u00edho bor\u016fvkov\u00e9ho z\u00e1\u017eitku s vyv\u00e1\u017een\u00fdm uspokojen\u00edm.   <\/p>\n","protected":false},"excerpt":{"rendered":"<div class=\"descrip_p\">Bor\u016fvkov\u00e9 nikotinov\u00e9 s\u00e1\u010dky, 40 mg\/g - sladk\u00e9 a pikantn\u00ed, vyv\u00e1\u017een\u00e1 s\u00edla<\/div>\n","protected":false},"featured_media":4212,"comment_status":"open","ping_status":"closed","template":"","meta":{"googlesitekit_rrm_CAowmrG7DA:productID":""},"product_brand":[],"product_cat":[608,542,540,817],"product_tag":[],"class_list":{"0":"post-18487","1":"product","2":"type-product","3":"status-publish","4":"has-post-thumbnail","6":"product_cat-40-mg-g-cs","7":"product_cat-bobule-cs","8":"product_cat-fedrs-ice-cool-cs","9":"product_cat-nikotinove-sacky","11":"first","12":"instock","13":"taxable","14":"shipping-taxable","15":"product-type-variable","16":"has-default-attributes"},"yoast_head":"<!-- This site is optimized with the Yoast SEO Premium plugin v26.5 (Yoast SEO v27.3) - https:\/\/yoast.com\/product\/yoast-seo-premium-wordpress\/ -->\n<title>Nikotinov\u00e9 s\u00e1\u010dky FEDRS Ice Cool Strong Blueberry | 40 mg\/g<\/title>\n<meta name=\"description\" content=\"Bor\u016fvkov\u00e9 nikotinov\u00e9 s\u00e1\u010dky, 40 mg\/g - sladk\u00e9 a pikantn\u00ed, vyv\u00e1\u017een\u00e1 s\u00edla - STRONG. Prvot\u0159\u00eddn\u00ed novinka od FEDRS, kter\u00e1 stoj\u00ed za pozornost!\" \/>\n<meta name=\"robots\" content=\"index, follow, max-snippet:-1, max-image-preview:large, max-video-preview:-1\" \/>\n<link rel=\"canonical\" href=\"https:\/\/fedrs.eu\/cs\/shop\/fedrs-ice-cool-strong-blueberry\/\" \/>\n<meta property=\"og:locale\" content=\"cs_CZ\" \/>\n<meta property=\"og:type\" content=\"article\" \/>\n<meta property=\"og:title\" content=\"FEDRS Ice Cool Strong Blueberry\" \/>\n<meta property=\"og:description\" content=\"Bor\u016fvkov\u00e9 nikotinov\u00e9 s\u00e1\u010dky, 40 mg\/g - sladk\u00e9 a pikantn\u00ed, vyv\u00e1\u017een\u00e1 s\u00edla - STRONG. Prvot\u0159\u00eddn\u00ed novinka od FEDRS, kter\u00e1 stoj\u00ed za pozornost!\" \/>\n<meta property=\"og:url\" content=\"https:\/\/fedrs.eu\/cs\/shop\/fedrs-ice-cool-strong-blueberry\/\" \/>\n<meta property=\"og:site_name\" content=\"fedrs.eu\" \/>\n<meta property=\"article:modified_time\" content=\"2025-08-26T14:59:50+00:00\" \/>\n<meta property=\"og:image\" content=\"https:\/\/fedrs.eu\/wp-content\/uploads\/2024\/11\/icecoolblueberrys-min.png\" \/>\n\t<meta property=\"og:image:width\" content=\"960\" \/>\n\t<meta property=\"og:image:height\" content=\"960\" \/>\n\t<meta property=\"og:image:type\" content=\"image\/png\" \/>\n<meta name=\"twitter:card\" content=\"summary_large_image\" \/>\n<meta name=\"twitter:label1\" content=\"Dostupnost\" \/>\n\t<meta name=\"twitter:data1\" content=\"Skladem\" \/>\n<script type=\"application\/ld+json\" class=\"yoast-schema-graph\">{\"@context\":\"https:\\\/\\\/schema.org\",\"@graph\":[{\"@type\":\"WebPage\",\"@id\":\"https:\\\/\\\/fedrs.eu\\\/cs\\\/shop\\\/fedrs-ice-cool-strong-blueberry\\\/\",\"url\":\"https:\\\/\\\/fedrs.eu\\\/cs\\\/shop\\\/fedrs-ice-cool-strong-blueberry\\\/\",\"name\":\"Nikotinov\u00e9 s\u00e1\u010dky FEDRS Ice Cool Strong Blueberry | 40 mg\\\/g\",\"isPartOf\":{\"@id\":\"https:\\\/\\\/fedrs.eu\\\/cs\\\/#website\"},\"primaryImageOfPage\":{\"@id\":\"https:\\\/\\\/fedrs.eu\\\/cs\\\/shop\\\/fedrs-ice-cool-strong-blueberry\\\/#primaryimage\"},\"image\":{\"@id\":\"https:\\\/\\\/fedrs.eu\\\/cs\\\/shop\\\/fedrs-ice-cool-strong-blueberry\\\/#primaryimage\"},\"thumbnailUrl\":\"https:\\\/\\\/fedrs.eu\\\/wp-content\\\/uploads\\\/2024\\\/11\\\/icecoolblueberrys-min.png\",\"datePublished\":\"2024-11-17T22:25:04+00:00\",\"dateModified\":\"2025-08-26T14:59:50+00:00\",\"description\":\"Bor\u016fvkov\u00e9 nikotinov\u00e9 s\u00e1\u010dky, 40 mg\\\/g - sladk\u00e9 a pikantn\u00ed, vyv\u00e1\u017een\u00e1 s\u00edla - STRONG. Prvot\u0159\u00eddn\u00ed novinka od FEDRS, kter\u00e1 stoj\u00ed za pozornost!\",\"breadcrumb\":{\"@id\":\"https:\\\/\\\/fedrs.eu\\\/cs\\\/shop\\\/fedrs-ice-cool-strong-blueberry\\\/#breadcrumb\"},\"inLanguage\":\"cs\",\"potentialAction\":[{\"@type\":\"ReadAction\",\"target\":[\"https:\\\/\\\/fedrs.eu\\\/cs\\\/shop\\\/fedrs-ice-cool-strong-blueberry\\\/\"]}]},{\"@type\":\"ImageObject\",\"inLanguage\":\"cs\",\"@id\":\"https:\\\/\\\/fedrs.eu\\\/cs\\\/shop\\\/fedrs-ice-cool-strong-blueberry\\\/#primaryimage\",\"url\":\"https:\\\/\\\/fedrs.eu\\\/wp-content\\\/uploads\\\/2024\\\/11\\\/icecoolblueberrys-min.png\",\"contentUrl\":\"https:\\\/\\\/fedrs.eu\\\/wp-content\\\/uploads\\\/2024\\\/11\\\/icecoolblueberrys-min.png\",\"width\":960,\"height\":960},{\"@type\":\"BreadcrumbList\",\"@id\":\"https:\\\/\\\/fedrs.eu\\\/cs\\\/shop\\\/fedrs-ice-cool-strong-blueberry\\\/#breadcrumb\",\"itemListElement\":[{\"@type\":\"ListItem\",\"position\":1,\"name\":\"Home\",\"item\":\"https:\\\/\\\/fedrs.eu\\\/cs\\\/\"},{\"@type\":\"ListItem\",\"position\":2,\"name\":\"Obchod\",\"item\":\"https:\\\/\\\/fedrs.eu\\\/cs\\\/shop\\\/\"},{\"@type\":\"ListItem\",\"position\":3,\"name\":\"FEDRS Ice Cool Strong Blueberry\"}]},{\"@type\":\"WebSite\",\"@id\":\"https:\\\/\\\/fedrs.eu\\\/cs\\\/#website\",\"url\":\"https:\\\/\\\/fedrs.eu\\\/cs\\\/\",\"name\":\"fedrs.eu\",\"description\":\"\",\"publisher\":{\"@id\":\"https:\\\/\\\/fedrs.eu\\\/cs\\\/#organization\"},\"potentialAction\":[{\"@type\":\"SearchAction\",\"target\":{\"@type\":\"EntryPoint\",\"urlTemplate\":\"https:\\\/\\\/fedrs.eu\\\/cs\\\/?s={search_term_string}\"},\"query-input\":{\"@type\":\"PropertyValueSpecification\",\"valueRequired\":true,\"valueName\":\"search_term_string\"}}],\"inLanguage\":\"cs\"},{\"@type\":\"Organization\",\"@id\":\"https:\\\/\\\/fedrs.eu\\\/cs\\\/#organization\",\"name\":\"Fedrs sp.z o.o\",\"url\":\"https:\\\/\\\/fedrs.eu\\\/cs\\\/\",\"logo\":{\"@type\":\"ImageObject\",\"inLanguage\":\"cs\",\"@id\":\"https:\\\/\\\/fedrs.eu\\\/cs\\\/#\\\/schema\\\/logo\\\/image\\\/\",\"url\":\"https:\\\/\\\/fedrs.eu\\\/wp-content\\\/uploads\\\/2024\\\/12\\\/image-52.png\",\"contentUrl\":\"https:\\\/\\\/fedrs.eu\\\/wp-content\\\/uploads\\\/2024\\\/12\\\/image-52.png\",\"width\":97,\"height\":30,\"caption\":\"Fedrs sp.z o.o\"},\"image\":{\"@id\":\"https:\\\/\\\/fedrs.eu\\\/cs\\\/#\\\/schema\\\/logo\\\/image\\\/\"},\"publishingPrinciples\":\"https:\\\/\\\/fedrs.eu\\\/terms-and-conditions\\\/\"}]}<\/script>\n<meta property=\"product:brand\" content=\"FEDRS Ice Cool\" \/>\n<meta property=\"og:availability\" content=\"instock\" \/>\n<meta property=\"product:availability\" content=\"instock\" \/>\n<meta property=\"product:condition\" content=\"new\" \/>\n<!-- \/ Yoast SEO Premium plugin. -->","yoast_head_json":{"title":"Nikotinov\u00e9 s\u00e1\u010dky FEDRS Ice Cool Strong Blueberry | 40 mg\/g","description":"Bor\u016fvkov\u00e9 nikotinov\u00e9 s\u00e1\u010dky, 40 mg\/g - sladk\u00e9 a pikantn\u00ed, vyv\u00e1\u017een\u00e1 s\u00edla - STRONG. Prvot\u0159\u00eddn\u00ed novinka od FEDRS, kter\u00e1 stoj\u00ed za pozornost!","robots":{"index":"index","follow":"follow","max-snippet":"max-snippet:-1","max-image-preview":"max-image-preview:large","max-video-preview":"max-video-preview:-1"},"canonical":"https:\/\/fedrs.eu\/cs\/shop\/fedrs-ice-cool-strong-blueberry\/","og_locale":"cs_CZ","og_type":"article","og_title":"FEDRS Ice Cool Strong Blueberry","og_description":"Bor\u016fvkov\u00e9 nikotinov\u00e9 s\u00e1\u010dky, 40 mg\/g - sladk\u00e9 a pikantn\u00ed, vyv\u00e1\u017een\u00e1 s\u00edla - STRONG. Prvot\u0159\u00eddn\u00ed novinka od FEDRS, kter\u00e1 stoj\u00ed za pozornost!","og_url":"https:\/\/fedrs.eu\/cs\/shop\/fedrs-ice-cool-strong-blueberry\/","og_site_name":"fedrs.eu","article_modified_time":"2025-08-26T14:59:50+00:00","og_image":[{"width":960,"height":960,"url":"https:\/\/fedrs.eu\/wp-content\/uploads\/2024\/11\/icecoolblueberrys-min.png","type":"image\/png"}],"twitter_card":"summary_large_image","twitter_misc":{"Dostupnost":"Skladem"},"schema":{"@context":"https:\/\/schema.org","@graph":[{"@type":"WebPage","@id":"https:\/\/fedrs.eu\/cs\/shop\/fedrs-ice-cool-strong-blueberry\/","url":"https:\/\/fedrs.eu\/cs\/shop\/fedrs-ice-cool-strong-blueberry\/","name":"Nikotinov\u00e9 s\u00e1\u010dky FEDRS Ice Cool Strong Blueberry | 40 mg\/g","isPartOf":{"@id":"https:\/\/fedrs.eu\/cs\/#website"},"primaryImageOfPage":{"@id":"https:\/\/fedrs.eu\/cs\/shop\/fedrs-ice-cool-strong-blueberry\/#primaryimage"},"image":{"@id":"https:\/\/fedrs.eu\/cs\/shop\/fedrs-ice-cool-strong-blueberry\/#primaryimage"},"thumbnailUrl":"https:\/\/fedrs.eu\/wp-content\/uploads\/2024\/11\/icecoolblueberrys-min.png","datePublished":"2024-11-17T22:25:04+00:00","dateModified":"2025-08-26T14:59:50+00:00","description":"Bor\u016fvkov\u00e9 nikotinov\u00e9 s\u00e1\u010dky, 40 mg\/g - sladk\u00e9 a pikantn\u00ed, vyv\u00e1\u017een\u00e1 s\u00edla - STRONG. Prvot\u0159\u00eddn\u00ed novinka od FEDRS, kter\u00e1 stoj\u00ed za pozornost!","breadcrumb":{"@id":"https:\/\/fedrs.eu\/cs\/shop\/fedrs-ice-cool-strong-blueberry\/#breadcrumb"},"inLanguage":"cs","potentialAction":[{"@type":"ReadAction","target":["https:\/\/fedrs.eu\/cs\/shop\/fedrs-ice-cool-strong-blueberry\/"]}]},{"@type":"ImageObject","inLanguage":"cs","@id":"https:\/\/fedrs.eu\/cs\/shop\/fedrs-ice-cool-strong-blueberry\/#primaryimage","url":"https:\/\/fedrs.eu\/wp-content\/uploads\/2024\/11\/icecoolblueberrys-min.png","contentUrl":"https:\/\/fedrs.eu\/wp-content\/uploads\/2024\/11\/icecoolblueberrys-min.png","width":960,"height":960},{"@type":"BreadcrumbList","@id":"https:\/\/fedrs.eu\/cs\/shop\/fedrs-ice-cool-strong-blueberry\/#breadcrumb","itemListElement":[{"@type":"ListItem","position":1,"name":"Home","item":"https:\/\/fedrs.eu\/cs\/"},{"@type":"ListItem","position":2,"name":"Obchod","item":"https:\/\/fedrs.eu\/cs\/shop\/"},{"@type":"ListItem","position":3,"name":"FEDRS Ice Cool Strong Blueberry"}]},{"@type":"WebSite","@id":"https:\/\/fedrs.eu\/cs\/#website","url":"https:\/\/fedrs.eu\/cs\/","name":"fedrs.eu","description":"","publisher":{"@id":"https:\/\/fedrs.eu\/cs\/#organization"},"potentialAction":[{"@type":"SearchAction","target":{"@type":"EntryPoint","urlTemplate":"https:\/\/fedrs.eu\/cs\/?s={search_term_string}"},"query-input":{"@type":"PropertyValueSpecification","valueRequired":true,"valueName":"search_term_string"}}],"inLanguage":"cs"},{"@type":"Organization","@id":"https:\/\/fedrs.eu\/cs\/#organization","name":"Fedrs sp.z o.o","url":"https:\/\/fedrs.eu\/cs\/","logo":{"@type":"ImageObject","inLanguage":"cs","@id":"https:\/\/fedrs.eu\/cs\/#\/schema\/logo\/image\/","url":"https:\/\/fedrs.eu\/wp-content\/uploads\/2024\/12\/image-52.png","contentUrl":"https:\/\/fedrs.eu\/wp-content\/uploads\/2024\/12\/image-52.png","width":97,"height":30,"caption":"Fedrs sp.z o.o"},"image":{"@id":"https:\/\/fedrs.eu\/cs\/#\/schema\/logo\/image\/"},"publishingPrinciples":"https:\/\/fedrs.eu\/terms-and-conditions\/"}]},"product_brand":"FEDRS Ice Cool","og_availability":"instock","product_availability":"instock","product_condition":"new"},"_links":{"self":[{"href":"https:\/\/fedrs.eu\/cs\/wp-json\/wp\/v2\/product\/18487","targetHints":{"allow":["GET"]}}],"collection":[{"href":"https:\/\/fedrs.eu\/cs\/wp-json\/wp\/v2\/product"}],"about":[{"href":"https:\/\/fedrs.eu\/cs\/wp-json\/wp\/v2\/types\/product"}],"replies":[{"embeddable":true,"href":"https:\/\/fedrs.eu\/cs\/wp-json\/wp\/v2\/comments?post=18487"}],"wp:featuredmedia":[{"embeddable":true,"href":"https:\/\/fedrs.eu\/cs\/wp-json\/wp\/v2\/media\/4212"}],"wp:attachment":[{"href":"https:\/\/fedrs.eu\/cs\/wp-json\/wp\/v2\/media?parent=18487"}],"wp:term":[{"taxonomy":"product_brand","embeddable":true,"href":"https:\/\/fedrs.eu\/cs\/wp-json\/wp\/v2\/product_brand?post=18487"},{"taxonomy":"product_cat","embeddable":true,"href":"https:\/\/fedrs.eu\/cs\/wp-json\/wp\/v2\/product_cat?post=18487"},{"taxonomy":"product_tag","embeddable":true,"href":"https:\/\/fedrs.eu\/cs\/wp-json\/wp\/v2\/product_tag?post=18487"}],"curies":[{"name":"wp","href":"https:\/\/api.w.org\/{rel}","templated":true}]}}