{"id":18421,"date":"2024-11-17T22:22:58","date_gmt":"2024-11-17T22:22:58","guid":{"rendered":"https:\/\/fedrs.eu\/shop\/fedrs-ice-cool-x-strong-cola\/"},"modified":"2025-08-26T16:59:20","modified_gmt":"2025-08-26T14:59:20","slug":"fedrs-ice-cool-x-strong-cola","status":"publish","type":"product","link":"https:\/\/fedrs.eu\/cs\/shop\/fedrs-ice-cool-x-strong-cola\/","title":{"rendered":"FEDRS Ice Cool X-Strong Cola"},"content":{"rendered":"<p>Pono\u0159te se do na\u0161\u00ed ji\u017e klasick\u00e9 chuti s nikotinov\u00fdmi s\u00e1\u010dky Cola, 50 mg\/g. Vychutnejte si sladkou a osv\u011b\u017euj\u00edc\u00ed chu\u0165 koly, kter\u00e1 poka\u017ed\u00e9 p\u0159in\u00e1\u0161\u00ed opravdov\u00e9 pot\u011b\u0161en\u00ed. Tyto s\u00e1\u010dky se vyzna\u010duj\u00ed intenzivn\u00edm aroma a p\u0159\u00edrodn\u00ed chut\u00ed podobnou va\u0161emu obl\u00edben\u00e9mu n\u00e1poji. Cola je ide\u00e1ln\u00ed volbou pro ty, kte\u0159\u00ed si cen\u00ed klasiky a hledaj\u00ed nov\u00e9 z\u00e1\u017eitky.   <\/p>\n","protected":false},"excerpt":{"rendered":"<div class=\"descrip_p\">\n<div class=\"product-pstyle\"><\/div>\n<p>Kolov\u00e9 nikotinov\u00e9 n\u00e1plasti, 50 mg\/g - p\u0159\u00edchu\u0165 sladk\u00e9 koly, klasick\u00e9 osv\u011b\u017een\u00ed<\/p>\n<\/div>\n","protected":false},"featured_media":4132,"comment_status":"open","ping_status":"closed","template":"","meta":{"googlesitekit_rrm_CAowmrG7DA:productID":""},"product_brand":[],"product_cat":[699,540,616,817],"product_tag":[],"class_list":{"0":"post-18421","1":"product","2":"type-product","3":"status-publish","4":"has-post-thumbnail","6":"product_cat-50-mg-g-cs","7":"product_cat-fedrs-ice-cool-cs","8":"product_cat-napoje-cs","9":"product_cat-nikotinove-sacky","11":"first","12":"outofstock","13":"taxable","14":"shipping-taxable","15":"product-type-variable","16":"has-default-attributes"},"yoast_head":"<!-- This site is optimized with the Yoast SEO Premium plugin v26.5 (Yoast SEO v27.2) - https:\/\/yoast.com\/product\/yoast-seo-premium-wordpress\/ -->\n<title>Nikotinov\u00e9 s\u00e1\u010dky FEDRS Ice Cool X-Strong Cola 50 mg\/g<\/title>\n<meta name=\"description\" content=\"Kolov\u00e9 nikotinov\u00e9 n\u00e1plasti, 50 mg\/g - sladk\u00e1 kolov\u00e1 p\u0159\u00edchu\u0165, klasick\u00e9 osv\u011b\u017een\u00ed - EXTRA SILN\u00c9. Prvot\u0159\u00eddn\u00ed novinka od FEDRS, kter\u00e1 stoj\u00ed za pozornost!\" \/>\n<meta name=\"robots\" content=\"index, follow, max-snippet:-1, max-image-preview:large, max-video-preview:-1\" \/>\n<link rel=\"canonical\" href=\"https:\/\/fedrs.eu\/cs\/shop\/fedrs-ice-cool-x-strong-cola\/\" \/>\n<meta property=\"og:locale\" content=\"cs_CZ\" \/>\n<meta property=\"og:type\" content=\"article\" \/>\n<meta property=\"og:title\" content=\"FEDRS Ice Cool X-Strong Cola\" \/>\n<meta property=\"og:description\" content=\"Kolov\u00e9 nikotinov\u00e9 n\u00e1plasti, 50 mg\/g - sladk\u00e1 kolov\u00e1 p\u0159\u00edchu\u0165, klasick\u00e9 osv\u011b\u017een\u00ed - EXTRA SILN\u00c9. Prvot\u0159\u00eddn\u00ed novinka od FEDRS, kter\u00e1 stoj\u00ed za pozornost!\" \/>\n<meta property=\"og:url\" content=\"https:\/\/fedrs.eu\/cs\/shop\/fedrs-ice-cool-x-strong-cola\/\" \/>\n<meta property=\"og:site_name\" content=\"fedrs.eu\" \/>\n<meta property=\"article:modified_time\" content=\"2025-08-26T14:59:20+00:00\" \/>\n<meta property=\"og:image\" content=\"https:\/\/fedrs.eu\/wp-content\/uploads\/2024\/11\/icecoolcolaxs-min.png\" \/>\n\t<meta property=\"og:image:width\" content=\"960\" \/>\n\t<meta property=\"og:image:height\" content=\"960\" \/>\n\t<meta property=\"og:image:type\" content=\"image\/png\" \/>\n<meta name=\"twitter:card\" content=\"summary_large_image\" \/>\n<meta name=\"twitter:label1\" content=\"Dostupnost\" \/>\n\t<meta name=\"twitter:data1\" content=\"Vyprod\u00e1no\" \/>\n<script type=\"application\/ld+json\" class=\"yoast-schema-graph\">{\"@context\":\"https:\/\/schema.org\",\"@graph\":[{\"@type\":\"WebPage\",\"@id\":\"https:\/\/fedrs.eu\/cs\/shop\/fedrs-ice-cool-x-strong-cola\/\",\"url\":\"https:\/\/fedrs.eu\/cs\/shop\/fedrs-ice-cool-x-strong-cola\/\",\"name\":\"Nikotinov\u00e9 s\u00e1\u010dky FEDRS Ice Cool X-Strong Cola 50 mg\/g\",\"isPartOf\":{\"@id\":\"https:\/\/fedrs.eu\/cs\/#website\"},\"primaryImageOfPage\":{\"@id\":\"https:\/\/fedrs.eu\/cs\/shop\/fedrs-ice-cool-x-strong-cola\/#primaryimage\"},\"image\":{\"@id\":\"https:\/\/fedrs.eu\/cs\/shop\/fedrs-ice-cool-x-strong-cola\/#primaryimage\"},\"thumbnailUrl\":\"https:\/\/fedrs.eu\/wp-content\/uploads\/2024\/11\/icecoolcolaxs-min.png\",\"datePublished\":\"2024-11-17T22:22:58+00:00\",\"dateModified\":\"2025-08-26T14:59:20+00:00\",\"description\":\"Kolov\u00e9 nikotinov\u00e9 n\u00e1plasti, 50 mg\/g - sladk\u00e1 kolov\u00e1 p\u0159\u00edchu\u0165, klasick\u00e9 osv\u011b\u017een\u00ed - EXTRA SILN\u00c9. Prvot\u0159\u00eddn\u00ed novinka od FEDRS, kter\u00e1 stoj\u00ed za pozornost!\",\"breadcrumb\":{\"@id\":\"https:\/\/fedrs.eu\/cs\/shop\/fedrs-ice-cool-x-strong-cola\/#breadcrumb\"},\"inLanguage\":\"cs\",\"potentialAction\":[{\"@type\":\"ReadAction\",\"target\":[\"https:\/\/fedrs.eu\/cs\/shop\/fedrs-ice-cool-x-strong-cola\/\"]}]},{\"@type\":\"ImageObject\",\"inLanguage\":\"cs\",\"@id\":\"https:\/\/fedrs.eu\/cs\/shop\/fedrs-ice-cool-x-strong-cola\/#primaryimage\",\"url\":\"https:\/\/fedrs.eu\/wp-content\/uploads\/2024\/11\/icecoolcolaxs-min.png\",\"contentUrl\":\"https:\/\/fedrs.eu\/wp-content\/uploads\/2024\/11\/icecoolcolaxs-min.png\",\"width\":960,\"height\":960},{\"@type\":\"BreadcrumbList\",\"@id\":\"https:\/\/fedrs.eu\/cs\/shop\/fedrs-ice-cool-x-strong-cola\/#breadcrumb\",\"itemListElement\":[{\"@type\":\"ListItem\",\"position\":1,\"name\":\"Home\",\"item\":\"https:\/\/fedrs.eu\/cs\/\"},{\"@type\":\"ListItem\",\"position\":2,\"name\":\"Obchod\",\"item\":\"https:\/\/fedrs.eu\/cs\/shop\/\"},{\"@type\":\"ListItem\",\"position\":3,\"name\":\"FEDRS Ice Cool X-Strong Cola\"}]},{\"@type\":\"WebSite\",\"@id\":\"https:\/\/fedrs.eu\/cs\/#website\",\"url\":\"https:\/\/fedrs.eu\/cs\/\",\"name\":\"fedrs.eu\",\"description\":\"\",\"publisher\":{\"@id\":\"https:\/\/fedrs.eu\/cs\/#organization\"},\"potentialAction\":[{\"@type\":\"SearchAction\",\"target\":{\"@type\":\"EntryPoint\",\"urlTemplate\":\"https:\/\/fedrs.eu\/cs\/?s={search_term_string}\"},\"query-input\":{\"@type\":\"PropertyValueSpecification\",\"valueRequired\":true,\"valueName\":\"search_term_string\"}}],\"inLanguage\":\"cs\"},{\"@type\":\"Organization\",\"@id\":\"https:\/\/fedrs.eu\/cs\/#organization\",\"name\":\"Fedrs sp.z o.o\",\"url\":\"https:\/\/fedrs.eu\/cs\/\",\"logo\":{\"@type\":\"ImageObject\",\"inLanguage\":\"cs\",\"@id\":\"https:\/\/fedrs.eu\/cs\/#\/schema\/logo\/image\/\",\"url\":\"https:\/\/fedrs.eu\/wp-content\/uploads\/2024\/12\/image-52.png\",\"contentUrl\":\"https:\/\/fedrs.eu\/wp-content\/uploads\/2024\/12\/image-52.png\",\"width\":97,\"height\":30,\"caption\":\"Fedrs sp.z o.o\"},\"image\":{\"@id\":\"https:\/\/fedrs.eu\/cs\/#\/schema\/logo\/image\/\"},\"publishingPrinciples\":\"https:\/\/fedrs.eu\/terms-and-conditions\/\"}]}<\/script>\n<meta property=\"product:brand\" content=\"FEDRS Ice Cool\" \/>\n<meta property=\"og:availability\" content=\"out of stock\" \/>\n<meta property=\"product:availability\" content=\"out of stock\" \/>\n<meta property=\"product:condition\" content=\"new\" \/>\n<!-- \/ Yoast SEO Premium plugin. -->","yoast_head_json":{"title":"Nikotinov\u00e9 s\u00e1\u010dky FEDRS Ice Cool X-Strong Cola 50 mg\/g","description":"Kolov\u00e9 nikotinov\u00e9 n\u00e1plasti, 50 mg\/g - sladk\u00e1 kolov\u00e1 p\u0159\u00edchu\u0165, klasick\u00e9 osv\u011b\u017een\u00ed - EXTRA SILN\u00c9. Prvot\u0159\u00eddn\u00ed novinka od FEDRS, kter\u00e1 stoj\u00ed za pozornost!","robots":{"index":"index","follow":"follow","max-snippet":"max-snippet:-1","max-image-preview":"max-image-preview:large","max-video-preview":"max-video-preview:-1"},"canonical":"https:\/\/fedrs.eu\/cs\/shop\/fedrs-ice-cool-x-strong-cola\/","og_locale":"cs_CZ","og_type":"article","og_title":"FEDRS Ice Cool X-Strong Cola","og_description":"Kolov\u00e9 nikotinov\u00e9 n\u00e1plasti, 50 mg\/g - sladk\u00e1 kolov\u00e1 p\u0159\u00edchu\u0165, klasick\u00e9 osv\u011b\u017een\u00ed - EXTRA SILN\u00c9. Prvot\u0159\u00eddn\u00ed novinka od FEDRS, kter\u00e1 stoj\u00ed za pozornost!","og_url":"https:\/\/fedrs.eu\/cs\/shop\/fedrs-ice-cool-x-strong-cola\/","og_site_name":"fedrs.eu","article_modified_time":"2025-08-26T14:59:20+00:00","og_image":[{"width":960,"height":960,"url":"https:\/\/fedrs.eu\/wp-content\/uploads\/2024\/11\/icecoolcolaxs-min.png","type":"image\/png"}],"twitter_card":"summary_large_image","twitter_misc":{"Dostupnost":"Vyprod\u00e1no"},"schema":{"@context":"https:\/\/schema.org","@graph":[{"@type":"WebPage","@id":"https:\/\/fedrs.eu\/cs\/shop\/fedrs-ice-cool-x-strong-cola\/","url":"https:\/\/fedrs.eu\/cs\/shop\/fedrs-ice-cool-x-strong-cola\/","name":"Nikotinov\u00e9 s\u00e1\u010dky FEDRS Ice Cool X-Strong Cola 50 mg\/g","isPartOf":{"@id":"https:\/\/fedrs.eu\/cs\/#website"},"primaryImageOfPage":{"@id":"https:\/\/fedrs.eu\/cs\/shop\/fedrs-ice-cool-x-strong-cola\/#primaryimage"},"image":{"@id":"https:\/\/fedrs.eu\/cs\/shop\/fedrs-ice-cool-x-strong-cola\/#primaryimage"},"thumbnailUrl":"https:\/\/fedrs.eu\/wp-content\/uploads\/2024\/11\/icecoolcolaxs-min.png","datePublished":"2024-11-17T22:22:58+00:00","dateModified":"2025-08-26T14:59:20+00:00","description":"Kolov\u00e9 nikotinov\u00e9 n\u00e1plasti, 50 mg\/g - sladk\u00e1 kolov\u00e1 p\u0159\u00edchu\u0165, klasick\u00e9 osv\u011b\u017een\u00ed - EXTRA SILN\u00c9. Prvot\u0159\u00eddn\u00ed novinka od FEDRS, kter\u00e1 stoj\u00ed za pozornost!","breadcrumb":{"@id":"https:\/\/fedrs.eu\/cs\/shop\/fedrs-ice-cool-x-strong-cola\/#breadcrumb"},"inLanguage":"cs","potentialAction":[{"@type":"ReadAction","target":["https:\/\/fedrs.eu\/cs\/shop\/fedrs-ice-cool-x-strong-cola\/"]}]},{"@type":"ImageObject","inLanguage":"cs","@id":"https:\/\/fedrs.eu\/cs\/shop\/fedrs-ice-cool-x-strong-cola\/#primaryimage","url":"https:\/\/fedrs.eu\/wp-content\/uploads\/2024\/11\/icecoolcolaxs-min.png","contentUrl":"https:\/\/fedrs.eu\/wp-content\/uploads\/2024\/11\/icecoolcolaxs-min.png","width":960,"height":960},{"@type":"BreadcrumbList","@id":"https:\/\/fedrs.eu\/cs\/shop\/fedrs-ice-cool-x-strong-cola\/#breadcrumb","itemListElement":[{"@type":"ListItem","position":1,"name":"Home","item":"https:\/\/fedrs.eu\/cs\/"},{"@type":"ListItem","position":2,"name":"Obchod","item":"https:\/\/fedrs.eu\/cs\/shop\/"},{"@type":"ListItem","position":3,"name":"FEDRS Ice Cool X-Strong Cola"}]},{"@type":"WebSite","@id":"https:\/\/fedrs.eu\/cs\/#website","url":"https:\/\/fedrs.eu\/cs\/","name":"fedrs.eu","description":"","publisher":{"@id":"https:\/\/fedrs.eu\/cs\/#organization"},"potentialAction":[{"@type":"SearchAction","target":{"@type":"EntryPoint","urlTemplate":"https:\/\/fedrs.eu\/cs\/?s={search_term_string}"},"query-input":{"@type":"PropertyValueSpecification","valueRequired":true,"valueName":"search_term_string"}}],"inLanguage":"cs"},{"@type":"Organization","@id":"https:\/\/fedrs.eu\/cs\/#organization","name":"Fedrs sp.z o.o","url":"https:\/\/fedrs.eu\/cs\/","logo":{"@type":"ImageObject","inLanguage":"cs","@id":"https:\/\/fedrs.eu\/cs\/#\/schema\/logo\/image\/","url":"https:\/\/fedrs.eu\/wp-content\/uploads\/2024\/12\/image-52.png","contentUrl":"https:\/\/fedrs.eu\/wp-content\/uploads\/2024\/12\/image-52.png","width":97,"height":30,"caption":"Fedrs sp.z o.o"},"image":{"@id":"https:\/\/fedrs.eu\/cs\/#\/schema\/logo\/image\/"},"publishingPrinciples":"https:\/\/fedrs.eu\/terms-and-conditions\/"}]},"product_brand":"FEDRS Ice Cool","og_availability":"out of stock","product_availability":"out of stock","product_condition":"new"},"_links":{"self":[{"href":"https:\/\/fedrs.eu\/cs\/wp-json\/wp\/v2\/product\/18421","targetHints":{"allow":["GET"]}}],"collection":[{"href":"https:\/\/fedrs.eu\/cs\/wp-json\/wp\/v2\/product"}],"about":[{"href":"https:\/\/fedrs.eu\/cs\/wp-json\/wp\/v2\/types\/product"}],"replies":[{"embeddable":true,"href":"https:\/\/fedrs.eu\/cs\/wp-json\/wp\/v2\/comments?post=18421"}],"wp:featuredmedia":[{"embeddable":true,"href":"https:\/\/fedrs.eu\/cs\/wp-json\/wp\/v2\/media\/4132"}],"wp:attachment":[{"href":"https:\/\/fedrs.eu\/cs\/wp-json\/wp\/v2\/media?parent=18421"}],"wp:term":[{"taxonomy":"product_brand","embeddable":true,"href":"https:\/\/fedrs.eu\/cs\/wp-json\/wp\/v2\/product_brand?post=18421"},{"taxonomy":"product_cat","embeddable":true,"href":"https:\/\/fedrs.eu\/cs\/wp-json\/wp\/v2\/product_cat?post=18421"},{"taxonomy":"product_tag","embeddable":true,"href":"https:\/\/fedrs.eu\/cs\/wp-json\/wp\/v2\/product_tag?post=18421"}],"curies":[{"name":"wp","href":"https:\/\/api.w.org\/{rel}","templated":true}]}}