{"id":18362,"date":"2024-11-17T22:20:32","date_gmt":"2024-11-17T22:20:32","guid":{"rendered":"https:\/\/fedrs.eu\/shop\/fedrs-ice-cool-x-strong-ultra-mint\/"},"modified":"2025-09-05T11:52:40","modified_gmt":"2025-09-05T09:52:40","slug":"fedrs-ice-cool-x-strong-ultra-mint","status":"publish","type":"product","link":"https:\/\/fedrs.eu\/cs\/shop\/fedrs-ice-cool-x-strong-ultra-mint\/","title":{"rendered":"FEDRS Ice Cool X-Strong Ultra Mint"},"content":{"rendered":"<p>Objevte novou \u00farove\u0148 sv\u011b\u017eesti s na\u0161imi nikotinov\u00fdmi s\u00e1\u010dky Ultra Mint, 50 mg\/g. Ultra Mint nab\u00edz\u00ed hlub\u0161\u00ed a intenzivn\u011bj\u0161\u00ed m\u00e1tovou p\u0159\u00edchu\u0165 s osv\u011b\u017euj\u00edc\u00edm \u00fa\u010dinkem d\u00edky sv\u00e9mu jedine\u010dn\u00e9mu slo\u017een\u00ed. Tyto s\u00e1\u010dky, vyvinut\u00e9 na z\u00e1klad\u011b poznatk\u016f z na\u0161ich dlouholet\u00fdch zku\u0161enost\u00ed a l\u00e1sky na\u0161ich z\u00e1kazn\u00edk\u016f k m\u00e1tov\u00fdm p\u0159\u00edchut\u00edm, jsou ide\u00e1ln\u00ed pro opravdov\u00e9 milovn\u00edky m\u00e1ty a ty, kte\u0159\u00ed hledaj\u00ed robustn\u00ed nikotinov\u00e9 uspokojen\u00ed. Vychutnejte si v\u00fdraznou chu\u0165 a z\u00e1\u017eitek, kter\u00fd nikde jinde nenajdete - opravdu super jedine\u010dn\u00e1 a d\u016fstojn\u00e1 volba!   <\/p>\n","protected":false},"excerpt":{"rendered":"<div class=\"descrip_p\">\n<div class=\"product-pstyle\"><\/div>\n<p>Intenzivn\u00ed m\u00e1tov\u00e1 p\u0159\u00edchu\u0165, siln\u00fd nikotin - 50 mg\/g<\/p>\n<\/div>\n","protected":false},"featured_media":4032,"comment_status":"open","ping_status":"closed","template":"","meta":{"googlesitekit_rrm_CAowmrG7DA:productID":""},"product_brand":[],"product_cat":[699,540,610,817],"product_tag":[],"class_list":{"0":"post-18362","1":"product","2":"type-product","3":"status-publish","4":"has-post-thumbnail","6":"product_cat-50-mg-g-cs","7":"product_cat-fedrs-ice-cool-cs","8":"product_cat-mata-a-mentol","9":"product_cat-nikotinove-sacky","11":"first","12":"instock","13":"taxable","14":"shipping-taxable","15":"product-type-variable","16":"has-default-attributes"},"yoast_head":"<!-- This site is optimized with the Yoast SEO Premium plugin v26.5 (Yoast SEO v27.3) - https:\/\/yoast.com\/product\/yoast-seo-premium-wordpress\/ -->\n<title>Nikotinov\u00e9 s\u00e1\u010dky FEDRS Ice Cool X-Strong Ultra Mint | 50 mg\/g<\/title>\n<meta name=\"description\" content=\"Ice Cool X-Strong Ultra Mint - EXTRA SILN\u00dd. Intenzivn\u00ed m\u00e1tov\u00e1 p\u0159\u00edchu\u0165. Prvot\u0159\u00eddn\u00ed novinka od spole\u010dnosti FEDRS, kter\u00e1 si zaslou\u017e\u00ed pozornost!\" \/>\n<meta name=\"robots\" content=\"index, follow, max-snippet:-1, max-image-preview:large, max-video-preview:-1\" \/>\n<link rel=\"canonical\" href=\"https:\/\/fedrs.eu\/cs\/shop\/fedrs-ice-cool-x-strong-ultra-mint\/\" \/>\n<meta property=\"og:locale\" content=\"cs_CZ\" \/>\n<meta property=\"og:type\" content=\"article\" \/>\n<meta property=\"og:title\" content=\"FEDRS Ice Cool X-Strong Ultra Mint\" \/>\n<meta property=\"og:description\" content=\"Ice Cool X-Strong Ultra Mint - EXTRA SILN\u00dd. Intenzivn\u00ed m\u00e1tov\u00e1 p\u0159\u00edchu\u0165. Prvot\u0159\u00eddn\u00ed novinka od spole\u010dnosti FEDRS, kter\u00e1 si zaslou\u017e\u00ed pozornost!\" \/>\n<meta property=\"og:url\" content=\"https:\/\/fedrs.eu\/cs\/shop\/fedrs-ice-cool-x-strong-ultra-mint\/\" \/>\n<meta property=\"og:site_name\" content=\"fedrs.eu\" \/>\n<meta property=\"article:modified_time\" content=\"2025-09-05T09:52:40+00:00\" \/>\n<meta property=\"og:image\" content=\"https:\/\/fedrs.eu\/wp-content\/uploads\/2024\/11\/icecoolultramintxs-min.png\" \/>\n\t<meta property=\"og:image:width\" content=\"960\" \/>\n\t<meta property=\"og:image:height\" content=\"960\" \/>\n\t<meta property=\"og:image:type\" content=\"image\/png\" \/>\n<meta name=\"twitter:card\" content=\"summary_large_image\" \/>\n<meta name=\"twitter:label1\" content=\"Dostupnost\" \/>\n\t<meta name=\"twitter:data1\" content=\"Skladem\" \/>\n<script type=\"application\/ld+json\" class=\"yoast-schema-graph\">{\"@context\":\"https:\\\/\\\/schema.org\",\"@graph\":[{\"@type\":\"WebPage\",\"@id\":\"https:\\\/\\\/fedrs.eu\\\/cs\\\/shop\\\/fedrs-ice-cool-x-strong-ultra-mint\\\/\",\"url\":\"https:\\\/\\\/fedrs.eu\\\/cs\\\/shop\\\/fedrs-ice-cool-x-strong-ultra-mint\\\/\",\"name\":\"Nikotinov\u00e9 s\u00e1\u010dky FEDRS Ice Cool X-Strong Ultra Mint | 50 mg\\\/g\",\"isPartOf\":{\"@id\":\"https:\\\/\\\/fedrs.eu\\\/cs\\\/#website\"},\"primaryImageOfPage\":{\"@id\":\"https:\\\/\\\/fedrs.eu\\\/cs\\\/shop\\\/fedrs-ice-cool-x-strong-ultra-mint\\\/#primaryimage\"},\"image\":{\"@id\":\"https:\\\/\\\/fedrs.eu\\\/cs\\\/shop\\\/fedrs-ice-cool-x-strong-ultra-mint\\\/#primaryimage\"},\"thumbnailUrl\":\"https:\\\/\\\/fedrs.eu\\\/wp-content\\\/uploads\\\/2024\\\/11\\\/icecoolultramintxs-min.png\",\"datePublished\":\"2024-11-17T22:20:32+00:00\",\"dateModified\":\"2025-09-05T09:52:40+00:00\",\"description\":\"Ice Cool X-Strong Ultra Mint - EXTRA SILN\u00dd. Intenzivn\u00ed m\u00e1tov\u00e1 p\u0159\u00edchu\u0165. Prvot\u0159\u00eddn\u00ed novinka od spole\u010dnosti FEDRS, kter\u00e1 si zaslou\u017e\u00ed pozornost!\",\"breadcrumb\":{\"@id\":\"https:\\\/\\\/fedrs.eu\\\/cs\\\/shop\\\/fedrs-ice-cool-x-strong-ultra-mint\\\/#breadcrumb\"},\"inLanguage\":\"cs\",\"potentialAction\":[{\"@type\":\"ReadAction\",\"target\":[\"https:\\\/\\\/fedrs.eu\\\/cs\\\/shop\\\/fedrs-ice-cool-x-strong-ultra-mint\\\/\"]}]},{\"@type\":\"ImageObject\",\"inLanguage\":\"cs\",\"@id\":\"https:\\\/\\\/fedrs.eu\\\/cs\\\/shop\\\/fedrs-ice-cool-x-strong-ultra-mint\\\/#primaryimage\",\"url\":\"https:\\\/\\\/fedrs.eu\\\/wp-content\\\/uploads\\\/2024\\\/11\\\/icecoolultramintxs-min.png\",\"contentUrl\":\"https:\\\/\\\/fedrs.eu\\\/wp-content\\\/uploads\\\/2024\\\/11\\\/icecoolultramintxs-min.png\",\"width\":960,\"height\":960},{\"@type\":\"BreadcrumbList\",\"@id\":\"https:\\\/\\\/fedrs.eu\\\/cs\\\/shop\\\/fedrs-ice-cool-x-strong-ultra-mint\\\/#breadcrumb\",\"itemListElement\":[{\"@type\":\"ListItem\",\"position\":1,\"name\":\"Home\",\"item\":\"https:\\\/\\\/fedrs.eu\\\/cs\\\/\"},{\"@type\":\"ListItem\",\"position\":2,\"name\":\"Obchod\",\"item\":\"https:\\\/\\\/fedrs.eu\\\/cs\\\/shop\\\/\"},{\"@type\":\"ListItem\",\"position\":3,\"name\":\"FEDRS Ice Cool X-Strong Ultra Mint\"}]},{\"@type\":\"WebSite\",\"@id\":\"https:\\\/\\\/fedrs.eu\\\/cs\\\/#website\",\"url\":\"https:\\\/\\\/fedrs.eu\\\/cs\\\/\",\"name\":\"fedrs.eu\",\"description\":\"\",\"publisher\":{\"@id\":\"https:\\\/\\\/fedrs.eu\\\/cs\\\/#organization\"},\"potentialAction\":[{\"@type\":\"SearchAction\",\"target\":{\"@type\":\"EntryPoint\",\"urlTemplate\":\"https:\\\/\\\/fedrs.eu\\\/cs\\\/?s={search_term_string}\"},\"query-input\":{\"@type\":\"PropertyValueSpecification\",\"valueRequired\":true,\"valueName\":\"search_term_string\"}}],\"inLanguage\":\"cs\"},{\"@type\":\"Organization\",\"@id\":\"https:\\\/\\\/fedrs.eu\\\/cs\\\/#organization\",\"name\":\"Fedrs sp.z o.o\",\"url\":\"https:\\\/\\\/fedrs.eu\\\/cs\\\/\",\"logo\":{\"@type\":\"ImageObject\",\"inLanguage\":\"cs\",\"@id\":\"https:\\\/\\\/fedrs.eu\\\/cs\\\/#\\\/schema\\\/logo\\\/image\\\/\",\"url\":\"https:\\\/\\\/fedrs.eu\\\/wp-content\\\/uploads\\\/2024\\\/12\\\/image-52.png\",\"contentUrl\":\"https:\\\/\\\/fedrs.eu\\\/wp-content\\\/uploads\\\/2024\\\/12\\\/image-52.png\",\"width\":97,\"height\":30,\"caption\":\"Fedrs sp.z o.o\"},\"image\":{\"@id\":\"https:\\\/\\\/fedrs.eu\\\/cs\\\/#\\\/schema\\\/logo\\\/image\\\/\"},\"publishingPrinciples\":\"https:\\\/\\\/fedrs.eu\\\/terms-and-conditions\\\/\"}]}<\/script>\n<meta property=\"product:brand\" content=\"FEDRS Ice Cool\" \/>\n<meta property=\"og:availability\" content=\"instock\" \/>\n<meta property=\"product:availability\" content=\"instock\" \/>\n<meta property=\"product:condition\" content=\"new\" \/>\n<!-- \/ Yoast SEO Premium plugin. -->","yoast_head_json":{"title":"Nikotinov\u00e9 s\u00e1\u010dky FEDRS Ice Cool X-Strong Ultra Mint | 50 mg\/g","description":"Ice Cool X-Strong Ultra Mint - EXTRA SILN\u00dd. Intenzivn\u00ed m\u00e1tov\u00e1 p\u0159\u00edchu\u0165. Prvot\u0159\u00eddn\u00ed novinka od spole\u010dnosti FEDRS, kter\u00e1 si zaslou\u017e\u00ed pozornost!","robots":{"index":"index","follow":"follow","max-snippet":"max-snippet:-1","max-image-preview":"max-image-preview:large","max-video-preview":"max-video-preview:-1"},"canonical":"https:\/\/fedrs.eu\/cs\/shop\/fedrs-ice-cool-x-strong-ultra-mint\/","og_locale":"cs_CZ","og_type":"article","og_title":"FEDRS Ice Cool X-Strong Ultra Mint","og_description":"Ice Cool X-Strong Ultra Mint - EXTRA SILN\u00dd. Intenzivn\u00ed m\u00e1tov\u00e1 p\u0159\u00edchu\u0165. Prvot\u0159\u00eddn\u00ed novinka od spole\u010dnosti FEDRS, kter\u00e1 si zaslou\u017e\u00ed pozornost!","og_url":"https:\/\/fedrs.eu\/cs\/shop\/fedrs-ice-cool-x-strong-ultra-mint\/","og_site_name":"fedrs.eu","article_modified_time":"2025-09-05T09:52:40+00:00","og_image":[{"width":960,"height":960,"url":"https:\/\/fedrs.eu\/wp-content\/uploads\/2024\/11\/icecoolultramintxs-min.png","type":"image\/png"}],"twitter_card":"summary_large_image","twitter_misc":{"Dostupnost":"Skladem"},"schema":{"@context":"https:\/\/schema.org","@graph":[{"@type":"WebPage","@id":"https:\/\/fedrs.eu\/cs\/shop\/fedrs-ice-cool-x-strong-ultra-mint\/","url":"https:\/\/fedrs.eu\/cs\/shop\/fedrs-ice-cool-x-strong-ultra-mint\/","name":"Nikotinov\u00e9 s\u00e1\u010dky FEDRS Ice Cool X-Strong Ultra Mint | 50 mg\/g","isPartOf":{"@id":"https:\/\/fedrs.eu\/cs\/#website"},"primaryImageOfPage":{"@id":"https:\/\/fedrs.eu\/cs\/shop\/fedrs-ice-cool-x-strong-ultra-mint\/#primaryimage"},"image":{"@id":"https:\/\/fedrs.eu\/cs\/shop\/fedrs-ice-cool-x-strong-ultra-mint\/#primaryimage"},"thumbnailUrl":"https:\/\/fedrs.eu\/wp-content\/uploads\/2024\/11\/icecoolultramintxs-min.png","datePublished":"2024-11-17T22:20:32+00:00","dateModified":"2025-09-05T09:52:40+00:00","description":"Ice Cool X-Strong Ultra Mint - EXTRA SILN\u00dd. Intenzivn\u00ed m\u00e1tov\u00e1 p\u0159\u00edchu\u0165. Prvot\u0159\u00eddn\u00ed novinka od spole\u010dnosti FEDRS, kter\u00e1 si zaslou\u017e\u00ed pozornost!","breadcrumb":{"@id":"https:\/\/fedrs.eu\/cs\/shop\/fedrs-ice-cool-x-strong-ultra-mint\/#breadcrumb"},"inLanguage":"cs","potentialAction":[{"@type":"ReadAction","target":["https:\/\/fedrs.eu\/cs\/shop\/fedrs-ice-cool-x-strong-ultra-mint\/"]}]},{"@type":"ImageObject","inLanguage":"cs","@id":"https:\/\/fedrs.eu\/cs\/shop\/fedrs-ice-cool-x-strong-ultra-mint\/#primaryimage","url":"https:\/\/fedrs.eu\/wp-content\/uploads\/2024\/11\/icecoolultramintxs-min.png","contentUrl":"https:\/\/fedrs.eu\/wp-content\/uploads\/2024\/11\/icecoolultramintxs-min.png","width":960,"height":960},{"@type":"BreadcrumbList","@id":"https:\/\/fedrs.eu\/cs\/shop\/fedrs-ice-cool-x-strong-ultra-mint\/#breadcrumb","itemListElement":[{"@type":"ListItem","position":1,"name":"Home","item":"https:\/\/fedrs.eu\/cs\/"},{"@type":"ListItem","position":2,"name":"Obchod","item":"https:\/\/fedrs.eu\/cs\/shop\/"},{"@type":"ListItem","position":3,"name":"FEDRS Ice Cool X-Strong Ultra Mint"}]},{"@type":"WebSite","@id":"https:\/\/fedrs.eu\/cs\/#website","url":"https:\/\/fedrs.eu\/cs\/","name":"fedrs.eu","description":"","publisher":{"@id":"https:\/\/fedrs.eu\/cs\/#organization"},"potentialAction":[{"@type":"SearchAction","target":{"@type":"EntryPoint","urlTemplate":"https:\/\/fedrs.eu\/cs\/?s={search_term_string}"},"query-input":{"@type":"PropertyValueSpecification","valueRequired":true,"valueName":"search_term_string"}}],"inLanguage":"cs"},{"@type":"Organization","@id":"https:\/\/fedrs.eu\/cs\/#organization","name":"Fedrs sp.z o.o","url":"https:\/\/fedrs.eu\/cs\/","logo":{"@type":"ImageObject","inLanguage":"cs","@id":"https:\/\/fedrs.eu\/cs\/#\/schema\/logo\/image\/","url":"https:\/\/fedrs.eu\/wp-content\/uploads\/2024\/12\/image-52.png","contentUrl":"https:\/\/fedrs.eu\/wp-content\/uploads\/2024\/12\/image-52.png","width":97,"height":30,"caption":"Fedrs sp.z o.o"},"image":{"@id":"https:\/\/fedrs.eu\/cs\/#\/schema\/logo\/image\/"},"publishingPrinciples":"https:\/\/fedrs.eu\/terms-and-conditions\/"}]},"product_brand":"FEDRS Ice Cool","og_availability":"instock","product_availability":"instock","product_condition":"new"},"_links":{"self":[{"href":"https:\/\/fedrs.eu\/cs\/wp-json\/wp\/v2\/product\/18362","targetHints":{"allow":["GET"]}}],"collection":[{"href":"https:\/\/fedrs.eu\/cs\/wp-json\/wp\/v2\/product"}],"about":[{"href":"https:\/\/fedrs.eu\/cs\/wp-json\/wp\/v2\/types\/product"}],"replies":[{"embeddable":true,"href":"https:\/\/fedrs.eu\/cs\/wp-json\/wp\/v2\/comments?post=18362"}],"wp:featuredmedia":[{"embeddable":true,"href":"https:\/\/fedrs.eu\/cs\/wp-json\/wp\/v2\/media\/4032"}],"wp:attachment":[{"href":"https:\/\/fedrs.eu\/cs\/wp-json\/wp\/v2\/media?parent=18362"}],"wp:term":[{"taxonomy":"product_brand","embeddable":true,"href":"https:\/\/fedrs.eu\/cs\/wp-json\/wp\/v2\/product_brand?post=18362"},{"taxonomy":"product_cat","embeddable":true,"href":"https:\/\/fedrs.eu\/cs\/wp-json\/wp\/v2\/product_cat?post=18362"},{"taxonomy":"product_tag","embeddable":true,"href":"https:\/\/fedrs.eu\/cs\/wp-json\/wp\/v2\/product_tag?post=18362"}],"curies":[{"name":"wp","href":"https:\/\/api.w.org\/{rel}","templated":true}]}}