{"id":18326,"date":"2024-11-17T21:53:31","date_gmt":"2024-11-17T21:53:31","guid":{"rendered":"https:\/\/fedrs.eu\/shop\/fedrs-ice-cool-hard-double-mint\/"},"modified":"2025-08-26T16:58:02","modified_gmt":"2025-08-26T14:58:02","slug":"fedrs-ice-cool-hard-double-mint","status":"publish","type":"product","link":"https:\/\/fedrs.eu\/cs\/shop\/fedrs-ice-cool-hard-double-mint\/","title":{"rendered":"FEDRS Ice Cool Hard Double Mint"},"content":{"rendered":"<p>Dvojit\u00e1 m\u00e1ta - dvojit\u00fd hardcore! Pokud d\u00e1v\u00e1te p\u0159ednost siln\u00e9mu pocitu a m\u00e1tov\u00e9 chuti, zamilujete si tuto sm\u011bs sv\u011b\u017e\u00ed chuti s ledov\u00fdm dozvukem. Nab\u00edz\u00ed v\u00e1m zmrazit mozek chladiv\u00fdmi t\u00f3ny mentolu, po nich\u017e n\u00e1sleduje p\u0159\u00edchu\u0165 m\u00e1tov\u00fdch bonb\u00f3n\u016f, kter\u00e1 slou\u017e\u00ed k oslazen\u00ed sm\u011bsi a vytvo\u0159en\u00ed vyv\u00e1\u017een\u00e9 komplexn\u00ed chuti: vo\u0148av\u00fd mentol a chladiv\u00e1 m\u00e1ta se po celou dobu kombinuj\u00ed pro ostr\u00fd dech.  <\/p>\n","protected":false},"excerpt":{"rendered":"<div class=\"descrip_p\">\n<div class=\"product-pstyle\"><\/div>\n<p>Odva\u017ete se otestovat svou vytrvalost s dvojit\u00fdm hardcorem!<\/p>\n<\/div>\n","protected":false},"featured_media":5000,"comment_status":"open","ping_status":"closed","template":"","meta":{"googlesitekit_rrm_CAowmrG7DA:productID":""},"product_brand":[],"product_cat":[543,568,673,610,817],"product_tag":[],"class_list":{"0":"post-18326","1":"product","2":"type-product","3":"status-publish","4":"has-post-thumbnail","6":"product_cat-65-mg-g-cs","7":"product_cat-fedrs-ice-cool-hard-cs","8":"product_cat-hit-cs","9":"product_cat-mata-a-mentol","10":"product_cat-nikotinove-sacky","12":"first","13":"instock","14":"taxable","15":"shipping-taxable","16":"product-type-variable","17":"has-default-attributes"},"yoast_head":"<!-- This site is optimized with the Yoast SEO Premium plugin v26.5 (Yoast SEO v27.3) - https:\/\/yoast.com\/product\/yoast-seo-premium-wordpress\/ -->\n<title>FEDRS Ice Cool Hard Double Mint - Nikotinov\u00e9 s\u00e1\u010dky<\/title>\n<meta name=\"description\" content=\"FEDRS Ice Cool Hard Double Mint - dvojit\u00fd hardcore! Pokud d\u00e1v\u00e1te p\u0159ednost siln\u00e9mu pocitu (65 mg\/g) a m\u00e1tov\u00e9 chuti, budete milovat!\" \/>\n<meta name=\"robots\" content=\"index, follow, max-snippet:-1, max-image-preview:large, max-video-preview:-1\" \/>\n<link rel=\"canonical\" href=\"https:\/\/fedrs.eu\/cs\/shop\/fedrs-ice-cool-hard-double-mint\/\" \/>\n<meta property=\"og:locale\" content=\"cs_CZ\" \/>\n<meta property=\"og:type\" content=\"article\" \/>\n<meta property=\"og:title\" content=\"FEDRS Ice Cool Hard Double Mint\" \/>\n<meta property=\"og:description\" content=\"FEDRS Ice Cool Hard Double Mint - dvojit\u00fd hardcore! Pokud d\u00e1v\u00e1te p\u0159ednost siln\u00e9mu pocitu (65 mg\/g) a m\u00e1tov\u00e9 chuti, budete milovat!\" \/>\n<meta property=\"og:url\" content=\"https:\/\/fedrs.eu\/cs\/shop\/fedrs-ice-cool-hard-double-mint\/\" \/>\n<meta property=\"og:site_name\" content=\"fedrs.eu\" \/>\n<meta property=\"article:modified_time\" content=\"2025-08-26T14:58:02+00:00\" \/>\n<meta property=\"og:image\" content=\"https:\/\/fedrs.eu\/wp-content\/uploads\/2024\/11\/DoubleMintHard0005-1200x1200.png\" \/>\n\t<meta property=\"og:image:width\" content=\"1200\" \/>\n\t<meta property=\"og:image:height\" content=\"1200\" \/>\n\t<meta property=\"og:image:type\" content=\"image\/png\" \/>\n<meta name=\"twitter:card\" content=\"summary_large_image\" \/>\n<meta name=\"twitter:label1\" content=\"Dostupnost\" \/>\n\t<meta name=\"twitter:data1\" content=\"Skladem\" \/>\n<script type=\"application\/ld+json\" class=\"yoast-schema-graph\">{\"@context\":\"https:\\\/\\\/schema.org\",\"@graph\":[{\"@type\":\"WebPage\",\"@id\":\"https:\\\/\\\/fedrs.eu\\\/cs\\\/shop\\\/fedrs-ice-cool-hard-double-mint\\\/\",\"url\":\"https:\\\/\\\/fedrs.eu\\\/cs\\\/shop\\\/fedrs-ice-cool-hard-double-mint\\\/\",\"name\":\"FEDRS Ice Cool Hard Double Mint - Nikotinov\u00e9 s\u00e1\u010dky\",\"isPartOf\":{\"@id\":\"https:\\\/\\\/fedrs.eu\\\/cs\\\/#website\"},\"primaryImageOfPage\":{\"@id\":\"https:\\\/\\\/fedrs.eu\\\/cs\\\/shop\\\/fedrs-ice-cool-hard-double-mint\\\/#primaryimage\"},\"image\":{\"@id\":\"https:\\\/\\\/fedrs.eu\\\/cs\\\/shop\\\/fedrs-ice-cool-hard-double-mint\\\/#primaryimage\"},\"thumbnailUrl\":\"https:\\\/\\\/fedrs.eu\\\/wp-content\\\/uploads\\\/2024\\\/11\\\/DoubleMintHard0005.png\",\"datePublished\":\"2024-11-17T21:53:31+00:00\",\"dateModified\":\"2025-08-26T14:58:02+00:00\",\"description\":\"FEDRS Ice Cool Hard Double Mint - dvojit\u00fd hardcore! Pokud d\u00e1v\u00e1te p\u0159ednost siln\u00e9mu pocitu (65 mg\\\/g) a m\u00e1tov\u00e9 chuti, budete milovat!\",\"breadcrumb\":{\"@id\":\"https:\\\/\\\/fedrs.eu\\\/cs\\\/shop\\\/fedrs-ice-cool-hard-double-mint\\\/#breadcrumb\"},\"inLanguage\":\"cs\",\"potentialAction\":[{\"@type\":\"ReadAction\",\"target\":[\"https:\\\/\\\/fedrs.eu\\\/cs\\\/shop\\\/fedrs-ice-cool-hard-double-mint\\\/\"]}]},{\"@type\":\"ImageObject\",\"inLanguage\":\"cs\",\"@id\":\"https:\\\/\\\/fedrs.eu\\\/cs\\\/shop\\\/fedrs-ice-cool-hard-double-mint\\\/#primaryimage\",\"url\":\"https:\\\/\\\/fedrs.eu\\\/wp-content\\\/uploads\\\/2024\\\/11\\\/DoubleMintHard0005.png\",\"contentUrl\":\"https:\\\/\\\/fedrs.eu\\\/wp-content\\\/uploads\\\/2024\\\/11\\\/DoubleMintHard0005.png\",\"width\":2500,\"height\":2500},{\"@type\":\"BreadcrumbList\",\"@id\":\"https:\\\/\\\/fedrs.eu\\\/cs\\\/shop\\\/fedrs-ice-cool-hard-double-mint\\\/#breadcrumb\",\"itemListElement\":[{\"@type\":\"ListItem\",\"position\":1,\"name\":\"Home\",\"item\":\"https:\\\/\\\/fedrs.eu\\\/cs\\\/\"},{\"@type\":\"ListItem\",\"position\":2,\"name\":\"Obchod\",\"item\":\"https:\\\/\\\/fedrs.eu\\\/cs\\\/shop\\\/\"},{\"@type\":\"ListItem\",\"position\":3,\"name\":\"FEDRS Ice Cool Hard Double Mint\"}]},{\"@type\":\"WebSite\",\"@id\":\"https:\\\/\\\/fedrs.eu\\\/cs\\\/#website\",\"url\":\"https:\\\/\\\/fedrs.eu\\\/cs\\\/\",\"name\":\"fedrs.eu\",\"description\":\"\",\"publisher\":{\"@id\":\"https:\\\/\\\/fedrs.eu\\\/cs\\\/#organization\"},\"potentialAction\":[{\"@type\":\"SearchAction\",\"target\":{\"@type\":\"EntryPoint\",\"urlTemplate\":\"https:\\\/\\\/fedrs.eu\\\/cs\\\/?s={search_term_string}\"},\"query-input\":{\"@type\":\"PropertyValueSpecification\",\"valueRequired\":true,\"valueName\":\"search_term_string\"}}],\"inLanguage\":\"cs\"},{\"@type\":\"Organization\",\"@id\":\"https:\\\/\\\/fedrs.eu\\\/cs\\\/#organization\",\"name\":\"Fedrs sp.z o.o\",\"url\":\"https:\\\/\\\/fedrs.eu\\\/cs\\\/\",\"logo\":{\"@type\":\"ImageObject\",\"inLanguage\":\"cs\",\"@id\":\"https:\\\/\\\/fedrs.eu\\\/cs\\\/#\\\/schema\\\/logo\\\/image\\\/\",\"url\":\"https:\\\/\\\/fedrs.eu\\\/wp-content\\\/uploads\\\/2024\\\/12\\\/image-52.png\",\"contentUrl\":\"https:\\\/\\\/fedrs.eu\\\/wp-content\\\/uploads\\\/2024\\\/12\\\/image-52.png\",\"width\":97,\"height\":30,\"caption\":\"Fedrs sp.z o.o\"},\"image\":{\"@id\":\"https:\\\/\\\/fedrs.eu\\\/cs\\\/#\\\/schema\\\/logo\\\/image\\\/\"},\"publishingPrinciples\":\"https:\\\/\\\/fedrs.eu\\\/terms-and-conditions\\\/\"}]}<\/script>\n<meta property=\"product:brand\" content=\"FEDRS Ice Cool Hard\" \/>\n<meta property=\"og:availability\" content=\"instock\" \/>\n<meta property=\"product:availability\" content=\"instock\" \/>\n<meta property=\"product:retailer_item_id\" content=\"01010\" \/>\n<meta property=\"product:condition\" content=\"new\" \/>\n<!-- \/ Yoast SEO Premium plugin. -->","yoast_head_json":{"title":"FEDRS Ice Cool Hard Double Mint - Nikotinov\u00e9 s\u00e1\u010dky","description":"FEDRS Ice Cool Hard Double Mint - dvojit\u00fd hardcore! Pokud d\u00e1v\u00e1te p\u0159ednost siln\u00e9mu pocitu (65 mg\/g) a m\u00e1tov\u00e9 chuti, budete milovat!","robots":{"index":"index","follow":"follow","max-snippet":"max-snippet:-1","max-image-preview":"max-image-preview:large","max-video-preview":"max-video-preview:-1"},"canonical":"https:\/\/fedrs.eu\/cs\/shop\/fedrs-ice-cool-hard-double-mint\/","og_locale":"cs_CZ","og_type":"article","og_title":"FEDRS Ice Cool Hard Double Mint","og_description":"FEDRS Ice Cool Hard Double Mint - dvojit\u00fd hardcore! Pokud d\u00e1v\u00e1te p\u0159ednost siln\u00e9mu pocitu (65 mg\/g) a m\u00e1tov\u00e9 chuti, budete milovat!","og_url":"https:\/\/fedrs.eu\/cs\/shop\/fedrs-ice-cool-hard-double-mint\/","og_site_name":"fedrs.eu","article_modified_time":"2025-08-26T14:58:02+00:00","og_image":[{"width":1200,"height":1200,"url":"https:\/\/fedrs.eu\/wp-content\/uploads\/2024\/11\/DoubleMintHard0005-1200x1200.png","type":"image\/png"}],"twitter_card":"summary_large_image","twitter_misc":{"Dostupnost":"Skladem"},"schema":{"@context":"https:\/\/schema.org","@graph":[{"@type":"WebPage","@id":"https:\/\/fedrs.eu\/cs\/shop\/fedrs-ice-cool-hard-double-mint\/","url":"https:\/\/fedrs.eu\/cs\/shop\/fedrs-ice-cool-hard-double-mint\/","name":"FEDRS Ice Cool Hard Double Mint - Nikotinov\u00e9 s\u00e1\u010dky","isPartOf":{"@id":"https:\/\/fedrs.eu\/cs\/#website"},"primaryImageOfPage":{"@id":"https:\/\/fedrs.eu\/cs\/shop\/fedrs-ice-cool-hard-double-mint\/#primaryimage"},"image":{"@id":"https:\/\/fedrs.eu\/cs\/shop\/fedrs-ice-cool-hard-double-mint\/#primaryimage"},"thumbnailUrl":"https:\/\/fedrs.eu\/wp-content\/uploads\/2024\/11\/DoubleMintHard0005.png","datePublished":"2024-11-17T21:53:31+00:00","dateModified":"2025-08-26T14:58:02+00:00","description":"FEDRS Ice Cool Hard Double Mint - dvojit\u00fd hardcore! Pokud d\u00e1v\u00e1te p\u0159ednost siln\u00e9mu pocitu (65 mg\/g) a m\u00e1tov\u00e9 chuti, budete milovat!","breadcrumb":{"@id":"https:\/\/fedrs.eu\/cs\/shop\/fedrs-ice-cool-hard-double-mint\/#breadcrumb"},"inLanguage":"cs","potentialAction":[{"@type":"ReadAction","target":["https:\/\/fedrs.eu\/cs\/shop\/fedrs-ice-cool-hard-double-mint\/"]}]},{"@type":"ImageObject","inLanguage":"cs","@id":"https:\/\/fedrs.eu\/cs\/shop\/fedrs-ice-cool-hard-double-mint\/#primaryimage","url":"https:\/\/fedrs.eu\/wp-content\/uploads\/2024\/11\/DoubleMintHard0005.png","contentUrl":"https:\/\/fedrs.eu\/wp-content\/uploads\/2024\/11\/DoubleMintHard0005.png","width":2500,"height":2500},{"@type":"BreadcrumbList","@id":"https:\/\/fedrs.eu\/cs\/shop\/fedrs-ice-cool-hard-double-mint\/#breadcrumb","itemListElement":[{"@type":"ListItem","position":1,"name":"Home","item":"https:\/\/fedrs.eu\/cs\/"},{"@type":"ListItem","position":2,"name":"Obchod","item":"https:\/\/fedrs.eu\/cs\/shop\/"},{"@type":"ListItem","position":3,"name":"FEDRS Ice Cool Hard Double Mint"}]},{"@type":"WebSite","@id":"https:\/\/fedrs.eu\/cs\/#website","url":"https:\/\/fedrs.eu\/cs\/","name":"fedrs.eu","description":"","publisher":{"@id":"https:\/\/fedrs.eu\/cs\/#organization"},"potentialAction":[{"@type":"SearchAction","target":{"@type":"EntryPoint","urlTemplate":"https:\/\/fedrs.eu\/cs\/?s={search_term_string}"},"query-input":{"@type":"PropertyValueSpecification","valueRequired":true,"valueName":"search_term_string"}}],"inLanguage":"cs"},{"@type":"Organization","@id":"https:\/\/fedrs.eu\/cs\/#organization","name":"Fedrs sp.z o.o","url":"https:\/\/fedrs.eu\/cs\/","logo":{"@type":"ImageObject","inLanguage":"cs","@id":"https:\/\/fedrs.eu\/cs\/#\/schema\/logo\/image\/","url":"https:\/\/fedrs.eu\/wp-content\/uploads\/2024\/12\/image-52.png","contentUrl":"https:\/\/fedrs.eu\/wp-content\/uploads\/2024\/12\/image-52.png","width":97,"height":30,"caption":"Fedrs sp.z o.o"},"image":{"@id":"https:\/\/fedrs.eu\/cs\/#\/schema\/logo\/image\/"},"publishingPrinciples":"https:\/\/fedrs.eu\/terms-and-conditions\/"}]},"product_brand":"FEDRS Ice Cool Hard","og_availability":"instock","product_availability":"instock","product_retailer_item_id":"01010","product_condition":"new"},"_links":{"self":[{"href":"https:\/\/fedrs.eu\/cs\/wp-json\/wp\/v2\/product\/18326","targetHints":{"allow":["GET"]}}],"collection":[{"href":"https:\/\/fedrs.eu\/cs\/wp-json\/wp\/v2\/product"}],"about":[{"href":"https:\/\/fedrs.eu\/cs\/wp-json\/wp\/v2\/types\/product"}],"replies":[{"embeddable":true,"href":"https:\/\/fedrs.eu\/cs\/wp-json\/wp\/v2\/comments?post=18326"}],"wp:featuredmedia":[{"embeddable":true,"href":"https:\/\/fedrs.eu\/cs\/wp-json\/wp\/v2\/media\/5000"}],"wp:attachment":[{"href":"https:\/\/fedrs.eu\/cs\/wp-json\/wp\/v2\/media?parent=18326"}],"wp:term":[{"taxonomy":"product_brand","embeddable":true,"href":"https:\/\/fedrs.eu\/cs\/wp-json\/wp\/v2\/product_brand?post=18326"},{"taxonomy":"product_cat","embeddable":true,"href":"https:\/\/fedrs.eu\/cs\/wp-json\/wp\/v2\/product_cat?post=18326"},{"taxonomy":"product_tag","embeddable":true,"href":"https:\/\/fedrs.eu\/cs\/wp-json\/wp\/v2\/product_tag?post=18326"}],"curies":[{"name":"wp","href":"https:\/\/api.w.org\/{rel}","templated":true}]}}