{"id":18277,"date":"2024-11-17T22:46:42","date_gmt":"2024-11-17T22:46:42","guid":{"rendered":"https:\/\/fedrs.eu\/shop\/stripe-strong-mint\/"},"modified":"2026-02-18T12:18:33","modified_gmt":"2026-02-18T11:18:33","slug":"stripe-strong-mint","status":"publish","type":"product","link":"https:\/\/fedrs.eu\/cs\/shop\/stripe-strong-mint\/","title":{"rendered":"STRIPE Strong Mint"},"content":{"rendered":"<p>Za\u017eijte klasick\u00e9 osv\u011b\u017een\u00ed s nikotinov\u00fdmi s\u00e1\u010dky Stripe Mint, 40 mg\/g. Tyto s\u00e1\u010dky p\u0159in\u00e1\u0161ej\u00ed sv\u011b\u017e\u00ed a osv\u011b\u017euj\u00edc\u00ed m\u00e1tovou p\u0159\u00edchu\u0165, kter\u00e1 dod\u00e1v\u00e1 energii a osv\u011b\u017euje. Jsou ide\u00e1ln\u00ed pro ty, kte\u0159\u00ed ocen\u00ed \u010distou esenci m\u00e1ty a nab\u00edzej\u00ed siln\u011bj\u0161\u00ed nikotinov\u00fd z\u00e1sah ve srovn\u00e1n\u00ed s ni\u017e\u0161\u00edmi silami. Ide\u00e1ln\u00ed pro chv\u00edle, kdy pot\u0159ebujete silnou a osv\u011b\u017euj\u00edc\u00ed vzpruhu.   <\/p>\n","protected":false},"excerpt":{"rendered":"<div class=\"descrip_p\">\n<div class=\"product-pstyle\"><\/div>\n<p>Vyzkou\u0161ejte \u010distou, sv\u011b\u017e\u00ed chu\u0165 m\u00e1ty, kter\u00e1 poskytuje chladiv\u00fd a osv\u011b\u017euj\u00edc\u00ed pocit.<\/p>\n<\/div>\n","protected":false},"featured_media":4628,"comment_status":"open","ping_status":"closed","template":"","meta":{"googlesitekit_rrm_CAowmrG7DA:productID":""},"product_brand":[],"product_cat":[608,610,817,603],"product_tag":[],"class_list":{"0":"post-18277","1":"product","2":"type-product","3":"status-publish","4":"has-post-thumbnail","6":"product_cat-40-mg-g-cs","7":"product_cat-mata-a-mentol","8":"product_cat-nikotinove-sacky","9":"product_cat-stripe-cs","11":"first","12":"instock","13":"taxable","14":"shipping-taxable","15":"product-type-variable","16":"has-default-attributes"},"yoast_head":"<!-- This site is optimized with the Yoast SEO Premium plugin v26.5 (Yoast SEO v27.3) - https:\/\/yoast.com\/product\/yoast-seo-premium-wordpress\/ -->\n<title>Beznikotinov\u00e9 s\u00e1\u010dky STRIPE Strong Mint 40 mg\/g<\/title>\n<meta name=\"description\" content=\"Vyzkou\u0161ejte \u010distou, sv\u011b\u017e\u00ed chu\u0165 m\u00e1ty, kter\u00e1 poskytuje chladiv\u00fd a osv\u011b\u017euj\u00edc\u00ed pocit - STRONG. Prvot\u0159\u00eddn\u00ed novinka od spole\u010dnosti FEDRS, kter\u00e1 si zaslou\u017e\u00ed pozornost!\" \/>\n<meta name=\"robots\" content=\"index, follow, max-snippet:-1, max-image-preview:large, max-video-preview:-1\" \/>\n<link rel=\"canonical\" href=\"https:\/\/fedrs.eu\/cs\/shop\/stripe-strong-mint\/\" \/>\n<meta property=\"og:locale\" content=\"cs_CZ\" \/>\n<meta property=\"og:type\" content=\"article\" \/>\n<meta property=\"og:title\" content=\"STRIPE Strong Mint\" \/>\n<meta property=\"og:description\" content=\"Vyzkou\u0161ejte \u010distou, sv\u011b\u017e\u00ed chu\u0165 m\u00e1ty, kter\u00e1 poskytuje chladiv\u00fd a osv\u011b\u017euj\u00edc\u00ed pocit - STRONG. Prvot\u0159\u00eddn\u00ed novinka od spole\u010dnosti FEDRS, kter\u00e1 si zaslou\u017e\u00ed pozornost!\" \/>\n<meta property=\"og:url\" content=\"https:\/\/fedrs.eu\/cs\/shop\/stripe-strong-mint\/\" \/>\n<meta property=\"og:site_name\" content=\"fedrs.eu\" \/>\n<meta property=\"article:modified_time\" content=\"2026-02-18T11:18:33+00:00\" \/>\n<meta property=\"og:image\" content=\"https:\/\/fedrs.eu\/wp-content\/uploads\/2024\/11\/stripemint111-min.png\" \/>\n\t<meta property=\"og:image:width\" content=\"960\" \/>\n\t<meta property=\"og:image:height\" content=\"960\" \/>\n\t<meta property=\"og:image:type\" content=\"image\/png\" \/>\n<meta name=\"twitter:card\" content=\"summary_large_image\" \/>\n<meta name=\"twitter:label1\" content=\"Dostupnost\" \/>\n\t<meta name=\"twitter:data1\" content=\"Skladem\" \/>\n<script type=\"application\/ld+json\" class=\"yoast-schema-graph\">{\"@context\":\"https:\\\/\\\/schema.org\",\"@graph\":[{\"@type\":\"WebPage\",\"@id\":\"https:\\\/\\\/fedrs.eu\\\/cs\\\/shop\\\/stripe-strong-mint\\\/\",\"url\":\"https:\\\/\\\/fedrs.eu\\\/cs\\\/shop\\\/stripe-strong-mint\\\/\",\"name\":\"Beznikotinov\u00e9 s\u00e1\u010dky STRIPE Strong Mint 40 mg\\\/g\",\"isPartOf\":{\"@id\":\"https:\\\/\\\/fedrs.eu\\\/cs\\\/#website\"},\"primaryImageOfPage\":{\"@id\":\"https:\\\/\\\/fedrs.eu\\\/cs\\\/shop\\\/stripe-strong-mint\\\/#primaryimage\"},\"image\":{\"@id\":\"https:\\\/\\\/fedrs.eu\\\/cs\\\/shop\\\/stripe-strong-mint\\\/#primaryimage\"},\"thumbnailUrl\":\"https:\\\/\\\/fedrs.eu\\\/wp-content\\\/uploads\\\/2024\\\/11\\\/stripemint111-min.png\",\"datePublished\":\"2024-11-17T22:46:42+00:00\",\"dateModified\":\"2026-02-18T11:18:33+00:00\",\"description\":\"Vyzkou\u0161ejte \u010distou, sv\u011b\u017e\u00ed chu\u0165 m\u00e1ty, kter\u00e1 poskytuje chladiv\u00fd a osv\u011b\u017euj\u00edc\u00ed pocit - STRONG. Prvot\u0159\u00eddn\u00ed novinka od spole\u010dnosti FEDRS, kter\u00e1 si zaslou\u017e\u00ed pozornost!\",\"breadcrumb\":{\"@id\":\"https:\\\/\\\/fedrs.eu\\\/cs\\\/shop\\\/stripe-strong-mint\\\/#breadcrumb\"},\"inLanguage\":\"cs\",\"potentialAction\":[{\"@type\":\"ReadAction\",\"target\":[\"https:\\\/\\\/fedrs.eu\\\/cs\\\/shop\\\/stripe-strong-mint\\\/\"]}]},{\"@type\":\"ImageObject\",\"inLanguage\":\"cs\",\"@id\":\"https:\\\/\\\/fedrs.eu\\\/cs\\\/shop\\\/stripe-strong-mint\\\/#primaryimage\",\"url\":\"https:\\\/\\\/fedrs.eu\\\/wp-content\\\/uploads\\\/2024\\\/11\\\/stripemint111-min.png\",\"contentUrl\":\"https:\\\/\\\/fedrs.eu\\\/wp-content\\\/uploads\\\/2024\\\/11\\\/stripemint111-min.png\",\"width\":960,\"height\":960},{\"@type\":\"BreadcrumbList\",\"@id\":\"https:\\\/\\\/fedrs.eu\\\/cs\\\/shop\\\/stripe-strong-mint\\\/#breadcrumb\",\"itemListElement\":[{\"@type\":\"ListItem\",\"position\":1,\"name\":\"Home\",\"item\":\"https:\\\/\\\/fedrs.eu\\\/cs\\\/\"},{\"@type\":\"ListItem\",\"position\":2,\"name\":\"Obchod\",\"item\":\"https:\\\/\\\/fedrs.eu\\\/cs\\\/shop\\\/\"},{\"@type\":\"ListItem\",\"position\":3,\"name\":\"STRIPE Strong Mint\"}]},{\"@type\":\"WebSite\",\"@id\":\"https:\\\/\\\/fedrs.eu\\\/cs\\\/#website\",\"url\":\"https:\\\/\\\/fedrs.eu\\\/cs\\\/\",\"name\":\"fedrs.eu\",\"description\":\"\",\"publisher\":{\"@id\":\"https:\\\/\\\/fedrs.eu\\\/cs\\\/#organization\"},\"potentialAction\":[{\"@type\":\"SearchAction\",\"target\":{\"@type\":\"EntryPoint\",\"urlTemplate\":\"https:\\\/\\\/fedrs.eu\\\/cs\\\/?s={search_term_string}\"},\"query-input\":{\"@type\":\"PropertyValueSpecification\",\"valueRequired\":true,\"valueName\":\"search_term_string\"}}],\"inLanguage\":\"cs\"},{\"@type\":\"Organization\",\"@id\":\"https:\\\/\\\/fedrs.eu\\\/cs\\\/#organization\",\"name\":\"Fedrs sp.z o.o\",\"url\":\"https:\\\/\\\/fedrs.eu\\\/cs\\\/\",\"logo\":{\"@type\":\"ImageObject\",\"inLanguage\":\"cs\",\"@id\":\"https:\\\/\\\/fedrs.eu\\\/cs\\\/#\\\/schema\\\/logo\\\/image\\\/\",\"url\":\"https:\\\/\\\/fedrs.eu\\\/wp-content\\\/uploads\\\/2024\\\/12\\\/image-52.png\",\"contentUrl\":\"https:\\\/\\\/fedrs.eu\\\/wp-content\\\/uploads\\\/2024\\\/12\\\/image-52.png\",\"width\":97,\"height\":30,\"caption\":\"Fedrs sp.z o.o\"},\"image\":{\"@id\":\"https:\\\/\\\/fedrs.eu\\\/cs\\\/#\\\/schema\\\/logo\\\/image\\\/\"},\"publishingPrinciples\":\"https:\\\/\\\/fedrs.eu\\\/terms-and-conditions\\\/\"}]}<\/script>\n<meta property=\"product:brand\" content=\"Stripe\" \/>\n<meta property=\"og:availability\" content=\"instock\" \/>\n<meta property=\"product:availability\" content=\"instock\" \/>\n<meta property=\"product:retailer_item_id\" content=\"03015\" \/>\n<meta property=\"product:condition\" content=\"new\" \/>\n<!-- \/ Yoast SEO Premium plugin. -->","yoast_head_json":{"title":"Beznikotinov\u00e9 s\u00e1\u010dky STRIPE Strong Mint 40 mg\/g","description":"Vyzkou\u0161ejte \u010distou, sv\u011b\u017e\u00ed chu\u0165 m\u00e1ty, kter\u00e1 poskytuje chladiv\u00fd a osv\u011b\u017euj\u00edc\u00ed pocit - STRONG. Prvot\u0159\u00eddn\u00ed novinka od spole\u010dnosti FEDRS, kter\u00e1 si zaslou\u017e\u00ed pozornost!","robots":{"index":"index","follow":"follow","max-snippet":"max-snippet:-1","max-image-preview":"max-image-preview:large","max-video-preview":"max-video-preview:-1"},"canonical":"https:\/\/fedrs.eu\/cs\/shop\/stripe-strong-mint\/","og_locale":"cs_CZ","og_type":"article","og_title":"STRIPE Strong Mint","og_description":"Vyzkou\u0161ejte \u010distou, sv\u011b\u017e\u00ed chu\u0165 m\u00e1ty, kter\u00e1 poskytuje chladiv\u00fd a osv\u011b\u017euj\u00edc\u00ed pocit - STRONG. Prvot\u0159\u00eddn\u00ed novinka od spole\u010dnosti FEDRS, kter\u00e1 si zaslou\u017e\u00ed pozornost!","og_url":"https:\/\/fedrs.eu\/cs\/shop\/stripe-strong-mint\/","og_site_name":"fedrs.eu","article_modified_time":"2026-02-18T11:18:33+00:00","og_image":[{"width":960,"height":960,"url":"https:\/\/fedrs.eu\/wp-content\/uploads\/2024\/11\/stripemint111-min.png","type":"image\/png"}],"twitter_card":"summary_large_image","twitter_misc":{"Dostupnost":"Skladem"},"schema":{"@context":"https:\/\/schema.org","@graph":[{"@type":"WebPage","@id":"https:\/\/fedrs.eu\/cs\/shop\/stripe-strong-mint\/","url":"https:\/\/fedrs.eu\/cs\/shop\/stripe-strong-mint\/","name":"Beznikotinov\u00e9 s\u00e1\u010dky STRIPE Strong Mint 40 mg\/g","isPartOf":{"@id":"https:\/\/fedrs.eu\/cs\/#website"},"primaryImageOfPage":{"@id":"https:\/\/fedrs.eu\/cs\/shop\/stripe-strong-mint\/#primaryimage"},"image":{"@id":"https:\/\/fedrs.eu\/cs\/shop\/stripe-strong-mint\/#primaryimage"},"thumbnailUrl":"https:\/\/fedrs.eu\/wp-content\/uploads\/2024\/11\/stripemint111-min.png","datePublished":"2024-11-17T22:46:42+00:00","dateModified":"2026-02-18T11:18:33+00:00","description":"Vyzkou\u0161ejte \u010distou, sv\u011b\u017e\u00ed chu\u0165 m\u00e1ty, kter\u00e1 poskytuje chladiv\u00fd a osv\u011b\u017euj\u00edc\u00ed pocit - STRONG. Prvot\u0159\u00eddn\u00ed novinka od spole\u010dnosti FEDRS, kter\u00e1 si zaslou\u017e\u00ed pozornost!","breadcrumb":{"@id":"https:\/\/fedrs.eu\/cs\/shop\/stripe-strong-mint\/#breadcrumb"},"inLanguage":"cs","potentialAction":[{"@type":"ReadAction","target":["https:\/\/fedrs.eu\/cs\/shop\/stripe-strong-mint\/"]}]},{"@type":"ImageObject","inLanguage":"cs","@id":"https:\/\/fedrs.eu\/cs\/shop\/stripe-strong-mint\/#primaryimage","url":"https:\/\/fedrs.eu\/wp-content\/uploads\/2024\/11\/stripemint111-min.png","contentUrl":"https:\/\/fedrs.eu\/wp-content\/uploads\/2024\/11\/stripemint111-min.png","width":960,"height":960},{"@type":"BreadcrumbList","@id":"https:\/\/fedrs.eu\/cs\/shop\/stripe-strong-mint\/#breadcrumb","itemListElement":[{"@type":"ListItem","position":1,"name":"Home","item":"https:\/\/fedrs.eu\/cs\/"},{"@type":"ListItem","position":2,"name":"Obchod","item":"https:\/\/fedrs.eu\/cs\/shop\/"},{"@type":"ListItem","position":3,"name":"STRIPE Strong Mint"}]},{"@type":"WebSite","@id":"https:\/\/fedrs.eu\/cs\/#website","url":"https:\/\/fedrs.eu\/cs\/","name":"fedrs.eu","description":"","publisher":{"@id":"https:\/\/fedrs.eu\/cs\/#organization"},"potentialAction":[{"@type":"SearchAction","target":{"@type":"EntryPoint","urlTemplate":"https:\/\/fedrs.eu\/cs\/?s={search_term_string}"},"query-input":{"@type":"PropertyValueSpecification","valueRequired":true,"valueName":"search_term_string"}}],"inLanguage":"cs"},{"@type":"Organization","@id":"https:\/\/fedrs.eu\/cs\/#organization","name":"Fedrs sp.z o.o","url":"https:\/\/fedrs.eu\/cs\/","logo":{"@type":"ImageObject","inLanguage":"cs","@id":"https:\/\/fedrs.eu\/cs\/#\/schema\/logo\/image\/","url":"https:\/\/fedrs.eu\/wp-content\/uploads\/2024\/12\/image-52.png","contentUrl":"https:\/\/fedrs.eu\/wp-content\/uploads\/2024\/12\/image-52.png","width":97,"height":30,"caption":"Fedrs sp.z o.o"},"image":{"@id":"https:\/\/fedrs.eu\/cs\/#\/schema\/logo\/image\/"},"publishingPrinciples":"https:\/\/fedrs.eu\/terms-and-conditions\/"}]},"product_brand":"Stripe","og_availability":"instock","product_availability":"instock","product_retailer_item_id":"03015","product_condition":"new"},"_links":{"self":[{"href":"https:\/\/fedrs.eu\/cs\/wp-json\/wp\/v2\/product\/18277","targetHints":{"allow":["GET"]}}],"collection":[{"href":"https:\/\/fedrs.eu\/cs\/wp-json\/wp\/v2\/product"}],"about":[{"href":"https:\/\/fedrs.eu\/cs\/wp-json\/wp\/v2\/types\/product"}],"replies":[{"embeddable":true,"href":"https:\/\/fedrs.eu\/cs\/wp-json\/wp\/v2\/comments?post=18277"}],"wp:featuredmedia":[{"embeddable":true,"href":"https:\/\/fedrs.eu\/cs\/wp-json\/wp\/v2\/media\/4628"}],"wp:attachment":[{"href":"https:\/\/fedrs.eu\/cs\/wp-json\/wp\/v2\/media?parent=18277"}],"wp:term":[{"taxonomy":"product_brand","embeddable":true,"href":"https:\/\/fedrs.eu\/cs\/wp-json\/wp\/v2\/product_brand?post=18277"},{"taxonomy":"product_cat","embeddable":true,"href":"https:\/\/fedrs.eu\/cs\/wp-json\/wp\/v2\/product_cat?post=18277"},{"taxonomy":"product_tag","embeddable":true,"href":"https:\/\/fedrs.eu\/cs\/wp-json\/wp\/v2\/product_tag?post=18277"}],"curies":[{"name":"wp","href":"https:\/\/api.w.org\/{rel}","templated":true}]}}