{"id":18206,"date":"2024-11-17T22:32:59","date_gmt":"2024-11-17T22:32:59","guid":{"rendered":"https:\/\/fedrs.eu\/shop\/fedrs-ice-cool-light-ultra-mint\/"},"modified":"2025-08-26T16:57:41","modified_gmt":"2025-08-26T14:57:41","slug":"fedrs-ice-cool-light-ultra-mint","status":"publish","type":"product","link":"https:\/\/fedrs.eu\/cs\/shop\/fedrs-ice-cool-light-ultra-mint\/","title":{"rendered":"FEDRS Ice Cool Light Ultra Mint"},"content":{"rendered":"<p>Vychutnejte si hloubku nikotinov\u00fdch s\u00e1\u010dk\u016f Ultra Mint, 20 mg\/g. Tyto s\u00e1\u010dky p\u0159in\u00e1\u0161ej\u00ed v\u00fdraznou m\u00e1tovou chu\u0165 s ni\u017e\u0161\u00ed silou nikotinu, tak\u017ee jsou ide\u00e1ln\u00ed pro ty, kte\u0159\u00ed cht\u011bj\u00ed v\u00fdraznou chu\u0165 s jemn\u00fdm nikotinov\u00fdm n\u00e1dechem. Intenzivn\u011bj\u0161\u00ed ne\u017e Mint, ale bez extr\u00e9mn\u00edho chladu Freeze Mint.  <\/p>\n","protected":false},"excerpt":{"rendered":"<div class=\"descrip_p\">\n<div class=\"product-pstyle\"><\/div>\n<p>Hlubok\u00e1 m\u00e1tov\u00e1 p\u0159\u00edchu\u0165, jemn\u00e1 s\u00edla<\/p>\n<\/div>\n","protected":false},"featured_media":4508,"comment_status":"open","ping_status":"closed","template":"","meta":{"googlesitekit_rrm_CAowmrG7DA:productID":""},"product_brand":[],"product_cat":[639,540,610,817],"product_tag":[],"class_list":{"0":"post-18206","1":"product","2":"type-product","3":"status-publish","4":"has-post-thumbnail","6":"product_cat-20-mg-g-cs","7":"product_cat-fedrs-ice-cool-cs","8":"product_cat-mata-a-mentol","9":"product_cat-nikotinove-sacky","11":"first","12":"outofstock","13":"taxable","14":"shipping-taxable","15":"product-type-variable","16":"has-default-attributes"},"yoast_head":"<!-- This site is optimized with the Yoast SEO Premium plugin v26.5 (Yoast SEO v27.2) - https:\/\/yoast.com\/product\/yoast-seo-premium-wordpress\/ -->\n<title>Nikotinov\u00e9 s\u00e1\u010dky FEDRS Ice Cool Light Ultra Mint | 20 mg\/g<\/title>\n<meta name=\"description\" content=\"Hlubok\u00e1 m\u00e1tov\u00e1 p\u0159\u00edchu\u0165, jemn\u00e1 s\u00edla - FEDRS Ice Cool Light Ultra Mint. Prvot\u0159\u00eddn\u00ed novinka od FEDRS, kter\u00e1 stoj\u00ed za pozornost!\" \/>\n<meta name=\"robots\" content=\"index, follow, max-snippet:-1, max-image-preview:large, max-video-preview:-1\" \/>\n<link rel=\"canonical\" href=\"https:\/\/fedrs.eu\/cs\/shop\/fedrs-ice-cool-light-ultra-mint\/\" \/>\n<meta property=\"og:locale\" content=\"cs_CZ\" \/>\n<meta property=\"og:type\" content=\"article\" \/>\n<meta property=\"og:title\" content=\"FEDRS Ice Cool Light Ultra Mint\" \/>\n<meta property=\"og:description\" content=\"Hlubok\u00e1 m\u00e1tov\u00e1 p\u0159\u00edchu\u0165, jemn\u00e1 s\u00edla - FEDRS Ice Cool Light Ultra Mint. Prvot\u0159\u00eddn\u00ed novinka od FEDRS, kter\u00e1 stoj\u00ed za pozornost!\" \/>\n<meta property=\"og:url\" content=\"https:\/\/fedrs.eu\/cs\/shop\/fedrs-ice-cool-light-ultra-mint\/\" \/>\n<meta property=\"og:site_name\" content=\"fedrs.eu\" \/>\n<meta property=\"article:modified_time\" content=\"2025-08-26T14:57:41+00:00\" \/>\n<meta property=\"og:image\" content=\"https:\/\/fedrs.eu\/wp-content\/uploads\/2024\/11\/icecoolultramintl-min.png\" \/>\n\t<meta property=\"og:image:width\" content=\"960\" \/>\n\t<meta property=\"og:image:height\" content=\"960\" \/>\n\t<meta property=\"og:image:type\" content=\"image\/png\" \/>\n<meta name=\"twitter:card\" content=\"summary_large_image\" \/>\n<meta name=\"twitter:label1\" content=\"Dostupnost\" \/>\n\t<meta name=\"twitter:data1\" content=\"Vyprod\u00e1no\" \/>\n<script type=\"application\/ld+json\" class=\"yoast-schema-graph\">{\"@context\":\"https:\/\/schema.org\",\"@graph\":[{\"@type\":\"WebPage\",\"@id\":\"https:\/\/fedrs.eu\/cs\/shop\/fedrs-ice-cool-light-ultra-mint\/\",\"url\":\"https:\/\/fedrs.eu\/cs\/shop\/fedrs-ice-cool-light-ultra-mint\/\",\"name\":\"Nikotinov\u00e9 s\u00e1\u010dky FEDRS Ice Cool Light Ultra Mint | 20 mg\/g\",\"isPartOf\":{\"@id\":\"https:\/\/fedrs.eu\/cs\/#website\"},\"primaryImageOfPage\":{\"@id\":\"https:\/\/fedrs.eu\/cs\/shop\/fedrs-ice-cool-light-ultra-mint\/#primaryimage\"},\"image\":{\"@id\":\"https:\/\/fedrs.eu\/cs\/shop\/fedrs-ice-cool-light-ultra-mint\/#primaryimage\"},\"thumbnailUrl\":\"https:\/\/fedrs.eu\/wp-content\/uploads\/2024\/11\/icecoolultramintl-min.png\",\"datePublished\":\"2024-11-17T22:32:59+00:00\",\"dateModified\":\"2025-08-26T14:57:41+00:00\",\"description\":\"Hlubok\u00e1 m\u00e1tov\u00e1 p\u0159\u00edchu\u0165, jemn\u00e1 s\u00edla - FEDRS Ice Cool Light Ultra Mint. Prvot\u0159\u00eddn\u00ed novinka od FEDRS, kter\u00e1 stoj\u00ed za pozornost!\",\"breadcrumb\":{\"@id\":\"https:\/\/fedrs.eu\/cs\/shop\/fedrs-ice-cool-light-ultra-mint\/#breadcrumb\"},\"inLanguage\":\"cs\",\"potentialAction\":[{\"@type\":\"ReadAction\",\"target\":[\"https:\/\/fedrs.eu\/cs\/shop\/fedrs-ice-cool-light-ultra-mint\/\"]}]},{\"@type\":\"ImageObject\",\"inLanguage\":\"cs\",\"@id\":\"https:\/\/fedrs.eu\/cs\/shop\/fedrs-ice-cool-light-ultra-mint\/#primaryimage\",\"url\":\"https:\/\/fedrs.eu\/wp-content\/uploads\/2024\/11\/icecoolultramintl-min.png\",\"contentUrl\":\"https:\/\/fedrs.eu\/wp-content\/uploads\/2024\/11\/icecoolultramintl-min.png\",\"width\":960,\"height\":960},{\"@type\":\"BreadcrumbList\",\"@id\":\"https:\/\/fedrs.eu\/cs\/shop\/fedrs-ice-cool-light-ultra-mint\/#breadcrumb\",\"itemListElement\":[{\"@type\":\"ListItem\",\"position\":1,\"name\":\"Home\",\"item\":\"https:\/\/fedrs.eu\/cs\/\"},{\"@type\":\"ListItem\",\"position\":2,\"name\":\"Obchod\",\"item\":\"https:\/\/fedrs.eu\/cs\/shop\/\"},{\"@type\":\"ListItem\",\"position\":3,\"name\":\"FEDRS Ice Cool Light Ultra Mint\"}]},{\"@type\":\"WebSite\",\"@id\":\"https:\/\/fedrs.eu\/cs\/#website\",\"url\":\"https:\/\/fedrs.eu\/cs\/\",\"name\":\"fedrs.eu\",\"description\":\"\",\"publisher\":{\"@id\":\"https:\/\/fedrs.eu\/cs\/#organization\"},\"potentialAction\":[{\"@type\":\"SearchAction\",\"target\":{\"@type\":\"EntryPoint\",\"urlTemplate\":\"https:\/\/fedrs.eu\/cs\/?s={search_term_string}\"},\"query-input\":{\"@type\":\"PropertyValueSpecification\",\"valueRequired\":true,\"valueName\":\"search_term_string\"}}],\"inLanguage\":\"cs\"},{\"@type\":\"Organization\",\"@id\":\"https:\/\/fedrs.eu\/cs\/#organization\",\"name\":\"Fedrs sp.z o.o\",\"url\":\"https:\/\/fedrs.eu\/cs\/\",\"logo\":{\"@type\":\"ImageObject\",\"inLanguage\":\"cs\",\"@id\":\"https:\/\/fedrs.eu\/cs\/#\/schema\/logo\/image\/\",\"url\":\"https:\/\/fedrs.eu\/wp-content\/uploads\/2024\/12\/image-52.png\",\"contentUrl\":\"https:\/\/fedrs.eu\/wp-content\/uploads\/2024\/12\/image-52.png\",\"width\":97,\"height\":30,\"caption\":\"Fedrs sp.z o.o\"},\"image\":{\"@id\":\"https:\/\/fedrs.eu\/cs\/#\/schema\/logo\/image\/\"},\"publishingPrinciples\":\"https:\/\/fedrs.eu\/terms-and-conditions\/\"}]}<\/script>\n<meta property=\"product:brand\" content=\"FEDRS Ice Cool\" \/>\n<meta property=\"og:availability\" content=\"out of stock\" \/>\n<meta property=\"product:availability\" content=\"out of stock\" \/>\n<meta property=\"product:retailer_item_id\" content=\"04006\" \/>\n<meta property=\"product:condition\" content=\"new\" \/>\n<!-- \/ Yoast SEO Premium plugin. -->","yoast_head_json":{"title":"Nikotinov\u00e9 s\u00e1\u010dky FEDRS Ice Cool Light Ultra Mint | 20 mg\/g","description":"Hlubok\u00e1 m\u00e1tov\u00e1 p\u0159\u00edchu\u0165, jemn\u00e1 s\u00edla - FEDRS Ice Cool Light Ultra Mint. Prvot\u0159\u00eddn\u00ed novinka od FEDRS, kter\u00e1 stoj\u00ed za pozornost!","robots":{"index":"index","follow":"follow","max-snippet":"max-snippet:-1","max-image-preview":"max-image-preview:large","max-video-preview":"max-video-preview:-1"},"canonical":"https:\/\/fedrs.eu\/cs\/shop\/fedrs-ice-cool-light-ultra-mint\/","og_locale":"cs_CZ","og_type":"article","og_title":"FEDRS Ice Cool Light Ultra Mint","og_description":"Hlubok\u00e1 m\u00e1tov\u00e1 p\u0159\u00edchu\u0165, jemn\u00e1 s\u00edla - FEDRS Ice Cool Light Ultra Mint. Prvot\u0159\u00eddn\u00ed novinka od FEDRS, kter\u00e1 stoj\u00ed za pozornost!","og_url":"https:\/\/fedrs.eu\/cs\/shop\/fedrs-ice-cool-light-ultra-mint\/","og_site_name":"fedrs.eu","article_modified_time":"2025-08-26T14:57:41+00:00","og_image":[{"width":960,"height":960,"url":"https:\/\/fedrs.eu\/wp-content\/uploads\/2024\/11\/icecoolultramintl-min.png","type":"image\/png"}],"twitter_card":"summary_large_image","twitter_misc":{"Dostupnost":"Vyprod\u00e1no"},"schema":{"@context":"https:\/\/schema.org","@graph":[{"@type":"WebPage","@id":"https:\/\/fedrs.eu\/cs\/shop\/fedrs-ice-cool-light-ultra-mint\/","url":"https:\/\/fedrs.eu\/cs\/shop\/fedrs-ice-cool-light-ultra-mint\/","name":"Nikotinov\u00e9 s\u00e1\u010dky FEDRS Ice Cool Light Ultra Mint | 20 mg\/g","isPartOf":{"@id":"https:\/\/fedrs.eu\/cs\/#website"},"primaryImageOfPage":{"@id":"https:\/\/fedrs.eu\/cs\/shop\/fedrs-ice-cool-light-ultra-mint\/#primaryimage"},"image":{"@id":"https:\/\/fedrs.eu\/cs\/shop\/fedrs-ice-cool-light-ultra-mint\/#primaryimage"},"thumbnailUrl":"https:\/\/fedrs.eu\/wp-content\/uploads\/2024\/11\/icecoolultramintl-min.png","datePublished":"2024-11-17T22:32:59+00:00","dateModified":"2025-08-26T14:57:41+00:00","description":"Hlubok\u00e1 m\u00e1tov\u00e1 p\u0159\u00edchu\u0165, jemn\u00e1 s\u00edla - FEDRS Ice Cool Light Ultra Mint. Prvot\u0159\u00eddn\u00ed novinka od FEDRS, kter\u00e1 stoj\u00ed za pozornost!","breadcrumb":{"@id":"https:\/\/fedrs.eu\/cs\/shop\/fedrs-ice-cool-light-ultra-mint\/#breadcrumb"},"inLanguage":"cs","potentialAction":[{"@type":"ReadAction","target":["https:\/\/fedrs.eu\/cs\/shop\/fedrs-ice-cool-light-ultra-mint\/"]}]},{"@type":"ImageObject","inLanguage":"cs","@id":"https:\/\/fedrs.eu\/cs\/shop\/fedrs-ice-cool-light-ultra-mint\/#primaryimage","url":"https:\/\/fedrs.eu\/wp-content\/uploads\/2024\/11\/icecoolultramintl-min.png","contentUrl":"https:\/\/fedrs.eu\/wp-content\/uploads\/2024\/11\/icecoolultramintl-min.png","width":960,"height":960},{"@type":"BreadcrumbList","@id":"https:\/\/fedrs.eu\/cs\/shop\/fedrs-ice-cool-light-ultra-mint\/#breadcrumb","itemListElement":[{"@type":"ListItem","position":1,"name":"Home","item":"https:\/\/fedrs.eu\/cs\/"},{"@type":"ListItem","position":2,"name":"Obchod","item":"https:\/\/fedrs.eu\/cs\/shop\/"},{"@type":"ListItem","position":3,"name":"FEDRS Ice Cool Light Ultra Mint"}]},{"@type":"WebSite","@id":"https:\/\/fedrs.eu\/cs\/#website","url":"https:\/\/fedrs.eu\/cs\/","name":"fedrs.eu","description":"","publisher":{"@id":"https:\/\/fedrs.eu\/cs\/#organization"},"potentialAction":[{"@type":"SearchAction","target":{"@type":"EntryPoint","urlTemplate":"https:\/\/fedrs.eu\/cs\/?s={search_term_string}"},"query-input":{"@type":"PropertyValueSpecification","valueRequired":true,"valueName":"search_term_string"}}],"inLanguage":"cs"},{"@type":"Organization","@id":"https:\/\/fedrs.eu\/cs\/#organization","name":"Fedrs sp.z o.o","url":"https:\/\/fedrs.eu\/cs\/","logo":{"@type":"ImageObject","inLanguage":"cs","@id":"https:\/\/fedrs.eu\/cs\/#\/schema\/logo\/image\/","url":"https:\/\/fedrs.eu\/wp-content\/uploads\/2024\/12\/image-52.png","contentUrl":"https:\/\/fedrs.eu\/wp-content\/uploads\/2024\/12\/image-52.png","width":97,"height":30,"caption":"Fedrs sp.z o.o"},"image":{"@id":"https:\/\/fedrs.eu\/cs\/#\/schema\/logo\/image\/"},"publishingPrinciples":"https:\/\/fedrs.eu\/terms-and-conditions\/"}]},"product_brand":"FEDRS Ice Cool","og_availability":"out of stock","product_availability":"out of stock","product_retailer_item_id":"04006","product_condition":"new"},"_links":{"self":[{"href":"https:\/\/fedrs.eu\/cs\/wp-json\/wp\/v2\/product\/18206","targetHints":{"allow":["GET"]}}],"collection":[{"href":"https:\/\/fedrs.eu\/cs\/wp-json\/wp\/v2\/product"}],"about":[{"href":"https:\/\/fedrs.eu\/cs\/wp-json\/wp\/v2\/types\/product"}],"replies":[{"embeddable":true,"href":"https:\/\/fedrs.eu\/cs\/wp-json\/wp\/v2\/comments?post=18206"}],"wp:featuredmedia":[{"embeddable":true,"href":"https:\/\/fedrs.eu\/cs\/wp-json\/wp\/v2\/media\/4508"}],"wp:attachment":[{"href":"https:\/\/fedrs.eu\/cs\/wp-json\/wp\/v2\/media?parent=18206"}],"wp:term":[{"taxonomy":"product_brand","embeddable":true,"href":"https:\/\/fedrs.eu\/cs\/wp-json\/wp\/v2\/product_brand?post=18206"},{"taxonomy":"product_cat","embeddable":true,"href":"https:\/\/fedrs.eu\/cs\/wp-json\/wp\/v2\/product_cat?post=18206"},{"taxonomy":"product_tag","embeddable":true,"href":"https:\/\/fedrs.eu\/cs\/wp-json\/wp\/v2\/product_tag?post=18206"}],"curies":[{"name":"wp","href":"https:\/\/api.w.org\/{rel}","templated":true}]}}