{"id":17884,"date":"2024-11-26T16:35:17","date_gmt":"2024-11-26T16:35:17","guid":{"rendered":"https:\/\/fedrs.eu\/shop\/fedrs-ice-cool-hard-evilberry\/"},"modified":"2025-08-31T11:16:02","modified_gmt":"2025-08-31T09:16:02","slug":"fedrs-ice-cool-hard-evilberry","status":"publish","type":"product","link":"https:\/\/fedrs.eu\/cs\/shop\/fedrs-ice-cool-hard-evilberry\/","title":{"rendered":"FEDRS Ice Cool Hard Evilberry"},"content":{"rendered":"<p>U\u017e jste n\u011bkdy ochutnali v\u00fdbu\u0161n\u00e9 bobule? Vytvo\u0159ili jsme jemnou bor\u016fvkovou p\u0159\u00edchu\u0165, ale p\u0159idali jsme do n\u00ed \u0161petku odvahy. V s\u00e1\u010dc\u00edch Evilberry Hard najdete sladkou chu\u0165 bor\u016fvek sb\u00edran\u00fdch na vrcholu zralosti, tak\u017ee v\u00edte, \u017ee tuto p\u0159\u00edchu\u0165 mus\u00edte alespo\u0148 jednou vyzkou\u0161et. P\u0159esto\u017ee je bobule zl\u00e1, budete po n\u00ed velmi hodn\u00ed a spokojen\u00ed!<\/p>\n","protected":false},"excerpt":{"rendered":"<p>U\u017e jste n\u011bkdy ochutnali v\u00fdbu\u0161n\u00e9 bobule? Vytvo\u0159ili jsme jemnou bor\u016fvkovou p\u0159\u00edchu\u0165, ale p\u0159idali jsme do n\u00ed \u0161petku odvahy. V s\u00e1\u010dc\u00edch Evilberry Hard najdete sladkou chu\u0165 bor\u016fvek<span class=\"excerpt-hellip\"> [\u2026]<\/span><\/p>\n","protected":false},"featured_media":3252,"comment_status":"open","ping_status":"closed","template":"","meta":{"googlesitekit_rrm_CAowmrG7DA:productID":""},"product_brand":[],"product_cat":[543,542,568,673,817],"product_tag":[],"class_list":{"0":"post-17884","1":"product","2":"type-product","3":"status-publish","4":"has-post-thumbnail","6":"product_cat-65-mg-g-cs","7":"product_cat-bobule-cs","8":"product_cat-fedrs-ice-cool-hard-cs","9":"product_cat-hit-cs","10":"product_cat-nikotinove-sacky","12":"first","13":"outofstock","14":"taxable","15":"shipping-taxable","16":"product-type-variable","17":"has-default-attributes"},"yoast_head":"<!-- This site is optimized with the Yoast SEO Premium plugin v26.5 (Yoast SEO v27.2) - https:\/\/yoast.com\/product\/yoast-seo-premium-wordpress\/ -->\n<title>FEDRS Ice Cool Hard Evilberry | 65 mg nikotinov\u00fdch s\u00e1\u010dk\u016f<\/title>\n<meta name=\"description\" content=\"Tvrd\u00fd 65 mg. Ledov\u00e1 chu\u0165 lesn\u00edch plod\u016f. Objedn\u00e1vejte na ofici\u00e1ln\u00edch str\u00e1nk\u00e1ch v\u00fdrobce. Po\u0161tovn\u00e9 se vypo\u010d\u00edt\u00e1 p\u0159i objedn\u00e1vce\" \/>\n<meta name=\"robots\" content=\"index, follow, max-snippet:-1, max-image-preview:large, max-video-preview:-1\" \/>\n<link rel=\"canonical\" href=\"https:\/\/fedrs.eu\/cs\/shop\/fedrs-ice-cool-hard-evilberry\/\" \/>\n<meta property=\"og:locale\" content=\"cs_CZ\" \/>\n<meta property=\"og:type\" content=\"article\" \/>\n<meta property=\"og:title\" content=\"FEDRS Ice Cool Hard Evilberry\" \/>\n<meta property=\"og:description\" content=\"Tvrd\u00fd 65 mg. Ledov\u00e1 chu\u0165 lesn\u00edch plod\u016f. Objedn\u00e1vejte na ofici\u00e1ln\u00edch str\u00e1nk\u00e1ch v\u00fdrobce. Po\u0161tovn\u00e9 se vypo\u010d\u00edt\u00e1 p\u0159i objedn\u00e1vce\" \/>\n<meta property=\"og:url\" content=\"https:\/\/fedrs.eu\/cs\/shop\/fedrs-ice-cool-hard-evilberry\/\" \/>\n<meta property=\"og:site_name\" content=\"fedrs.eu\" \/>\n<meta property=\"article:modified_time\" content=\"2025-08-31T09:16:02+00:00\" \/>\n<meta property=\"og:image\" content=\"https:\/\/fedrs.eu\/wp-content\/uploads\/2024\/11\/EvilBerryHard0005-min.png\" \/>\n\t<meta property=\"og:image:width\" content=\"960\" \/>\n\t<meta property=\"og:image:height\" content=\"960\" \/>\n\t<meta property=\"og:image:type\" content=\"image\/png\" \/>\n<meta name=\"twitter:card\" content=\"summary_large_image\" \/>\n<meta name=\"twitter:label1\" content=\"Dostupnost\" \/>\n\t<meta name=\"twitter:data1\" content=\"Vyprod\u00e1no\" \/>\n<script type=\"application\/ld+json\" class=\"yoast-schema-graph\">{\"@context\":\"https:\/\/schema.org\",\"@graph\":[{\"@type\":\"WebPage\",\"@id\":\"https:\/\/fedrs.eu\/cs\/shop\/fedrs-ice-cool-hard-evilberry\/\",\"url\":\"https:\/\/fedrs.eu\/cs\/shop\/fedrs-ice-cool-hard-evilberry\/\",\"name\":\"FEDRS Ice Cool Hard Evilberry | 65 mg nikotinov\u00fdch s\u00e1\u010dk\u016f\",\"isPartOf\":{\"@id\":\"https:\/\/fedrs.eu\/cs\/#website\"},\"primaryImageOfPage\":{\"@id\":\"https:\/\/fedrs.eu\/cs\/shop\/fedrs-ice-cool-hard-evilberry\/#primaryimage\"},\"image\":{\"@id\":\"https:\/\/fedrs.eu\/cs\/shop\/fedrs-ice-cool-hard-evilberry\/#primaryimage\"},\"thumbnailUrl\":\"https:\/\/fedrs.eu\/wp-content\/uploads\/2024\/11\/EvilBerryHard0005-min.png\",\"datePublished\":\"2024-11-26T16:35:17+00:00\",\"dateModified\":\"2025-08-31T09:16:02+00:00\",\"description\":\"Tvrd\u00fd 65 mg. Ledov\u00e1 chu\u0165 lesn\u00edch plod\u016f. Objedn\u00e1vejte na ofici\u00e1ln\u00edch str\u00e1nk\u00e1ch v\u00fdrobce. Po\u0161tovn\u00e9 se vypo\u010d\u00edt\u00e1 p\u0159i objedn\u00e1vce\",\"breadcrumb\":{\"@id\":\"https:\/\/fedrs.eu\/cs\/shop\/fedrs-ice-cool-hard-evilberry\/#breadcrumb\"},\"inLanguage\":\"cs\",\"potentialAction\":[{\"@type\":\"ReadAction\",\"target\":[\"https:\/\/fedrs.eu\/cs\/shop\/fedrs-ice-cool-hard-evilberry\/\"]}]},{\"@type\":\"ImageObject\",\"inLanguage\":\"cs\",\"@id\":\"https:\/\/fedrs.eu\/cs\/shop\/fedrs-ice-cool-hard-evilberry\/#primaryimage\",\"url\":\"https:\/\/fedrs.eu\/wp-content\/uploads\/2024\/11\/EvilBerryHard0005-min.png\",\"contentUrl\":\"https:\/\/fedrs.eu\/wp-content\/uploads\/2024\/11\/EvilBerryHard0005-min.png\",\"width\":960,\"height\":960},{\"@type\":\"BreadcrumbList\",\"@id\":\"https:\/\/fedrs.eu\/cs\/shop\/fedrs-ice-cool-hard-evilberry\/#breadcrumb\",\"itemListElement\":[{\"@type\":\"ListItem\",\"position\":1,\"name\":\"Home\",\"item\":\"https:\/\/fedrs.eu\/cs\/\"},{\"@type\":\"ListItem\",\"position\":2,\"name\":\"Obchod\",\"item\":\"https:\/\/fedrs.eu\/cs\/shop\/\"},{\"@type\":\"ListItem\",\"position\":3,\"name\":\"FEDRS Ice Cool Hard Evilberry\"}]},{\"@type\":\"WebSite\",\"@id\":\"https:\/\/fedrs.eu\/cs\/#website\",\"url\":\"https:\/\/fedrs.eu\/cs\/\",\"name\":\"fedrs.eu\",\"description\":\"\",\"publisher\":{\"@id\":\"https:\/\/fedrs.eu\/cs\/#organization\"},\"potentialAction\":[{\"@type\":\"SearchAction\",\"target\":{\"@type\":\"EntryPoint\",\"urlTemplate\":\"https:\/\/fedrs.eu\/cs\/?s={search_term_string}\"},\"query-input\":{\"@type\":\"PropertyValueSpecification\",\"valueRequired\":true,\"valueName\":\"search_term_string\"}}],\"inLanguage\":\"cs\"},{\"@type\":\"Organization\",\"@id\":\"https:\/\/fedrs.eu\/cs\/#organization\",\"name\":\"Fedrs sp.z o.o\",\"url\":\"https:\/\/fedrs.eu\/cs\/\",\"logo\":{\"@type\":\"ImageObject\",\"inLanguage\":\"cs\",\"@id\":\"https:\/\/fedrs.eu\/cs\/#\/schema\/logo\/image\/\",\"url\":\"https:\/\/fedrs.eu\/wp-content\/uploads\/2024\/12\/image-52.png\",\"contentUrl\":\"https:\/\/fedrs.eu\/wp-content\/uploads\/2024\/12\/image-52.png\",\"width\":97,\"height\":30,\"caption\":\"Fedrs sp.z o.o\"},\"image\":{\"@id\":\"https:\/\/fedrs.eu\/cs\/#\/schema\/logo\/image\/\"},\"publishingPrinciples\":\"https:\/\/fedrs.eu\/terms-and-conditions\/\"}]}<\/script>\n<meta property=\"product:brand\" content=\"FEDRS Ice Cool Hard\" \/>\n<meta property=\"og:availability\" content=\"out of stock\" \/>\n<meta property=\"product:availability\" content=\"out of stock\" \/>\n<meta property=\"product:retailer_item_id\" content=\"01006\" \/>\n<meta property=\"product:condition\" content=\"new\" \/>\n<!-- \/ Yoast SEO Premium plugin. -->","yoast_head_json":{"title":"FEDRS Ice Cool Hard Evilberry | 65 mg nikotinov\u00fdch s\u00e1\u010dk\u016f","description":"Tvrd\u00fd 65 mg. Ledov\u00e1 chu\u0165 lesn\u00edch plod\u016f. Objedn\u00e1vejte na ofici\u00e1ln\u00edch str\u00e1nk\u00e1ch v\u00fdrobce. Po\u0161tovn\u00e9 se vypo\u010d\u00edt\u00e1 p\u0159i objedn\u00e1vce","robots":{"index":"index","follow":"follow","max-snippet":"max-snippet:-1","max-image-preview":"max-image-preview:large","max-video-preview":"max-video-preview:-1"},"canonical":"https:\/\/fedrs.eu\/cs\/shop\/fedrs-ice-cool-hard-evilberry\/","og_locale":"cs_CZ","og_type":"article","og_title":"FEDRS Ice Cool Hard Evilberry","og_description":"Tvrd\u00fd 65 mg. Ledov\u00e1 chu\u0165 lesn\u00edch plod\u016f. Objedn\u00e1vejte na ofici\u00e1ln\u00edch str\u00e1nk\u00e1ch v\u00fdrobce. Po\u0161tovn\u00e9 se vypo\u010d\u00edt\u00e1 p\u0159i objedn\u00e1vce","og_url":"https:\/\/fedrs.eu\/cs\/shop\/fedrs-ice-cool-hard-evilberry\/","og_site_name":"fedrs.eu","article_modified_time":"2025-08-31T09:16:02+00:00","og_image":[{"width":960,"height":960,"url":"https:\/\/fedrs.eu\/wp-content\/uploads\/2024\/11\/EvilBerryHard0005-min.png","type":"image\/png"}],"twitter_card":"summary_large_image","twitter_misc":{"Dostupnost":"Vyprod\u00e1no"},"schema":{"@context":"https:\/\/schema.org","@graph":[{"@type":"WebPage","@id":"https:\/\/fedrs.eu\/cs\/shop\/fedrs-ice-cool-hard-evilberry\/","url":"https:\/\/fedrs.eu\/cs\/shop\/fedrs-ice-cool-hard-evilberry\/","name":"FEDRS Ice Cool Hard Evilberry | 65 mg nikotinov\u00fdch s\u00e1\u010dk\u016f","isPartOf":{"@id":"https:\/\/fedrs.eu\/cs\/#website"},"primaryImageOfPage":{"@id":"https:\/\/fedrs.eu\/cs\/shop\/fedrs-ice-cool-hard-evilberry\/#primaryimage"},"image":{"@id":"https:\/\/fedrs.eu\/cs\/shop\/fedrs-ice-cool-hard-evilberry\/#primaryimage"},"thumbnailUrl":"https:\/\/fedrs.eu\/wp-content\/uploads\/2024\/11\/EvilBerryHard0005-min.png","datePublished":"2024-11-26T16:35:17+00:00","dateModified":"2025-08-31T09:16:02+00:00","description":"Tvrd\u00fd 65 mg. Ledov\u00e1 chu\u0165 lesn\u00edch plod\u016f. Objedn\u00e1vejte na ofici\u00e1ln\u00edch str\u00e1nk\u00e1ch v\u00fdrobce. Po\u0161tovn\u00e9 se vypo\u010d\u00edt\u00e1 p\u0159i objedn\u00e1vce","breadcrumb":{"@id":"https:\/\/fedrs.eu\/cs\/shop\/fedrs-ice-cool-hard-evilberry\/#breadcrumb"},"inLanguage":"cs","potentialAction":[{"@type":"ReadAction","target":["https:\/\/fedrs.eu\/cs\/shop\/fedrs-ice-cool-hard-evilberry\/"]}]},{"@type":"ImageObject","inLanguage":"cs","@id":"https:\/\/fedrs.eu\/cs\/shop\/fedrs-ice-cool-hard-evilberry\/#primaryimage","url":"https:\/\/fedrs.eu\/wp-content\/uploads\/2024\/11\/EvilBerryHard0005-min.png","contentUrl":"https:\/\/fedrs.eu\/wp-content\/uploads\/2024\/11\/EvilBerryHard0005-min.png","width":960,"height":960},{"@type":"BreadcrumbList","@id":"https:\/\/fedrs.eu\/cs\/shop\/fedrs-ice-cool-hard-evilberry\/#breadcrumb","itemListElement":[{"@type":"ListItem","position":1,"name":"Home","item":"https:\/\/fedrs.eu\/cs\/"},{"@type":"ListItem","position":2,"name":"Obchod","item":"https:\/\/fedrs.eu\/cs\/shop\/"},{"@type":"ListItem","position":3,"name":"FEDRS Ice Cool Hard Evilberry"}]},{"@type":"WebSite","@id":"https:\/\/fedrs.eu\/cs\/#website","url":"https:\/\/fedrs.eu\/cs\/","name":"fedrs.eu","description":"","publisher":{"@id":"https:\/\/fedrs.eu\/cs\/#organization"},"potentialAction":[{"@type":"SearchAction","target":{"@type":"EntryPoint","urlTemplate":"https:\/\/fedrs.eu\/cs\/?s={search_term_string}"},"query-input":{"@type":"PropertyValueSpecification","valueRequired":true,"valueName":"search_term_string"}}],"inLanguage":"cs"},{"@type":"Organization","@id":"https:\/\/fedrs.eu\/cs\/#organization","name":"Fedrs sp.z o.o","url":"https:\/\/fedrs.eu\/cs\/","logo":{"@type":"ImageObject","inLanguage":"cs","@id":"https:\/\/fedrs.eu\/cs\/#\/schema\/logo\/image\/","url":"https:\/\/fedrs.eu\/wp-content\/uploads\/2024\/12\/image-52.png","contentUrl":"https:\/\/fedrs.eu\/wp-content\/uploads\/2024\/12\/image-52.png","width":97,"height":30,"caption":"Fedrs sp.z o.o"},"image":{"@id":"https:\/\/fedrs.eu\/cs\/#\/schema\/logo\/image\/"},"publishingPrinciples":"https:\/\/fedrs.eu\/terms-and-conditions\/"}]},"product_brand":"FEDRS Ice Cool Hard","og_availability":"out of stock","product_availability":"out of stock","product_retailer_item_id":"01006","product_condition":"new"},"_links":{"self":[{"href":"https:\/\/fedrs.eu\/cs\/wp-json\/wp\/v2\/product\/17884","targetHints":{"allow":["GET"]}}],"collection":[{"href":"https:\/\/fedrs.eu\/cs\/wp-json\/wp\/v2\/product"}],"about":[{"href":"https:\/\/fedrs.eu\/cs\/wp-json\/wp\/v2\/types\/product"}],"replies":[{"embeddable":true,"href":"https:\/\/fedrs.eu\/cs\/wp-json\/wp\/v2\/comments?post=17884"}],"wp:featuredmedia":[{"embeddable":true,"href":"https:\/\/fedrs.eu\/cs\/wp-json\/wp\/v2\/media\/3252"}],"wp:attachment":[{"href":"https:\/\/fedrs.eu\/cs\/wp-json\/wp\/v2\/media?parent=17884"}],"wp:term":[{"taxonomy":"product_brand","embeddable":true,"href":"https:\/\/fedrs.eu\/cs\/wp-json\/wp\/v2\/product_brand?post=17884"},{"taxonomy":"product_cat","embeddable":true,"href":"https:\/\/fedrs.eu\/cs\/wp-json\/wp\/v2\/product_cat?post=17884"},{"taxonomy":"product_tag","embeddable":true,"href":"https:\/\/fedrs.eu\/cs\/wp-json\/wp\/v2\/product_tag?post=17884"}],"curies":[{"name":"wp","href":"https:\/\/api.w.org\/{rel}","templated":true}]}}