{"id":17869,"date":"2024-11-26T14:49:07","date_gmt":"2024-11-26T14:49:07","guid":{"rendered":"https:\/\/fedrs.eu\/shop\/fedrs-ice-cool-hard-raspberry\/"},"modified":"2025-08-31T11:16:18","modified_gmt":"2025-08-31T09:16:18","slug":"fedrs-ice-cool-hard-raspberry","status":"publish","type":"product","link":"https:\/\/fedrs.eu\/cs\/shop\/fedrs-ice-cool-hard-raspberry\/","title":{"rendered":"FEDRS Ice Cool Hard Raspberry"},"content":{"rendered":"<p>Kdo by nem\u011bl r\u00e1d p\u0159\u00edrodu a jej\u00ed dary? Chu\u0165 zral\u00fdch a \u0161\u0165avnat\u00fdch malin nenech\u00e1 nikoho lhostejn\u00fdm. D\u00edky p\u0159\u00edrodn\u00edm a vysoce kvalitn\u00edm surovin\u00e1m si naplno vychutn\u00e1te v\u016fni zral\u00fdch plod\u016f zahrady a z\u00edsk\u00e1te pot\u011b\u0161en\u00ed a pono\u0159en\u00ed do ka\u017ed\u00e9ho procesu bez vedlej\u0161\u00edch \u00fa\u010dink\u016f. FEDRS Ice Cool Hard Raspberry je skute\u010dn\u00fdm chu\u0165ov\u00fdm z\u00e1\u017eitkem, kter\u00fd posune va\u0161i rutinu na dal\u0161\u00ed \u00farove\u0148 pot\u011b\u0161en\u00ed! Je to bezpochyby jedna z nejobl\u00edben\u011bj\u0161\u00edch p\u0159\u00edchut\u00ed v na\u0161\u00ed kolekci a naprost\u00e1 nutnost, pokud zbo\u017e\u0148ujete slad\u0161\u00ed varianty. tento chu\u0165ov\u00fd profil si nesm\u00edte nechat uj\u00edt, proto\u017ee kombinuje zral\u00e9, \u0161\u0165avnat\u00e9 maliny se sladk\u00fdm cukrov\u00fdm n\u00e1dechem, stejn\u011b jako podt\u00f3ny naprosto \u010dist\u00e9 a p\u0159irozen\u00e9 bobulov\u00e9 chuti.    <\/p>\n","protected":false},"excerpt":{"rendered":"<p>Kdo by nem\u011bl r\u00e1d p\u0159\u00edrodu a jej\u00ed dary? Chu\u0165 zral\u00fdch a \u0161\u0165avnat\u00fdch malin nenech\u00e1 nikoho lhostejn\u00fdm. D\u00edky p\u0159\u00edrodn\u00edm a vysoce kvalitn\u00edm surovin\u00e1m si naplno vychutn\u00e1te v\u016fni<span class=\"excerpt-hellip\"> [\u2026]<\/span><\/p>\n","protected":false},"featured_media":3232,"comment_status":"open","ping_status":"closed","template":"","meta":{"googlesitekit_rrm_CAowmrG7DA:productID":""},"product_brand":[],"product_cat":[543,542,568,817],"product_tag":[],"class_list":{"0":"post-17869","1":"product","2":"type-product","3":"status-publish","4":"has-post-thumbnail","6":"product_cat-65-mg-g-cs","7":"product_cat-bobule-cs","8":"product_cat-fedrs-ice-cool-hard-cs","9":"product_cat-nikotinove-sacky","11":"first","12":"instock","13":"taxable","14":"shipping-taxable","15":"product-type-variable","16":"has-default-attributes"},"yoast_head":"<!-- This site is optimized with the Yoast SEO Premium plugin v26.5 (Yoast SEO v27.3) - https:\/\/yoast.com\/product\/yoast-seo-premium-wordpress\/ -->\n<title>FEDRS Ice Cool Hard Raspberry Nikotinov\u00e9 s\u00e1\u010dky - 65 mg\/g<\/title>\n<meta name=\"description\" content=\"Nikotinov\u00e9 s\u00e1\u010dky Ice Cool Hard Raspberry s p\u0159irozen\u011b sladkou chut\u00ed. 65 mg\/g nikotinu. Za\u017eijte bohat\u00e9 bobulov\u00e9 aroma s jasnou ovocnou p\u0159\u00edchut\u00ed!\" \/>\n<meta name=\"robots\" content=\"index, follow, max-snippet:-1, max-image-preview:large, max-video-preview:-1\" \/>\n<link rel=\"canonical\" href=\"https:\/\/fedrs.eu\/cs\/shop\/fedrs-ice-cool-hard-raspberry\/\" \/>\n<meta property=\"og:locale\" content=\"cs_CZ\" \/>\n<meta property=\"og:type\" content=\"article\" \/>\n<meta property=\"og:title\" content=\"FEDRS Ice Cool Hard Raspberry\" \/>\n<meta property=\"og:description\" content=\"Nikotinov\u00e9 s\u00e1\u010dky Ice Cool Hard Raspberry s p\u0159irozen\u011b sladkou chut\u00ed. 65 mg\/g nikotinu. Za\u017eijte bohat\u00e9 bobulov\u00e9 aroma s jasnou ovocnou p\u0159\u00edchut\u00ed!\" \/>\n<meta property=\"og:url\" content=\"https:\/\/fedrs.eu\/cs\/shop\/fedrs-ice-cool-hard-raspberry\/\" \/>\n<meta property=\"og:site_name\" content=\"fedrs.eu\" \/>\n<meta property=\"article:modified_time\" content=\"2025-08-31T09:16:18+00:00\" \/>\n<meta property=\"og:image\" content=\"https:\/\/fedrs.eu\/wp-content\/uploads\/2024\/11\/RaspBerryHard0005-min.png\" \/>\n\t<meta property=\"og:image:width\" content=\"960\" \/>\n\t<meta property=\"og:image:height\" content=\"960\" \/>\n\t<meta property=\"og:image:type\" content=\"image\/png\" \/>\n<meta name=\"twitter:card\" content=\"summary_large_image\" \/>\n<meta name=\"twitter:label1\" content=\"Dostupnost\" \/>\n\t<meta name=\"twitter:data1\" content=\"Skladem\" \/>\n<script type=\"application\/ld+json\" class=\"yoast-schema-graph\">{\"@context\":\"https:\\\/\\\/schema.org\",\"@graph\":[{\"@type\":\"WebPage\",\"@id\":\"https:\\\/\\\/fedrs.eu\\\/cs\\\/shop\\\/fedrs-ice-cool-hard-raspberry\\\/\",\"url\":\"https:\\\/\\\/fedrs.eu\\\/cs\\\/shop\\\/fedrs-ice-cool-hard-raspberry\\\/\",\"name\":\"FEDRS Ice Cool Hard Raspberry Nikotinov\u00e9 s\u00e1\u010dky - 65 mg\\\/g\",\"isPartOf\":{\"@id\":\"https:\\\/\\\/fedrs.eu\\\/cs\\\/#website\"},\"primaryImageOfPage\":{\"@id\":\"https:\\\/\\\/fedrs.eu\\\/cs\\\/shop\\\/fedrs-ice-cool-hard-raspberry\\\/#primaryimage\"},\"image\":{\"@id\":\"https:\\\/\\\/fedrs.eu\\\/cs\\\/shop\\\/fedrs-ice-cool-hard-raspberry\\\/#primaryimage\"},\"thumbnailUrl\":\"https:\\\/\\\/fedrs.eu\\\/wp-content\\\/uploads\\\/2024\\\/11\\\/RaspBerryHard0005-min.png\",\"datePublished\":\"2024-11-26T14:49:07+00:00\",\"dateModified\":\"2025-08-31T09:16:18+00:00\",\"description\":\"Nikotinov\u00e9 s\u00e1\u010dky Ice Cool Hard Raspberry s p\u0159irozen\u011b sladkou chut\u00ed. 65 mg\\\/g nikotinu. Za\u017eijte bohat\u00e9 bobulov\u00e9 aroma s jasnou ovocnou p\u0159\u00edchut\u00ed!\",\"breadcrumb\":{\"@id\":\"https:\\\/\\\/fedrs.eu\\\/cs\\\/shop\\\/fedrs-ice-cool-hard-raspberry\\\/#breadcrumb\"},\"inLanguage\":\"cs\",\"potentialAction\":[{\"@type\":\"ReadAction\",\"target\":[\"https:\\\/\\\/fedrs.eu\\\/cs\\\/shop\\\/fedrs-ice-cool-hard-raspberry\\\/\"]}]},{\"@type\":\"ImageObject\",\"inLanguage\":\"cs\",\"@id\":\"https:\\\/\\\/fedrs.eu\\\/cs\\\/shop\\\/fedrs-ice-cool-hard-raspberry\\\/#primaryimage\",\"url\":\"https:\\\/\\\/fedrs.eu\\\/wp-content\\\/uploads\\\/2024\\\/11\\\/RaspBerryHard0005-min.png\",\"contentUrl\":\"https:\\\/\\\/fedrs.eu\\\/wp-content\\\/uploads\\\/2024\\\/11\\\/RaspBerryHard0005-min.png\",\"width\":960,\"height\":960},{\"@type\":\"BreadcrumbList\",\"@id\":\"https:\\\/\\\/fedrs.eu\\\/cs\\\/shop\\\/fedrs-ice-cool-hard-raspberry\\\/#breadcrumb\",\"itemListElement\":[{\"@type\":\"ListItem\",\"position\":1,\"name\":\"Home\",\"item\":\"https:\\\/\\\/fedrs.eu\\\/cs\\\/\"},{\"@type\":\"ListItem\",\"position\":2,\"name\":\"Obchod\",\"item\":\"https:\\\/\\\/fedrs.eu\\\/cs\\\/shop\\\/\"},{\"@type\":\"ListItem\",\"position\":3,\"name\":\"FEDRS Ice Cool Hard Raspberry\"}]},{\"@type\":\"WebSite\",\"@id\":\"https:\\\/\\\/fedrs.eu\\\/cs\\\/#website\",\"url\":\"https:\\\/\\\/fedrs.eu\\\/cs\\\/\",\"name\":\"fedrs.eu\",\"description\":\"\",\"publisher\":{\"@id\":\"https:\\\/\\\/fedrs.eu\\\/cs\\\/#organization\"},\"potentialAction\":[{\"@type\":\"SearchAction\",\"target\":{\"@type\":\"EntryPoint\",\"urlTemplate\":\"https:\\\/\\\/fedrs.eu\\\/cs\\\/?s={search_term_string}\"},\"query-input\":{\"@type\":\"PropertyValueSpecification\",\"valueRequired\":true,\"valueName\":\"search_term_string\"}}],\"inLanguage\":\"cs\"},{\"@type\":\"Organization\",\"@id\":\"https:\\\/\\\/fedrs.eu\\\/cs\\\/#organization\",\"name\":\"Fedrs sp.z o.o\",\"url\":\"https:\\\/\\\/fedrs.eu\\\/cs\\\/\",\"logo\":{\"@type\":\"ImageObject\",\"inLanguage\":\"cs\",\"@id\":\"https:\\\/\\\/fedrs.eu\\\/cs\\\/#\\\/schema\\\/logo\\\/image\\\/\",\"url\":\"https:\\\/\\\/fedrs.eu\\\/wp-content\\\/uploads\\\/2024\\\/12\\\/image-52.png\",\"contentUrl\":\"https:\\\/\\\/fedrs.eu\\\/wp-content\\\/uploads\\\/2024\\\/12\\\/image-52.png\",\"width\":97,\"height\":30,\"caption\":\"Fedrs sp.z o.o\"},\"image\":{\"@id\":\"https:\\\/\\\/fedrs.eu\\\/cs\\\/#\\\/schema\\\/logo\\\/image\\\/\"},\"publishingPrinciples\":\"https:\\\/\\\/fedrs.eu\\\/terms-and-conditions\\\/\"}]}<\/script>\n<meta property=\"product:brand\" content=\"FEDRS Ice Cool Hard\" \/>\n<meta property=\"og:availability\" content=\"instock\" \/>\n<meta property=\"product:availability\" content=\"instock\" \/>\n<meta property=\"product:retailer_item_id\" content=\"01005\" \/>\n<meta property=\"product:condition\" content=\"new\" \/>\n<!-- \/ Yoast SEO Premium plugin. -->","yoast_head_json":{"title":"FEDRS Ice Cool Hard Raspberry Nikotinov\u00e9 s\u00e1\u010dky - 65 mg\/g","description":"Nikotinov\u00e9 s\u00e1\u010dky Ice Cool Hard Raspberry s p\u0159irozen\u011b sladkou chut\u00ed. 65 mg\/g nikotinu. Za\u017eijte bohat\u00e9 bobulov\u00e9 aroma s jasnou ovocnou p\u0159\u00edchut\u00ed!","robots":{"index":"index","follow":"follow","max-snippet":"max-snippet:-1","max-image-preview":"max-image-preview:large","max-video-preview":"max-video-preview:-1"},"canonical":"https:\/\/fedrs.eu\/cs\/shop\/fedrs-ice-cool-hard-raspberry\/","og_locale":"cs_CZ","og_type":"article","og_title":"FEDRS Ice Cool Hard Raspberry","og_description":"Nikotinov\u00e9 s\u00e1\u010dky Ice Cool Hard Raspberry s p\u0159irozen\u011b sladkou chut\u00ed. 65 mg\/g nikotinu. Za\u017eijte bohat\u00e9 bobulov\u00e9 aroma s jasnou ovocnou p\u0159\u00edchut\u00ed!","og_url":"https:\/\/fedrs.eu\/cs\/shop\/fedrs-ice-cool-hard-raspberry\/","og_site_name":"fedrs.eu","article_modified_time":"2025-08-31T09:16:18+00:00","og_image":[{"width":960,"height":960,"url":"https:\/\/fedrs.eu\/wp-content\/uploads\/2024\/11\/RaspBerryHard0005-min.png","type":"image\/png"}],"twitter_card":"summary_large_image","twitter_misc":{"Dostupnost":"Skladem"},"schema":{"@context":"https:\/\/schema.org","@graph":[{"@type":"WebPage","@id":"https:\/\/fedrs.eu\/cs\/shop\/fedrs-ice-cool-hard-raspberry\/","url":"https:\/\/fedrs.eu\/cs\/shop\/fedrs-ice-cool-hard-raspberry\/","name":"FEDRS Ice Cool Hard Raspberry Nikotinov\u00e9 s\u00e1\u010dky - 65 mg\/g","isPartOf":{"@id":"https:\/\/fedrs.eu\/cs\/#website"},"primaryImageOfPage":{"@id":"https:\/\/fedrs.eu\/cs\/shop\/fedrs-ice-cool-hard-raspberry\/#primaryimage"},"image":{"@id":"https:\/\/fedrs.eu\/cs\/shop\/fedrs-ice-cool-hard-raspberry\/#primaryimage"},"thumbnailUrl":"https:\/\/fedrs.eu\/wp-content\/uploads\/2024\/11\/RaspBerryHard0005-min.png","datePublished":"2024-11-26T14:49:07+00:00","dateModified":"2025-08-31T09:16:18+00:00","description":"Nikotinov\u00e9 s\u00e1\u010dky Ice Cool Hard Raspberry s p\u0159irozen\u011b sladkou chut\u00ed. 65 mg\/g nikotinu. Za\u017eijte bohat\u00e9 bobulov\u00e9 aroma s jasnou ovocnou p\u0159\u00edchut\u00ed!","breadcrumb":{"@id":"https:\/\/fedrs.eu\/cs\/shop\/fedrs-ice-cool-hard-raspberry\/#breadcrumb"},"inLanguage":"cs","potentialAction":[{"@type":"ReadAction","target":["https:\/\/fedrs.eu\/cs\/shop\/fedrs-ice-cool-hard-raspberry\/"]}]},{"@type":"ImageObject","inLanguage":"cs","@id":"https:\/\/fedrs.eu\/cs\/shop\/fedrs-ice-cool-hard-raspberry\/#primaryimage","url":"https:\/\/fedrs.eu\/wp-content\/uploads\/2024\/11\/RaspBerryHard0005-min.png","contentUrl":"https:\/\/fedrs.eu\/wp-content\/uploads\/2024\/11\/RaspBerryHard0005-min.png","width":960,"height":960},{"@type":"BreadcrumbList","@id":"https:\/\/fedrs.eu\/cs\/shop\/fedrs-ice-cool-hard-raspberry\/#breadcrumb","itemListElement":[{"@type":"ListItem","position":1,"name":"Home","item":"https:\/\/fedrs.eu\/cs\/"},{"@type":"ListItem","position":2,"name":"Obchod","item":"https:\/\/fedrs.eu\/cs\/shop\/"},{"@type":"ListItem","position":3,"name":"FEDRS Ice Cool Hard Raspberry"}]},{"@type":"WebSite","@id":"https:\/\/fedrs.eu\/cs\/#website","url":"https:\/\/fedrs.eu\/cs\/","name":"fedrs.eu","description":"","publisher":{"@id":"https:\/\/fedrs.eu\/cs\/#organization"},"potentialAction":[{"@type":"SearchAction","target":{"@type":"EntryPoint","urlTemplate":"https:\/\/fedrs.eu\/cs\/?s={search_term_string}"},"query-input":{"@type":"PropertyValueSpecification","valueRequired":true,"valueName":"search_term_string"}}],"inLanguage":"cs"},{"@type":"Organization","@id":"https:\/\/fedrs.eu\/cs\/#organization","name":"Fedrs sp.z o.o","url":"https:\/\/fedrs.eu\/cs\/","logo":{"@type":"ImageObject","inLanguage":"cs","@id":"https:\/\/fedrs.eu\/cs\/#\/schema\/logo\/image\/","url":"https:\/\/fedrs.eu\/wp-content\/uploads\/2024\/12\/image-52.png","contentUrl":"https:\/\/fedrs.eu\/wp-content\/uploads\/2024\/12\/image-52.png","width":97,"height":30,"caption":"Fedrs sp.z o.o"},"image":{"@id":"https:\/\/fedrs.eu\/cs\/#\/schema\/logo\/image\/"},"publishingPrinciples":"https:\/\/fedrs.eu\/terms-and-conditions\/"}]},"product_brand":"FEDRS Ice Cool Hard","og_availability":"instock","product_availability":"instock","product_retailer_item_id":"01005","product_condition":"new"},"_links":{"self":[{"href":"https:\/\/fedrs.eu\/cs\/wp-json\/wp\/v2\/product\/17869","targetHints":{"allow":["GET"]}}],"collection":[{"href":"https:\/\/fedrs.eu\/cs\/wp-json\/wp\/v2\/product"}],"about":[{"href":"https:\/\/fedrs.eu\/cs\/wp-json\/wp\/v2\/types\/product"}],"replies":[{"embeddable":true,"href":"https:\/\/fedrs.eu\/cs\/wp-json\/wp\/v2\/comments?post=17869"}],"wp:featuredmedia":[{"embeddable":true,"href":"https:\/\/fedrs.eu\/cs\/wp-json\/wp\/v2\/media\/3232"}],"wp:attachment":[{"href":"https:\/\/fedrs.eu\/cs\/wp-json\/wp\/v2\/media?parent=17869"}],"wp:term":[{"taxonomy":"product_brand","embeddable":true,"href":"https:\/\/fedrs.eu\/cs\/wp-json\/wp\/v2\/product_brand?post=17869"},{"taxonomy":"product_cat","embeddable":true,"href":"https:\/\/fedrs.eu\/cs\/wp-json\/wp\/v2\/product_cat?post=17869"},{"taxonomy":"product_tag","embeddable":true,"href":"https:\/\/fedrs.eu\/cs\/wp-json\/wp\/v2\/product_tag?post=17869"}],"curies":[{"name":"wp","href":"https:\/\/api.w.org\/{rel}","templated":true}]}}