{"id":17849,"date":"2024-11-26T13:38:45","date_gmt":"2024-11-26T13:38:45","guid":{"rendered":"https:\/\/fedrs.eu\/shop\/fedrs-ice-cool-hard-mint\/"},"modified":"2025-08-26T17:00:58","modified_gmt":"2025-08-26T15:00:58","slug":"fedrs-ice-cool-hard-mint","status":"publish","type":"product","link":"https:\/\/fedrs.eu\/cs\/shop\/fedrs-ice-cool-hard-mint\/","title":{"rendered":"FEDRS Ice Cool Hard Mint"},"content":{"rendered":"<p>FEDRS Ice Cool Hard Mint - mraziv\u00e1 m\u00e1tov\u00e1 sv\u011b\u017eest, kter\u00e1 v\u00e1m dod\u00e1 siln\u00fd punc radosti.<br \/>\nVysok\u00e1 koncentrace \u00fa\u010dinn\u00fdch l\u00e1tek v Mint Hard bude pro zku\u0161en\u00e9 milovn\u00edky produkt\u016f FEDRS skute\u010dn\u00fdm objevem. FEDRS Ice Cool Hard Mint je klasick\u00e1 mentolov\u00e1 p\u0159\u00edchu\u0165 se sladkou i chladivou vrstvou. Kombinace chlazen\u00e9 m\u00e1ty a ledu vytv\u00e1\u0159\u00ed \u010dist\u00fd a sv\u011b\u017e\u00ed n\u00e1dech a v\u00fddech. Spojen\u00ed chladiv\u00e9ho mentolu a ledov\u00e9 m\u00e1ty vytv\u00e1\u0159\u00ed sv\u011b\u017e\u00ed chu\u0165 se sladk\u00fdmi, sv\u011b\u017e\u00edmi t\u00f3ny, kter\u00e9 se nebudete moci naba\u017eit. Tato p\u0159\u00edchu\u0165 bude ide\u00e1ln\u00ed pro ka\u017edodenn\u00ed pou\u017e\u00edv\u00e1n\u00ed - mo\u017en\u00e1 dokonce nahrad\u00ed va\u0161e obl\u00edben\u00e9 \u017ev\u00fdka\u010dky!    <\/p>\n","protected":false},"excerpt":{"rendered":"<p>FEDRS Ice Cool Hard Mint - mraziv\u00e1 m\u00e1tov\u00e1 sv\u011b\u017eest, kter\u00e1 v\u00e1m dod\u00e1 siln\u00fd punc radosti. Vysok\u00e1 koncentrace \u00fa\u010dinn\u00fdch l\u00e1tek v Mint Hard bude pro zku\u0161en\u00e9 milovn\u00edky<span class=\"excerpt-hellip\"> [\u2026]<\/span><\/p>\n","protected":false},"featured_media":5279,"comment_status":"open","ping_status":"closed","template":"","meta":{"googlesitekit_rrm_CAowmrG7DA:productID":""},"product_brand":[],"product_cat":[543,568,610,817],"product_tag":[],"class_list":{"0":"post-17849","1":"product","2":"type-product","3":"status-publish","4":"has-post-thumbnail","6":"product_cat-65-mg-g-cs","7":"product_cat-fedrs-ice-cool-hard-cs","8":"product_cat-mata-a-mentol","9":"product_cat-nikotinove-sacky","11":"first","12":"instock","13":"taxable","14":"shipping-taxable","15":"product-type-variable","16":"has-default-attributes"},"yoast_head":"<!-- This site is optimized with the Yoast SEO Premium plugin v26.5 (Yoast SEO v27.3) - https:\/\/yoast.com\/product\/yoast-seo-premium-wordpress\/ -->\n<title>Nikotinov\u00e9 s\u00e1\u010dky FEDRS Ice Cool Hard Mint<\/title>\n<meta name=\"description\" content=\"Siln\u00e9 nikotinov\u00e9 s\u00e1\u010dky FEDRS Ice Cool Hard Mint o s\u00edle 65 mg\/g. Rychl\u00e9 dod\u00e1n\u00ed po cel\u00e9 zemi - u\u017eijte si mrazivou m\u00e1tovou sv\u011b\u017eest ji\u017e z\u00edtra!\" \/>\n<meta name=\"robots\" content=\"index, follow, max-snippet:-1, max-image-preview:large, max-video-preview:-1\" \/>\n<link rel=\"canonical\" href=\"https:\/\/fedrs.eu\/cs\/shop\/fedrs-ice-cool-hard-mint\/\" \/>\n<meta property=\"og:locale\" content=\"cs_CZ\" \/>\n<meta property=\"og:type\" content=\"article\" \/>\n<meta property=\"og:title\" content=\"FEDRS Ice Cool Hard Mint\" \/>\n<meta property=\"og:description\" content=\"Siln\u00e9 nikotinov\u00e9 s\u00e1\u010dky FEDRS Ice Cool Hard Mint o s\u00edle 65 mg\/g. Rychl\u00e9 dod\u00e1n\u00ed po cel\u00e9 zemi - u\u017eijte si mrazivou m\u00e1tovou sv\u011b\u017eest ji\u017e z\u00edtra!\" \/>\n<meta property=\"og:url\" content=\"https:\/\/fedrs.eu\/cs\/shop\/fedrs-ice-cool-hard-mint\/\" \/>\n<meta property=\"og:site_name\" content=\"fedrs.eu\" \/>\n<meta property=\"article:modified_time\" content=\"2025-08-26T15:00:58+00:00\" \/>\n<meta property=\"og:image\" content=\"https:\/\/fedrs.eu\/wp-content\/uploads\/2024\/11\/MintHard-1200x1200.png\" \/>\n\t<meta property=\"og:image:width\" content=\"1200\" \/>\n\t<meta property=\"og:image:height\" content=\"1200\" \/>\n\t<meta property=\"og:image:type\" content=\"image\/png\" \/>\n<meta name=\"twitter:card\" content=\"summary_large_image\" \/>\n<meta name=\"twitter:label1\" content=\"Dostupnost\" \/>\n\t<meta name=\"twitter:data1\" content=\"Skladem\" \/>\n<script type=\"application\/ld+json\" class=\"yoast-schema-graph\">{\"@context\":\"https:\\\/\\\/schema.org\",\"@graph\":[{\"@type\":\"WebPage\",\"@id\":\"https:\\\/\\\/fedrs.eu\\\/cs\\\/shop\\\/fedrs-ice-cool-hard-mint\\\/\",\"url\":\"https:\\\/\\\/fedrs.eu\\\/cs\\\/shop\\\/fedrs-ice-cool-hard-mint\\\/\",\"name\":\"Nikotinov\u00e9 s\u00e1\u010dky FEDRS Ice Cool Hard Mint\",\"isPartOf\":{\"@id\":\"https:\\\/\\\/fedrs.eu\\\/cs\\\/#website\"},\"primaryImageOfPage\":{\"@id\":\"https:\\\/\\\/fedrs.eu\\\/cs\\\/shop\\\/fedrs-ice-cool-hard-mint\\\/#primaryimage\"},\"image\":{\"@id\":\"https:\\\/\\\/fedrs.eu\\\/cs\\\/shop\\\/fedrs-ice-cool-hard-mint\\\/#primaryimage\"},\"thumbnailUrl\":\"https:\\\/\\\/fedrs.eu\\\/wp-content\\\/uploads\\\/2024\\\/11\\\/MintHard.png\",\"datePublished\":\"2024-11-26T13:38:45+00:00\",\"dateModified\":\"2025-08-26T15:00:58+00:00\",\"description\":\"Siln\u00e9 nikotinov\u00e9 s\u00e1\u010dky FEDRS Ice Cool Hard Mint o s\u00edle 65 mg\\\/g. Rychl\u00e9 dod\u00e1n\u00ed po cel\u00e9 zemi - u\u017eijte si mrazivou m\u00e1tovou sv\u011b\u017eest ji\u017e z\u00edtra!\",\"breadcrumb\":{\"@id\":\"https:\\\/\\\/fedrs.eu\\\/cs\\\/shop\\\/fedrs-ice-cool-hard-mint\\\/#breadcrumb\"},\"inLanguage\":\"cs\",\"potentialAction\":[{\"@type\":\"ReadAction\",\"target\":[\"https:\\\/\\\/fedrs.eu\\\/cs\\\/shop\\\/fedrs-ice-cool-hard-mint\\\/\"]}]},{\"@type\":\"ImageObject\",\"inLanguage\":\"cs\",\"@id\":\"https:\\\/\\\/fedrs.eu\\\/cs\\\/shop\\\/fedrs-ice-cool-hard-mint\\\/#primaryimage\",\"url\":\"https:\\\/\\\/fedrs.eu\\\/wp-content\\\/uploads\\\/2024\\\/11\\\/MintHard.png\",\"contentUrl\":\"https:\\\/\\\/fedrs.eu\\\/wp-content\\\/uploads\\\/2024\\\/11\\\/MintHard.png\",\"width\":2500,\"height\":2500,\"caption\":\"DoubleMintHard0005\"},{\"@type\":\"BreadcrumbList\",\"@id\":\"https:\\\/\\\/fedrs.eu\\\/cs\\\/shop\\\/fedrs-ice-cool-hard-mint\\\/#breadcrumb\",\"itemListElement\":[{\"@type\":\"ListItem\",\"position\":1,\"name\":\"Home\",\"item\":\"https:\\\/\\\/fedrs.eu\\\/cs\\\/\"},{\"@type\":\"ListItem\",\"position\":2,\"name\":\"Obchod\",\"item\":\"https:\\\/\\\/fedrs.eu\\\/cs\\\/shop\\\/\"},{\"@type\":\"ListItem\",\"position\":3,\"name\":\"FEDRS Ice Cool Hard Mint\"}]},{\"@type\":\"WebSite\",\"@id\":\"https:\\\/\\\/fedrs.eu\\\/cs\\\/#website\",\"url\":\"https:\\\/\\\/fedrs.eu\\\/cs\\\/\",\"name\":\"fedrs.eu\",\"description\":\"\",\"publisher\":{\"@id\":\"https:\\\/\\\/fedrs.eu\\\/cs\\\/#organization\"},\"potentialAction\":[{\"@type\":\"SearchAction\",\"target\":{\"@type\":\"EntryPoint\",\"urlTemplate\":\"https:\\\/\\\/fedrs.eu\\\/cs\\\/?s={search_term_string}\"},\"query-input\":{\"@type\":\"PropertyValueSpecification\",\"valueRequired\":true,\"valueName\":\"search_term_string\"}}],\"inLanguage\":\"cs\"},{\"@type\":\"Organization\",\"@id\":\"https:\\\/\\\/fedrs.eu\\\/cs\\\/#organization\",\"name\":\"Fedrs sp.z o.o\",\"url\":\"https:\\\/\\\/fedrs.eu\\\/cs\\\/\",\"logo\":{\"@type\":\"ImageObject\",\"inLanguage\":\"cs\",\"@id\":\"https:\\\/\\\/fedrs.eu\\\/cs\\\/#\\\/schema\\\/logo\\\/image\\\/\",\"url\":\"https:\\\/\\\/fedrs.eu\\\/wp-content\\\/uploads\\\/2024\\\/12\\\/image-52.png\",\"contentUrl\":\"https:\\\/\\\/fedrs.eu\\\/wp-content\\\/uploads\\\/2024\\\/12\\\/image-52.png\",\"width\":97,\"height\":30,\"caption\":\"Fedrs sp.z o.o\"},\"image\":{\"@id\":\"https:\\\/\\\/fedrs.eu\\\/cs\\\/#\\\/schema\\\/logo\\\/image\\\/\"},\"publishingPrinciples\":\"https:\\\/\\\/fedrs.eu\\\/terms-and-conditions\\\/\"}]}<\/script>\n<meta property=\"product:brand\" content=\"FEDRS Ice Cool Hard\" \/>\n<meta property=\"og:availability\" content=\"instock\" \/>\n<meta property=\"product:availability\" content=\"instock\" \/>\n<meta property=\"product:retailer_item_id\" content=\"01001\" \/>\n<meta property=\"product:condition\" content=\"new\" \/>\n<!-- \/ Yoast SEO Premium plugin. -->","yoast_head_json":{"title":"Nikotinov\u00e9 s\u00e1\u010dky FEDRS Ice Cool Hard Mint","description":"Siln\u00e9 nikotinov\u00e9 s\u00e1\u010dky FEDRS Ice Cool Hard Mint o s\u00edle 65 mg\/g. Rychl\u00e9 dod\u00e1n\u00ed po cel\u00e9 zemi - u\u017eijte si mrazivou m\u00e1tovou sv\u011b\u017eest ji\u017e z\u00edtra!","robots":{"index":"index","follow":"follow","max-snippet":"max-snippet:-1","max-image-preview":"max-image-preview:large","max-video-preview":"max-video-preview:-1"},"canonical":"https:\/\/fedrs.eu\/cs\/shop\/fedrs-ice-cool-hard-mint\/","og_locale":"cs_CZ","og_type":"article","og_title":"FEDRS Ice Cool Hard Mint","og_description":"Siln\u00e9 nikotinov\u00e9 s\u00e1\u010dky FEDRS Ice Cool Hard Mint o s\u00edle 65 mg\/g. Rychl\u00e9 dod\u00e1n\u00ed po cel\u00e9 zemi - u\u017eijte si mrazivou m\u00e1tovou sv\u011b\u017eest ji\u017e z\u00edtra!","og_url":"https:\/\/fedrs.eu\/cs\/shop\/fedrs-ice-cool-hard-mint\/","og_site_name":"fedrs.eu","article_modified_time":"2025-08-26T15:00:58+00:00","og_image":[{"width":1200,"height":1200,"url":"https:\/\/fedrs.eu\/wp-content\/uploads\/2024\/11\/MintHard-1200x1200.png","type":"image\/png"}],"twitter_card":"summary_large_image","twitter_misc":{"Dostupnost":"Skladem"},"schema":{"@context":"https:\/\/schema.org","@graph":[{"@type":"WebPage","@id":"https:\/\/fedrs.eu\/cs\/shop\/fedrs-ice-cool-hard-mint\/","url":"https:\/\/fedrs.eu\/cs\/shop\/fedrs-ice-cool-hard-mint\/","name":"Nikotinov\u00e9 s\u00e1\u010dky FEDRS Ice Cool Hard Mint","isPartOf":{"@id":"https:\/\/fedrs.eu\/cs\/#website"},"primaryImageOfPage":{"@id":"https:\/\/fedrs.eu\/cs\/shop\/fedrs-ice-cool-hard-mint\/#primaryimage"},"image":{"@id":"https:\/\/fedrs.eu\/cs\/shop\/fedrs-ice-cool-hard-mint\/#primaryimage"},"thumbnailUrl":"https:\/\/fedrs.eu\/wp-content\/uploads\/2024\/11\/MintHard.png","datePublished":"2024-11-26T13:38:45+00:00","dateModified":"2025-08-26T15:00:58+00:00","description":"Siln\u00e9 nikotinov\u00e9 s\u00e1\u010dky FEDRS Ice Cool Hard Mint o s\u00edle 65 mg\/g. Rychl\u00e9 dod\u00e1n\u00ed po cel\u00e9 zemi - u\u017eijte si mrazivou m\u00e1tovou sv\u011b\u017eest ji\u017e z\u00edtra!","breadcrumb":{"@id":"https:\/\/fedrs.eu\/cs\/shop\/fedrs-ice-cool-hard-mint\/#breadcrumb"},"inLanguage":"cs","potentialAction":[{"@type":"ReadAction","target":["https:\/\/fedrs.eu\/cs\/shop\/fedrs-ice-cool-hard-mint\/"]}]},{"@type":"ImageObject","inLanguage":"cs","@id":"https:\/\/fedrs.eu\/cs\/shop\/fedrs-ice-cool-hard-mint\/#primaryimage","url":"https:\/\/fedrs.eu\/wp-content\/uploads\/2024\/11\/MintHard.png","contentUrl":"https:\/\/fedrs.eu\/wp-content\/uploads\/2024\/11\/MintHard.png","width":2500,"height":2500,"caption":"DoubleMintHard0005"},{"@type":"BreadcrumbList","@id":"https:\/\/fedrs.eu\/cs\/shop\/fedrs-ice-cool-hard-mint\/#breadcrumb","itemListElement":[{"@type":"ListItem","position":1,"name":"Home","item":"https:\/\/fedrs.eu\/cs\/"},{"@type":"ListItem","position":2,"name":"Obchod","item":"https:\/\/fedrs.eu\/cs\/shop\/"},{"@type":"ListItem","position":3,"name":"FEDRS Ice Cool Hard Mint"}]},{"@type":"WebSite","@id":"https:\/\/fedrs.eu\/cs\/#website","url":"https:\/\/fedrs.eu\/cs\/","name":"fedrs.eu","description":"","publisher":{"@id":"https:\/\/fedrs.eu\/cs\/#organization"},"potentialAction":[{"@type":"SearchAction","target":{"@type":"EntryPoint","urlTemplate":"https:\/\/fedrs.eu\/cs\/?s={search_term_string}"},"query-input":{"@type":"PropertyValueSpecification","valueRequired":true,"valueName":"search_term_string"}}],"inLanguage":"cs"},{"@type":"Organization","@id":"https:\/\/fedrs.eu\/cs\/#organization","name":"Fedrs sp.z o.o","url":"https:\/\/fedrs.eu\/cs\/","logo":{"@type":"ImageObject","inLanguage":"cs","@id":"https:\/\/fedrs.eu\/cs\/#\/schema\/logo\/image\/","url":"https:\/\/fedrs.eu\/wp-content\/uploads\/2024\/12\/image-52.png","contentUrl":"https:\/\/fedrs.eu\/wp-content\/uploads\/2024\/12\/image-52.png","width":97,"height":30,"caption":"Fedrs sp.z o.o"},"image":{"@id":"https:\/\/fedrs.eu\/cs\/#\/schema\/logo\/image\/"},"publishingPrinciples":"https:\/\/fedrs.eu\/terms-and-conditions\/"}]},"product_brand":"FEDRS Ice Cool Hard","og_availability":"instock","product_availability":"instock","product_retailer_item_id":"01001","product_condition":"new"},"_links":{"self":[{"href":"https:\/\/fedrs.eu\/cs\/wp-json\/wp\/v2\/product\/17849","targetHints":{"allow":["GET"]}}],"collection":[{"href":"https:\/\/fedrs.eu\/cs\/wp-json\/wp\/v2\/product"}],"about":[{"href":"https:\/\/fedrs.eu\/cs\/wp-json\/wp\/v2\/types\/product"}],"replies":[{"embeddable":true,"href":"https:\/\/fedrs.eu\/cs\/wp-json\/wp\/v2\/comments?post=17849"}],"wp:featuredmedia":[{"embeddable":true,"href":"https:\/\/fedrs.eu\/cs\/wp-json\/wp\/v2\/media\/5279"}],"wp:attachment":[{"href":"https:\/\/fedrs.eu\/cs\/wp-json\/wp\/v2\/media?parent=17849"}],"wp:term":[{"taxonomy":"product_brand","embeddable":true,"href":"https:\/\/fedrs.eu\/cs\/wp-json\/wp\/v2\/product_brand?post=17849"},{"taxonomy":"product_cat","embeddable":true,"href":"https:\/\/fedrs.eu\/cs\/wp-json\/wp\/v2\/product_cat?post=17849"},{"taxonomy":"product_tag","embeddable":true,"href":"https:\/\/fedrs.eu\/cs\/wp-json\/wp\/v2\/product_tag?post=17849"}],"curies":[{"name":"wp","href":"https:\/\/api.w.org\/{rel}","templated":true}]}}