{"id":17791,"date":"2024-11-17T22:51:41","date_gmt":"2024-11-17T22:51:41","guid":{"rendered":"https:\/\/fedrs.eu\/shop\/energeticky-napoj-stripe-light\/"},"modified":"2025-08-26T16:50:37","modified_gmt":"2025-08-26T14:50:37","slug":"energeticky-napoj-stripe-light","status":"publish","type":"product","link":"https:\/\/fedrs.eu\/cs\/shop\/energeticky-napoj-stripe-light\/","title":{"rendered":"STRIPE Light Energy Drink"},"content":{"rendered":"<p>Vychutnejte si m\u00edrn\u00e9 vzru\u0161en\u00ed z nikotinov\u00fdch s\u00e1\u010dk\u016f Stripe Energy Drink, 10 mg\/g. Tyto s\u00e1\u010dky s lehkou a osv\u011b\u017euj\u00edc\u00ed chut\u00ed energetick\u00e9ho n\u00e1poje poskytuj\u00ed jemn\u00fd nikotinov\u00fd z\u00e1\u017eitek, tak\u017ee jsou ide\u00e1ln\u00ed pro jemn\u00e9 povzbuzen\u00ed b\u011bhem dne. <\/p>\n","protected":false},"excerpt":{"rendered":"<div class=\"descrip_p\">\n<div class=\"product-pstyle\"><\/div>\n<p>Osv\u011b\u017euj\u00edc\u00ed chu\u0165 energetick\u00e9ho n\u00e1poje, jemn\u00e9 vzru\u0161en\u00ed<\/p>\n<\/div>\n","protected":false},"featured_media":4848,"comment_status":"open","ping_status":"closed","template":"","meta":{"googlesitekit_rrm_CAowmrG7DA:productID":""},"product_brand":[],"product_cat":[655,616,817,603],"product_tag":[],"class_list":{"0":"post-17791","1":"product","2":"type-product","3":"status-publish","4":"has-post-thumbnail","6":"product_cat-10-mg-g-cs","7":"product_cat-napoje-cs","8":"product_cat-nikotinove-sacky","9":"product_cat-stripe-cs","11":"first","12":"outofstock","13":"taxable","14":"shipping-taxable","15":"product-type-variable","16":"has-default-attributes"},"yoast_head":"<!-- This site is optimized with the Yoast SEO Premium plugin v26.5 (Yoast SEO v27.2) - https:\/\/yoast.com\/product\/yoast-seo-premium-wordpress\/ -->\n<title>STRIPE Light Energy Drink - nikotinov\u00e9 s\u00e1\u010dky | 10 mg\/g<\/title>\n<meta name=\"description\" content=\"O\u017eivte sv\u00e9 smysly s nikotinov\u00fdmi s\u00e1\u010dky Stripe Light Energy Drink. Vychutnejte si chu\u0165 energetick\u00e9ho n\u00e1poje s nejni\u017e\u0161\u00edm obsahem nikotinu.\" \/>\n<meta name=\"robots\" content=\"index, follow, max-snippet:-1, max-image-preview:large, max-video-preview:-1\" \/>\n<link rel=\"canonical\" href=\"https:\/\/fedrs.eu\/cs\/shop\/energeticky-napoj-stripe-light\/\" \/>\n<meta property=\"og:locale\" content=\"cs_CZ\" \/>\n<meta property=\"og:type\" content=\"article\" \/>\n<meta property=\"og:title\" content=\"STRIPE Light Energy Drink\" \/>\n<meta property=\"og:description\" content=\"O\u017eivte sv\u00e9 smysly s nikotinov\u00fdmi s\u00e1\u010dky Stripe Light Energy Drink. Vychutnejte si chu\u0165 energetick\u00e9ho n\u00e1poje s nejni\u017e\u0161\u00edm obsahem nikotinu.\" \/>\n<meta property=\"og:url\" content=\"https:\/\/fedrs.eu\/cs\/shop\/energeticky-napoj-stripe-light\/\" \/>\n<meta property=\"og:site_name\" content=\"fedrs.eu\" \/>\n<meta property=\"article:modified_time\" content=\"2025-08-26T14:50:37+00:00\" \/>\n<meta property=\"og:image\" content=\"https:\/\/fedrs.eu\/wp-content\/uploads\/2024\/11\/stripeenegydrink111-min.png\" \/>\n\t<meta property=\"og:image:width\" content=\"960\" \/>\n\t<meta property=\"og:image:height\" content=\"960\" \/>\n\t<meta property=\"og:image:type\" content=\"image\/png\" \/>\n<meta name=\"twitter:card\" content=\"summary_large_image\" \/>\n<meta name=\"twitter:label1\" content=\"Dostupnost\" \/>\n\t<meta name=\"twitter:data1\" content=\"Vyprod\u00e1no\" \/>\n<script type=\"application\/ld+json\" class=\"yoast-schema-graph\">{\"@context\":\"https:\/\/schema.org\",\"@graph\":[{\"@type\":\"WebPage\",\"@id\":\"https:\/\/fedrs.eu\/cs\/shop\/energeticky-napoj-stripe-light\/\",\"url\":\"https:\/\/fedrs.eu\/cs\/shop\/energeticky-napoj-stripe-light\/\",\"name\":\"STRIPE Light Energy Drink - nikotinov\u00e9 s\u00e1\u010dky | 10 mg\/g\",\"isPartOf\":{\"@id\":\"https:\/\/fedrs.eu\/cs\/#website\"},\"primaryImageOfPage\":{\"@id\":\"https:\/\/fedrs.eu\/cs\/shop\/energeticky-napoj-stripe-light\/#primaryimage\"},\"image\":{\"@id\":\"https:\/\/fedrs.eu\/cs\/shop\/energeticky-napoj-stripe-light\/#primaryimage\"},\"thumbnailUrl\":\"https:\/\/fedrs.eu\/wp-content\/uploads\/2024\/11\/stripeenegydrink111-min.png\",\"datePublished\":\"2024-11-17T22:51:41+00:00\",\"dateModified\":\"2025-08-26T14:50:37+00:00\",\"description\":\"O\u017eivte sv\u00e9 smysly s nikotinov\u00fdmi s\u00e1\u010dky Stripe Light Energy Drink. Vychutnejte si chu\u0165 energetick\u00e9ho n\u00e1poje s nejni\u017e\u0161\u00edm obsahem nikotinu.\",\"breadcrumb\":{\"@id\":\"https:\/\/fedrs.eu\/cs\/shop\/energeticky-napoj-stripe-light\/#breadcrumb\"},\"inLanguage\":\"cs\",\"potentialAction\":[{\"@type\":\"ReadAction\",\"target\":[\"https:\/\/fedrs.eu\/cs\/shop\/energeticky-napoj-stripe-light\/\"]}]},{\"@type\":\"ImageObject\",\"inLanguage\":\"cs\",\"@id\":\"https:\/\/fedrs.eu\/cs\/shop\/energeticky-napoj-stripe-light\/#primaryimage\",\"url\":\"https:\/\/fedrs.eu\/wp-content\/uploads\/2024\/11\/stripeenegydrink111-min.png\",\"contentUrl\":\"https:\/\/fedrs.eu\/wp-content\/uploads\/2024\/11\/stripeenegydrink111-min.png\",\"width\":960,\"height\":960},{\"@type\":\"BreadcrumbList\",\"@id\":\"https:\/\/fedrs.eu\/cs\/shop\/energeticky-napoj-stripe-light\/#breadcrumb\",\"itemListElement\":[{\"@type\":\"ListItem\",\"position\":1,\"name\":\"Home\",\"item\":\"https:\/\/fedrs.eu\/cs\/\"},{\"@type\":\"ListItem\",\"position\":2,\"name\":\"Obchod\",\"item\":\"https:\/\/fedrs.eu\/cs\/shop\/\"},{\"@type\":\"ListItem\",\"position\":3,\"name\":\"STRIPE Light Energy Drink\"}]},{\"@type\":\"WebSite\",\"@id\":\"https:\/\/fedrs.eu\/cs\/#website\",\"url\":\"https:\/\/fedrs.eu\/cs\/\",\"name\":\"fedrs.eu\",\"description\":\"\",\"publisher\":{\"@id\":\"https:\/\/fedrs.eu\/cs\/#organization\"},\"potentialAction\":[{\"@type\":\"SearchAction\",\"target\":{\"@type\":\"EntryPoint\",\"urlTemplate\":\"https:\/\/fedrs.eu\/cs\/?s={search_term_string}\"},\"query-input\":{\"@type\":\"PropertyValueSpecification\",\"valueRequired\":true,\"valueName\":\"search_term_string\"}}],\"inLanguage\":\"cs\"},{\"@type\":\"Organization\",\"@id\":\"https:\/\/fedrs.eu\/cs\/#organization\",\"name\":\"Fedrs sp.z o.o\",\"url\":\"https:\/\/fedrs.eu\/cs\/\",\"logo\":{\"@type\":\"ImageObject\",\"inLanguage\":\"cs\",\"@id\":\"https:\/\/fedrs.eu\/cs\/#\/schema\/logo\/image\/\",\"url\":\"https:\/\/fedrs.eu\/wp-content\/uploads\/2024\/12\/image-52.png\",\"contentUrl\":\"https:\/\/fedrs.eu\/wp-content\/uploads\/2024\/12\/image-52.png\",\"width\":97,\"height\":30,\"caption\":\"Fedrs sp.z o.o\"},\"image\":{\"@id\":\"https:\/\/fedrs.eu\/cs\/#\/schema\/logo\/image\/\"},\"publishingPrinciples\":\"https:\/\/fedrs.eu\/terms-and-conditions\/\"}]}<\/script>\n<meta property=\"product:brand\" content=\"Stripe\" \/>\n<meta property=\"og:availability\" content=\"out of stock\" \/>\n<meta property=\"product:availability\" content=\"out of stock\" \/>\n<meta property=\"product:retailer_item_id\" content=\"03002\" \/>\n<meta property=\"product:condition\" content=\"new\" \/>\n<!-- \/ Yoast SEO Premium plugin. -->","yoast_head_json":{"title":"STRIPE Light Energy Drink - nikotinov\u00e9 s\u00e1\u010dky | 10 mg\/g","description":"O\u017eivte sv\u00e9 smysly s nikotinov\u00fdmi s\u00e1\u010dky Stripe Light Energy Drink. Vychutnejte si chu\u0165 energetick\u00e9ho n\u00e1poje s nejni\u017e\u0161\u00edm obsahem nikotinu.","robots":{"index":"index","follow":"follow","max-snippet":"max-snippet:-1","max-image-preview":"max-image-preview:large","max-video-preview":"max-video-preview:-1"},"canonical":"https:\/\/fedrs.eu\/cs\/shop\/energeticky-napoj-stripe-light\/","og_locale":"cs_CZ","og_type":"article","og_title":"STRIPE Light Energy Drink","og_description":"O\u017eivte sv\u00e9 smysly s nikotinov\u00fdmi s\u00e1\u010dky Stripe Light Energy Drink. Vychutnejte si chu\u0165 energetick\u00e9ho n\u00e1poje s nejni\u017e\u0161\u00edm obsahem nikotinu.","og_url":"https:\/\/fedrs.eu\/cs\/shop\/energeticky-napoj-stripe-light\/","og_site_name":"fedrs.eu","article_modified_time":"2025-08-26T14:50:37+00:00","og_image":[{"width":960,"height":960,"url":"https:\/\/fedrs.eu\/wp-content\/uploads\/2024\/11\/stripeenegydrink111-min.png","type":"image\/png"}],"twitter_card":"summary_large_image","twitter_misc":{"Dostupnost":"Vyprod\u00e1no"},"schema":{"@context":"https:\/\/schema.org","@graph":[{"@type":"WebPage","@id":"https:\/\/fedrs.eu\/cs\/shop\/energeticky-napoj-stripe-light\/","url":"https:\/\/fedrs.eu\/cs\/shop\/energeticky-napoj-stripe-light\/","name":"STRIPE Light Energy Drink - nikotinov\u00e9 s\u00e1\u010dky | 10 mg\/g","isPartOf":{"@id":"https:\/\/fedrs.eu\/cs\/#website"},"primaryImageOfPage":{"@id":"https:\/\/fedrs.eu\/cs\/shop\/energeticky-napoj-stripe-light\/#primaryimage"},"image":{"@id":"https:\/\/fedrs.eu\/cs\/shop\/energeticky-napoj-stripe-light\/#primaryimage"},"thumbnailUrl":"https:\/\/fedrs.eu\/wp-content\/uploads\/2024\/11\/stripeenegydrink111-min.png","datePublished":"2024-11-17T22:51:41+00:00","dateModified":"2025-08-26T14:50:37+00:00","description":"O\u017eivte sv\u00e9 smysly s nikotinov\u00fdmi s\u00e1\u010dky Stripe Light Energy Drink. Vychutnejte si chu\u0165 energetick\u00e9ho n\u00e1poje s nejni\u017e\u0161\u00edm obsahem nikotinu.","breadcrumb":{"@id":"https:\/\/fedrs.eu\/cs\/shop\/energeticky-napoj-stripe-light\/#breadcrumb"},"inLanguage":"cs","potentialAction":[{"@type":"ReadAction","target":["https:\/\/fedrs.eu\/cs\/shop\/energeticky-napoj-stripe-light\/"]}]},{"@type":"ImageObject","inLanguage":"cs","@id":"https:\/\/fedrs.eu\/cs\/shop\/energeticky-napoj-stripe-light\/#primaryimage","url":"https:\/\/fedrs.eu\/wp-content\/uploads\/2024\/11\/stripeenegydrink111-min.png","contentUrl":"https:\/\/fedrs.eu\/wp-content\/uploads\/2024\/11\/stripeenegydrink111-min.png","width":960,"height":960},{"@type":"BreadcrumbList","@id":"https:\/\/fedrs.eu\/cs\/shop\/energeticky-napoj-stripe-light\/#breadcrumb","itemListElement":[{"@type":"ListItem","position":1,"name":"Home","item":"https:\/\/fedrs.eu\/cs\/"},{"@type":"ListItem","position":2,"name":"Obchod","item":"https:\/\/fedrs.eu\/cs\/shop\/"},{"@type":"ListItem","position":3,"name":"STRIPE Light Energy Drink"}]},{"@type":"WebSite","@id":"https:\/\/fedrs.eu\/cs\/#website","url":"https:\/\/fedrs.eu\/cs\/","name":"fedrs.eu","description":"","publisher":{"@id":"https:\/\/fedrs.eu\/cs\/#organization"},"potentialAction":[{"@type":"SearchAction","target":{"@type":"EntryPoint","urlTemplate":"https:\/\/fedrs.eu\/cs\/?s={search_term_string}"},"query-input":{"@type":"PropertyValueSpecification","valueRequired":true,"valueName":"search_term_string"}}],"inLanguage":"cs"},{"@type":"Organization","@id":"https:\/\/fedrs.eu\/cs\/#organization","name":"Fedrs sp.z o.o","url":"https:\/\/fedrs.eu\/cs\/","logo":{"@type":"ImageObject","inLanguage":"cs","@id":"https:\/\/fedrs.eu\/cs\/#\/schema\/logo\/image\/","url":"https:\/\/fedrs.eu\/wp-content\/uploads\/2024\/12\/image-52.png","contentUrl":"https:\/\/fedrs.eu\/wp-content\/uploads\/2024\/12\/image-52.png","width":97,"height":30,"caption":"Fedrs sp.z o.o"},"image":{"@id":"https:\/\/fedrs.eu\/cs\/#\/schema\/logo\/image\/"},"publishingPrinciples":"https:\/\/fedrs.eu\/terms-and-conditions\/"}]},"product_brand":"Stripe","og_availability":"out of stock","product_availability":"out of stock","product_retailer_item_id":"03002","product_condition":"new"},"_links":{"self":[{"href":"https:\/\/fedrs.eu\/cs\/wp-json\/wp\/v2\/product\/17791","targetHints":{"allow":["GET"]}}],"collection":[{"href":"https:\/\/fedrs.eu\/cs\/wp-json\/wp\/v2\/product"}],"about":[{"href":"https:\/\/fedrs.eu\/cs\/wp-json\/wp\/v2\/types\/product"}],"replies":[{"embeddable":true,"href":"https:\/\/fedrs.eu\/cs\/wp-json\/wp\/v2\/comments?post=17791"}],"wp:featuredmedia":[{"embeddable":true,"href":"https:\/\/fedrs.eu\/cs\/wp-json\/wp\/v2\/media\/4848"}],"wp:attachment":[{"href":"https:\/\/fedrs.eu\/cs\/wp-json\/wp\/v2\/media?parent=17791"}],"wp:term":[{"taxonomy":"product_brand","embeddable":true,"href":"https:\/\/fedrs.eu\/cs\/wp-json\/wp\/v2\/product_brand?post=17791"},{"taxonomy":"product_cat","embeddable":true,"href":"https:\/\/fedrs.eu\/cs\/wp-json\/wp\/v2\/product_cat?post=17791"},{"taxonomy":"product_tag","embeddable":true,"href":"https:\/\/fedrs.eu\/cs\/wp-json\/wp\/v2\/product_tag?post=17791"}],"curies":[{"name":"wp","href":"https:\/\/api.w.org\/{rel}","templated":true}]}}