{"id":17780,"date":"2024-11-17T22:50:20","date_gmt":"2024-11-17T22:50:20","guid":{"rendered":"https:\/\/fedrs.eu\/shop\/stripe-medium-citrus\/"},"modified":"2025-08-26T16:50:51","modified_gmt":"2025-08-26T14:50:51","slug":"stripe-medium-citrus","status":"publish","type":"product","link":"https:\/\/fedrs.eu\/cs\/shop\/stripe-medium-citrus\/","title":{"rendered":"STRIPE Medium Citrus"},"content":{"rendered":"<p>Vychutnejte si nikotinov\u00e9 s\u00e1\u010dky Stripe Citrus, 20 mg\/g. D\u00edky vyv\u00e1\u017een\u00e9 sm\u011bsi citrusov\u00fdch p\u0159\u00edchut\u00ed a st\u0159edn\u00ed s\u00edle nikotinu jsou tyto s\u00e1\u010dky ide\u00e1ln\u00ed pro osv\u011b\u017euj\u00edc\u00ed a povzbuzuj\u00edc\u00ed z\u00e1\u017eitek b\u011bhem cel\u00e9ho dne. <\/p>\n","protected":false},"excerpt":{"rendered":"<div class=\"descrip_p\">\n<div class=\"product-pstyle\"><\/div>\n<p>Vyv\u00e1\u017een\u00e1 citrusov\u00e1 chu\u0165, m\u00edrn\u00e1 k\u016fra<\/p>\n<\/div>\n","protected":false},"featured_media":4788,"comment_status":"open","ping_status":"closed","template":"","meta":{"googlesitekit_rrm_CAowmrG7DA:productID":""},"product_brand":[],"product_cat":[639,631,817,603],"product_tag":[],"class_list":{"0":"post-17780","1":"product","2":"type-product","3":"status-publish","4":"has-post-thumbnail","6":"product_cat-20-mg-g-cs","7":"product_cat-citrus-cs","8":"product_cat-nikotinove-sacky","9":"product_cat-stripe-cs","11":"first","12":"instock","13":"taxable","14":"shipping-taxable","15":"product-type-variable","16":"has-default-attributes"},"yoast_head":"<!-- This site is optimized with the Yoast SEO Premium plugin v26.5 (Yoast SEO v27.3) - https:\/\/yoast.com\/product\/yoast-seo-premium-wordpress\/ -->\n<title>STRIPE Medium Citrus Nikotinov\u00e9 s\u00e1\u010dky | 20 mg\/g<\/title>\n<meta name=\"description\" content=\"Vychutnejte si povzbuzuj\u00edc\u00ed chu\u0165 nikotinov\u00fdch s\u00e1\u010dk\u016f Stripe Medium Citrus s 20 mg\/g nikotinu. Tyto s\u00e1\u010dky jsou ide\u00e1ln\u00ed pro siln\u00fd z\u00e1\u017eitek.\" \/>\n<meta name=\"robots\" content=\"index, follow, max-snippet:-1, max-image-preview:large, max-video-preview:-1\" \/>\n<link rel=\"canonical\" href=\"https:\/\/fedrs.eu\/cs\/shop\/stripe-medium-citrus\/\" \/>\n<meta property=\"og:locale\" content=\"cs_CZ\" \/>\n<meta property=\"og:type\" content=\"article\" \/>\n<meta property=\"og:title\" content=\"STRIPE Medium Citrus\" \/>\n<meta property=\"og:description\" content=\"Vychutnejte si povzbuzuj\u00edc\u00ed chu\u0165 nikotinov\u00fdch s\u00e1\u010dk\u016f Stripe Medium Citrus s 20 mg\/g nikotinu. Tyto s\u00e1\u010dky jsou ide\u00e1ln\u00ed pro siln\u00fd z\u00e1\u017eitek.\" \/>\n<meta property=\"og:url\" content=\"https:\/\/fedrs.eu\/cs\/shop\/stripe-medium-citrus\/\" \/>\n<meta property=\"og:site_name\" content=\"fedrs.eu\" \/>\n<meta property=\"article:modified_time\" content=\"2025-08-26T14:50:51+00:00\" \/>\n<meta property=\"og:image\" content=\"https:\/\/fedrs.eu\/wp-content\/uploads\/2024\/11\/stripecitrus11-min.png\" \/>\n\t<meta property=\"og:image:width\" content=\"960\" \/>\n\t<meta property=\"og:image:height\" content=\"960\" \/>\n\t<meta property=\"og:image:type\" content=\"image\/png\" \/>\n<meta name=\"twitter:card\" content=\"summary_large_image\" \/>\n<meta name=\"twitter:label1\" content=\"Dostupnost\" \/>\n\t<meta name=\"twitter:data1\" content=\"Skladem\" \/>\n<script type=\"application\/ld+json\" class=\"yoast-schema-graph\">{\"@context\":\"https:\\\/\\\/schema.org\",\"@graph\":[{\"@type\":\"WebPage\",\"@id\":\"https:\\\/\\\/fedrs.eu\\\/cs\\\/shop\\\/stripe-medium-citrus\\\/\",\"url\":\"https:\\\/\\\/fedrs.eu\\\/cs\\\/shop\\\/stripe-medium-citrus\\\/\",\"name\":\"STRIPE Medium Citrus Nikotinov\u00e9 s\u00e1\u010dky | 20 mg\\\/g\",\"isPartOf\":{\"@id\":\"https:\\\/\\\/fedrs.eu\\\/cs\\\/#website\"},\"primaryImageOfPage\":{\"@id\":\"https:\\\/\\\/fedrs.eu\\\/cs\\\/shop\\\/stripe-medium-citrus\\\/#primaryimage\"},\"image\":{\"@id\":\"https:\\\/\\\/fedrs.eu\\\/cs\\\/shop\\\/stripe-medium-citrus\\\/#primaryimage\"},\"thumbnailUrl\":\"https:\\\/\\\/fedrs.eu\\\/wp-content\\\/uploads\\\/2024\\\/11\\\/stripecitrus11-min.png\",\"datePublished\":\"2024-11-17T22:50:20+00:00\",\"dateModified\":\"2025-08-26T14:50:51+00:00\",\"description\":\"Vychutnejte si povzbuzuj\u00edc\u00ed chu\u0165 nikotinov\u00fdch s\u00e1\u010dk\u016f Stripe Medium Citrus s 20 mg\\\/g nikotinu. Tyto s\u00e1\u010dky jsou ide\u00e1ln\u00ed pro siln\u00fd z\u00e1\u017eitek.\",\"breadcrumb\":{\"@id\":\"https:\\\/\\\/fedrs.eu\\\/cs\\\/shop\\\/stripe-medium-citrus\\\/#breadcrumb\"},\"inLanguage\":\"cs\",\"potentialAction\":[{\"@type\":\"ReadAction\",\"target\":[\"https:\\\/\\\/fedrs.eu\\\/cs\\\/shop\\\/stripe-medium-citrus\\\/\"]}]},{\"@type\":\"ImageObject\",\"inLanguage\":\"cs\",\"@id\":\"https:\\\/\\\/fedrs.eu\\\/cs\\\/shop\\\/stripe-medium-citrus\\\/#primaryimage\",\"url\":\"https:\\\/\\\/fedrs.eu\\\/wp-content\\\/uploads\\\/2024\\\/11\\\/stripecitrus11-min.png\",\"contentUrl\":\"https:\\\/\\\/fedrs.eu\\\/wp-content\\\/uploads\\\/2024\\\/11\\\/stripecitrus11-min.png\",\"width\":960,\"height\":960},{\"@type\":\"BreadcrumbList\",\"@id\":\"https:\\\/\\\/fedrs.eu\\\/cs\\\/shop\\\/stripe-medium-citrus\\\/#breadcrumb\",\"itemListElement\":[{\"@type\":\"ListItem\",\"position\":1,\"name\":\"Home\",\"item\":\"https:\\\/\\\/fedrs.eu\\\/cs\\\/\"},{\"@type\":\"ListItem\",\"position\":2,\"name\":\"Obchod\",\"item\":\"https:\\\/\\\/fedrs.eu\\\/cs\\\/shop\\\/\"},{\"@type\":\"ListItem\",\"position\":3,\"name\":\"STRIPE Medium Citrus\"}]},{\"@type\":\"WebSite\",\"@id\":\"https:\\\/\\\/fedrs.eu\\\/cs\\\/#website\",\"url\":\"https:\\\/\\\/fedrs.eu\\\/cs\\\/\",\"name\":\"fedrs.eu\",\"description\":\"\",\"publisher\":{\"@id\":\"https:\\\/\\\/fedrs.eu\\\/cs\\\/#organization\"},\"potentialAction\":[{\"@type\":\"SearchAction\",\"target\":{\"@type\":\"EntryPoint\",\"urlTemplate\":\"https:\\\/\\\/fedrs.eu\\\/cs\\\/?s={search_term_string}\"},\"query-input\":{\"@type\":\"PropertyValueSpecification\",\"valueRequired\":true,\"valueName\":\"search_term_string\"}}],\"inLanguage\":\"cs\"},{\"@type\":\"Organization\",\"@id\":\"https:\\\/\\\/fedrs.eu\\\/cs\\\/#organization\",\"name\":\"Fedrs sp.z o.o\",\"url\":\"https:\\\/\\\/fedrs.eu\\\/cs\\\/\",\"logo\":{\"@type\":\"ImageObject\",\"inLanguage\":\"cs\",\"@id\":\"https:\\\/\\\/fedrs.eu\\\/cs\\\/#\\\/schema\\\/logo\\\/image\\\/\",\"url\":\"https:\\\/\\\/fedrs.eu\\\/wp-content\\\/uploads\\\/2024\\\/12\\\/image-52.png\",\"contentUrl\":\"https:\\\/\\\/fedrs.eu\\\/wp-content\\\/uploads\\\/2024\\\/12\\\/image-52.png\",\"width\":97,\"height\":30,\"caption\":\"Fedrs sp.z o.o\"},\"image\":{\"@id\":\"https:\\\/\\\/fedrs.eu\\\/cs\\\/#\\\/schema\\\/logo\\\/image\\\/\"},\"publishingPrinciples\":\"https:\\\/\\\/fedrs.eu\\\/terms-and-conditions\\\/\"}]}<\/script>\n<meta property=\"product:brand\" content=\"Stripe\" \/>\n<meta property=\"og:availability\" content=\"instock\" \/>\n<meta property=\"product:availability\" content=\"instock\" \/>\n<meta property=\"product:retailer_item_id\" content=\"03007\" \/>\n<meta property=\"product:condition\" content=\"new\" \/>\n<!-- \/ Yoast SEO Premium plugin. -->","yoast_head_json":{"title":"STRIPE Medium Citrus Nikotinov\u00e9 s\u00e1\u010dky | 20 mg\/g","description":"Vychutnejte si povzbuzuj\u00edc\u00ed chu\u0165 nikotinov\u00fdch s\u00e1\u010dk\u016f Stripe Medium Citrus s 20 mg\/g nikotinu. Tyto s\u00e1\u010dky jsou ide\u00e1ln\u00ed pro siln\u00fd z\u00e1\u017eitek.","robots":{"index":"index","follow":"follow","max-snippet":"max-snippet:-1","max-image-preview":"max-image-preview:large","max-video-preview":"max-video-preview:-1"},"canonical":"https:\/\/fedrs.eu\/cs\/shop\/stripe-medium-citrus\/","og_locale":"cs_CZ","og_type":"article","og_title":"STRIPE Medium Citrus","og_description":"Vychutnejte si povzbuzuj\u00edc\u00ed chu\u0165 nikotinov\u00fdch s\u00e1\u010dk\u016f Stripe Medium Citrus s 20 mg\/g nikotinu. Tyto s\u00e1\u010dky jsou ide\u00e1ln\u00ed pro siln\u00fd z\u00e1\u017eitek.","og_url":"https:\/\/fedrs.eu\/cs\/shop\/stripe-medium-citrus\/","og_site_name":"fedrs.eu","article_modified_time":"2025-08-26T14:50:51+00:00","og_image":[{"width":960,"height":960,"url":"https:\/\/fedrs.eu\/wp-content\/uploads\/2024\/11\/stripecitrus11-min.png","type":"image\/png"}],"twitter_card":"summary_large_image","twitter_misc":{"Dostupnost":"Skladem"},"schema":{"@context":"https:\/\/schema.org","@graph":[{"@type":"WebPage","@id":"https:\/\/fedrs.eu\/cs\/shop\/stripe-medium-citrus\/","url":"https:\/\/fedrs.eu\/cs\/shop\/stripe-medium-citrus\/","name":"STRIPE Medium Citrus Nikotinov\u00e9 s\u00e1\u010dky | 20 mg\/g","isPartOf":{"@id":"https:\/\/fedrs.eu\/cs\/#website"},"primaryImageOfPage":{"@id":"https:\/\/fedrs.eu\/cs\/shop\/stripe-medium-citrus\/#primaryimage"},"image":{"@id":"https:\/\/fedrs.eu\/cs\/shop\/stripe-medium-citrus\/#primaryimage"},"thumbnailUrl":"https:\/\/fedrs.eu\/wp-content\/uploads\/2024\/11\/stripecitrus11-min.png","datePublished":"2024-11-17T22:50:20+00:00","dateModified":"2025-08-26T14:50:51+00:00","description":"Vychutnejte si povzbuzuj\u00edc\u00ed chu\u0165 nikotinov\u00fdch s\u00e1\u010dk\u016f Stripe Medium Citrus s 20 mg\/g nikotinu. Tyto s\u00e1\u010dky jsou ide\u00e1ln\u00ed pro siln\u00fd z\u00e1\u017eitek.","breadcrumb":{"@id":"https:\/\/fedrs.eu\/cs\/shop\/stripe-medium-citrus\/#breadcrumb"},"inLanguage":"cs","potentialAction":[{"@type":"ReadAction","target":["https:\/\/fedrs.eu\/cs\/shop\/stripe-medium-citrus\/"]}]},{"@type":"ImageObject","inLanguage":"cs","@id":"https:\/\/fedrs.eu\/cs\/shop\/stripe-medium-citrus\/#primaryimage","url":"https:\/\/fedrs.eu\/wp-content\/uploads\/2024\/11\/stripecitrus11-min.png","contentUrl":"https:\/\/fedrs.eu\/wp-content\/uploads\/2024\/11\/stripecitrus11-min.png","width":960,"height":960},{"@type":"BreadcrumbList","@id":"https:\/\/fedrs.eu\/cs\/shop\/stripe-medium-citrus\/#breadcrumb","itemListElement":[{"@type":"ListItem","position":1,"name":"Home","item":"https:\/\/fedrs.eu\/cs\/"},{"@type":"ListItem","position":2,"name":"Obchod","item":"https:\/\/fedrs.eu\/cs\/shop\/"},{"@type":"ListItem","position":3,"name":"STRIPE Medium Citrus"}]},{"@type":"WebSite","@id":"https:\/\/fedrs.eu\/cs\/#website","url":"https:\/\/fedrs.eu\/cs\/","name":"fedrs.eu","description":"","publisher":{"@id":"https:\/\/fedrs.eu\/cs\/#organization"},"potentialAction":[{"@type":"SearchAction","target":{"@type":"EntryPoint","urlTemplate":"https:\/\/fedrs.eu\/cs\/?s={search_term_string}"},"query-input":{"@type":"PropertyValueSpecification","valueRequired":true,"valueName":"search_term_string"}}],"inLanguage":"cs"},{"@type":"Organization","@id":"https:\/\/fedrs.eu\/cs\/#organization","name":"Fedrs sp.z o.o","url":"https:\/\/fedrs.eu\/cs\/","logo":{"@type":"ImageObject","inLanguage":"cs","@id":"https:\/\/fedrs.eu\/cs\/#\/schema\/logo\/image\/","url":"https:\/\/fedrs.eu\/wp-content\/uploads\/2024\/12\/image-52.png","contentUrl":"https:\/\/fedrs.eu\/wp-content\/uploads\/2024\/12\/image-52.png","width":97,"height":30,"caption":"Fedrs sp.z o.o"},"image":{"@id":"https:\/\/fedrs.eu\/cs\/#\/schema\/logo\/image\/"},"publishingPrinciples":"https:\/\/fedrs.eu\/terms-and-conditions\/"}]},"product_brand":"Stripe","og_availability":"instock","product_availability":"instock","product_retailer_item_id":"03007","product_condition":"new"},"_links":{"self":[{"href":"https:\/\/fedrs.eu\/cs\/wp-json\/wp\/v2\/product\/17780","targetHints":{"allow":["GET"]}}],"collection":[{"href":"https:\/\/fedrs.eu\/cs\/wp-json\/wp\/v2\/product"}],"about":[{"href":"https:\/\/fedrs.eu\/cs\/wp-json\/wp\/v2\/types\/product"}],"replies":[{"embeddable":true,"href":"https:\/\/fedrs.eu\/cs\/wp-json\/wp\/v2\/comments?post=17780"}],"wp:featuredmedia":[{"embeddable":true,"href":"https:\/\/fedrs.eu\/cs\/wp-json\/wp\/v2\/media\/4788"}],"wp:attachment":[{"href":"https:\/\/fedrs.eu\/cs\/wp-json\/wp\/v2\/media?parent=17780"}],"wp:term":[{"taxonomy":"product_brand","embeddable":true,"href":"https:\/\/fedrs.eu\/cs\/wp-json\/wp\/v2\/product_brand?post=17780"},{"taxonomy":"product_cat","embeddable":true,"href":"https:\/\/fedrs.eu\/cs\/wp-json\/wp\/v2\/product_cat?post=17780"},{"taxonomy":"product_tag","embeddable":true,"href":"https:\/\/fedrs.eu\/cs\/wp-json\/wp\/v2\/product_tag?post=17780"}],"curies":[{"name":"wp","href":"https:\/\/api.w.org\/{rel}","templated":true}]}}